{"id":11661,"date":"2011-01-29T16:30:52","date_gmt":"2011-01-29T15:30:52","guid":{"rendered":"http:\/\/klubmamgdynia.pl\/index.php\/produkt\/mega-creative-narzedzia-zabawka\/"},"modified":"2026-04-03T10:31:06","modified_gmt":"2026-04-03T08:31:06","slug":"mega-creative-narzedzia-zabawka","status":"publish","type":"product","link":"http:\/\/klubmamgdynia.pl\/index.php\/produkt\/mega-creative-narzedzia-zabawka\/","title":{"rendered":"Mega Creative Narz\u0119dzia &#8211; Zabawka"},"content":{"rendered":"<p>Zestaw z narz\u0119dziami firmy EURO-TRADE. Znajdziemy w nim komplet plastikowych narz\u0119dzi, w sk\u0142ad kt\u00f3rego wchodzi: klucz francuski, szczypce, no\u017cyk, linijka. Akcesoria mo\u017cemy wykorzysta\u0107 do skr\u0119cania do\u0142\u0105czonych \u015brub, nakr\u0119tek i p\u0142ytek z otworami na \u015brubek. Wszystkie elementy zosta\u0142y wykonane z wytrzyma\u0142ego plastiku, dlatego powinny wytrzyma\u0107 nawet energiczne zabawy. Kolory, w kt\u00f3rych wykonano akcesoria, nawi\u0105zuj\u0105 do barw u\u017cywanych przy produkcji prawdziwych narz\u0119dzi.Wymiary opakowani&#8230;<\/p>\n<h2>Mega Creative Narz\u0119dzia &#8211; Zabawka Mega Creative<\/h2>\n<p>cytaty o przyja\u017ani, sporty po francusku, imi\u0119 iwo, wiersz o g\u00f3rniku, laurka na urodziny do druku, jaki prezent na roczek, weso\u0142e pisanki tekst, ko\u0142ysanki dla dzieci tekst<\/p>\n<p>yyyyy<\/p>\n<p>&nbsp;<\/p>\n","protected":false},"excerpt":{"rendered":"<p>Zestaw z narz\u0119dziami firmy EURO-TRADE. Znajdziemy w nim komplet plastikowych narz\u0119dzi, w sk\u0142ad kt\u00f3rego wchodzi: klucz francuski, szczypce, no\u017cyk, linijka. Akcesoria mo\u017cemy wykorzysta\u0107 do skr\u0119cania do\u0142\u0105czonych \u015brub, nakr\u0119tek i p\u0142ytek z otworami na \u015brubek. Wszystkie elementy zosta\u0142y wykonane z wytrzyma\u0142ego plastiku, dlatego powinny wytrzyma\u0107 nawet energiczne zabawy. Kolory, w kt\u00f3rych wykonano akcesoria, nawi\u0105zuj\u0105 do barw [&hellip;]<\/p>\n","protected":false},"featured_media":11662,"comment_status":"closed","ping_status":"open","template":"","meta":[],"product_cat":[53,64],"product_tag":[598,696,689],"class_list":["post-11661","product","type-product","status-publish","has-post-thumbnail","hentry","product_cat-kaciki-zabaw","product_cat-mega-creative","product_tag-co-na-roczek-dla-dziewczynki","product_tag-film-rodzinny-o-swietach","product_tag-linda"],"_links":{"self":[{"href":"http:\/\/klubmamgdynia.pl\/index.php\/wp-json\/wp\/v2\/product\/11661","targetHints":{"allow":["GET"]}}],"collection":[{"href":"http:\/\/klubmamgdynia.pl\/index.php\/wp-json\/wp\/v2\/product"}],"about":[{"href":"http:\/\/klubmamgdynia.pl\/index.php\/wp-json\/wp\/v2\/types\/product"}],"replies":[{"embeddable":true,"href":"http:\/\/klubmamgdynia.pl\/index.php\/wp-json\/wp\/v2\/comments?post=11661"}],"wp:featuredmedia":[{"embeddable":true,"href":"http:\/\/klubmamgdynia.pl\/index.php\/wp-json\/wp\/v2\/media\/11662"}],"wp:attachment":[{"href":"http:\/\/klubmamgdynia.pl\/index.php\/wp-json\/wp\/v2\/media?parent=11661"}],"wp:term":[{"taxonomy":"product_cat","embeddable":true,"href":"http:\/\/klubmamgdynia.pl\/index.php\/wp-json\/wp\/v2\/product_cat?post=11661"},{"taxonomy":"product_tag","embeddable":true,"href":"http:\/\/klubmamgdynia.pl\/index.php\/wp-json\/wp\/v2\/product_tag?post=11661"}],"curies":[{"name":"wp","href":"https:\/\/api.w.org\/{rel}","templated":true}]}}