{"id":11663,"date":"2025-05-20T23:28:37","date_gmt":"2025-05-20T21:28:37","guid":{"rendered":"http:\/\/klubmamgdynia.pl\/?post_type=product&#038;p=11663"},"modified":"2026-05-17T22:23:48","modified_gmt":"2026-05-17T20:23:48","slug":"zamek-paronimow-i-pszczolki-robotnice","status":"publish","type":"product","link":"http:\/\/klubmamgdynia.pl\/index.php\/produkt\/zamek-paronimow-i-pszczolki-robotnice\/","title":{"rendered":"Zamek Paronim\u00f3w I Pszcz\u00f3\u0142ki Robotnice"},"content":{"rendered":"<p>Zamek Paronim\u00f3w paronimyGra przeznaczona do \u0107wicze\u0144 s\u0142uchu fonemowego. Gra\u0107 mo\u017ce od 2 do 4 dzieci. Rozpoczyna gracz, kt\u00f3ry wyrzuci\u0142 6 oczek. Przesuwa si\u0119 on do przodu o tyle p\u00f3l ile uzyska\u0142 w rzucie kostk\u0105, dodatkowo wymawiaj\u0105c poprawnie paronimy na mijanych polach. Wygrywa osoba, kt\u00f3ra pierwsza dotrze pionkami do swojego domku. Napotkanego na danym polu rywala mo\u017cna wyrzuci\u0107, w\u00f3wczas jest on zmuszony do rozpocz\u0119cia gry swoim pionkiem od nowa. W grze mo\u017cna wykorzysta\u0107 od 1 do 3 pionk\u00f3w.Pszcz\u00f3\u0142ki Robotnice r (nag\u0142os, \u015br\u00f3dg\u0142os, wyg\u0142os)Gra przeznaczona jest do \u0107wicze\u0144 g\u0142oski r (nag\u0142os, \u015br\u00f3dg\u0142os, wyg\u0142os). Gra\u0107 mo\u017ce od 2 do 4 graczy. Gra polega na przej\u015bciu pionkiem (pionkami) po plastrze miodu. Start nast\u0119puje z pierwszych czterech p\u00f3l plastra miodu le\u017c\u0105cych po przeciwnej stronie wybranego przez gracza domku (domki to cztery wydzielone pola z obramowaniem w kolorze czerwonym, \u017c\u00f3\u0142tym, niebieskim i zielonym). W grze mo\u017cna wykorzysta\u0107 od 1 do 4 pionk\u00f3w. Gr\u0119 rozpoczyna gracz, kt\u00f3ry wyrzuci kostk\u0105 6 oczek. W\u00f3wczas ustawia si\u0119 on na dowolnym polu po przeciwnej stronie (przek\u0105tnej) domku. Nast\u0119pnie rzucaj\u0105c kostk\u0105 przesuwa si\u0119 o liczb\u0119 p\u00f3l, kt\u00f3re wskazuje kostka. Przesuwaj\u0105c pionek gracz musi nazwa\u0107 napotkane po drodze obrazki. W przypadku wyrzucenia 6 oczek, graczowi przys\u0142uguje dodatkowy rzut kostk\u0105. Je\u017celi pionek gracza zatrzyma si\u0119 na polu, gdzie stoi pionek przeciwnika, nast\u0119puje jego str\u0105cenie do punktu startu. Ruch pionka mo\u017ce odbywa\u0107 si\u0119 do przodu, w linii prostej lub po przek\u0105tnej. Wygrywa gracz, kt\u00f3ry pierwszy ustawi swoje pionki w domku. TYTU\u0141 2 GRY ZAMEK PARONIM\u00d3W\/PSZCZ\u00d3\u0141KI ROBOTNICE WYDAWCA KOMLOGO EAN 5900238482812 Znajd\u017a podobne wed\u0142ug klucza: KOMLOGO GRY ZAMEK (168582)<\/p>\n<h2>Zamek Paronim\u00f3w I Pszcz\u00f3\u0142ki Robotnice Komlogo<\/h2>\n<p>wierszyki o marzannie, cytaty o mi\u0142o\u015bci do dziecka, dobre zagadki logiczne, prezent dla dwunastolatka, miasto dzieci.pl, tezeusz, zagadki dla 7 latka, zagadki dla dzieci 6-7 lat online, dziwne zagadki, miko\u0142ajek &#8211; test z odpowiedziami<\/p>\n<p>yyyyy<\/p>\n<p>&nbsp;<\/p>\n","protected":false},"excerpt":{"rendered":"<p>Zamek Paronim\u00f3w paronimyGra przeznaczona do \u0107wicze\u0144 s\u0142uchu fonemowego. Gra\u0107 mo\u017ce od 2 do 4 dzieci. Rozpoczyna gracz, kt\u00f3ry wyrzuci\u0142 6 oczek. Przesuwa si\u0119 on do przodu o tyle p\u00f3l ile uzyska\u0142 w rzucie kostk\u0105, dodatkowo wymawiaj\u0105c poprawnie paronimy na mijanych polach. Wygrywa osoba, kt\u00f3ra pierwsza dotrze pionkami do swojego domku. Napotkanego na danym polu rywala [&hellip;]<\/p>\n","protected":false},"featured_media":11664,"comment_status":"closed","ping_status":"open","template":"","meta":[],"product_cat":[130,2058],"product_tag":[644,749,652,718,708],"class_list":["post-11663","product","type-product","status-publish","has-post-thumbnail","hentry","product_cat-gry-dzieciece","product_cat-komlogo","product_tag-mia","product_tag-najlepsze-zarty-na-prima-aprilis","product_tag-otto","product_tag-prezent-na-roczek-dla-chrzesniaka","product_tag-zabawy-ruchowe-dla-dzieci"],"_links":{"self":[{"href":"http:\/\/klubmamgdynia.pl\/index.php\/wp-json\/wp\/v2\/product\/11663","targetHints":{"allow":["GET"]}}],"collection":[{"href":"http:\/\/klubmamgdynia.pl\/index.php\/wp-json\/wp\/v2\/product"}],"about":[{"href":"http:\/\/klubmamgdynia.pl\/index.php\/wp-json\/wp\/v2\/types\/product"}],"replies":[{"embeddable":true,"href":"http:\/\/klubmamgdynia.pl\/index.php\/wp-json\/wp\/v2\/comments?post=11663"}],"wp:featuredmedia":[{"embeddable":true,"href":"http:\/\/klubmamgdynia.pl\/index.php\/wp-json\/wp\/v2\/media\/11664"}],"wp:attachment":[{"href":"http:\/\/klubmamgdynia.pl\/index.php\/wp-json\/wp\/v2\/media?parent=11663"}],"wp:term":[{"taxonomy":"product_cat","embeddable":true,"href":"http:\/\/klubmamgdynia.pl\/index.php\/wp-json\/wp\/v2\/product_cat?post=11663"},{"taxonomy":"product_tag","embeddable":true,"href":"http:\/\/klubmamgdynia.pl\/index.php\/wp-json\/wp\/v2\/product_tag?post=11663"}],"curies":[{"name":"wp","href":"https:\/\/api.w.org\/{rel}","templated":true}]}}