{"id":11667,"date":"2016-07-31T01:47:03","date_gmt":"2016-07-30T23:47:03","guid":{"rendered":"http:\/\/klubmamgdynia.pl\/index.php\/produkt\/gra-planszowa-franckh-kosmos-ubongo-brain-games-wersja-niemiecka\/"},"modified":"2026-04-03T21:02:41","modified_gmt":"2026-04-03T19:02:41","slug":"gra-planszowa-franckh-kosmos-ubongo-brain-games-wersja-niemiecka","status":"publish","type":"product","link":"http:\/\/klubmamgdynia.pl\/index.php\/produkt\/gra-planszowa-franckh-kosmos-ubongo-brain-games-wersja-niemiecka\/","title":{"rendered":"Gra planszowa Franckh-Kosmos Ubongo Brain Games (wersja niemiecka)"},"content":{"rendered":"<p>Ubongo mit unterschiedlichen Schwierigkeitsstufen f\u00fcr Hirn-Akrobaten. Level f\u00fcr Level steigert sich der Schwierigkeitsgrad. Geschicklichkeitsspiel im handlichen Format und praktisch f\u00fcr unterwegs. Solo-Puzzle und Reisespiel mit 200 unterschiedlichen Aufgaben. Knobelspiel f\u00fcr Kinder ab 8 Jahren. Spieldauer des Legespiels: ca. 5 min. Gro\u00dfer Knobel-Spa\u00df f\u00fcr eine Person! Bei diesem Legespiel geht es mit einfachen Aufgaben los. Level f\u00fcr Level steigert sich der Schwierigkeitsgrad und die Puzzleaufgaben auf der transparenten Oberfl\u00e4che werden immer komplexer. Das Ziel des Spiels? Irgendwann die 200 Level zu knacken! Ob im Auto oder im Zug, auf dem Pausenhof oder im Kinderzimmer- ab jetzt ist das Knobelspiel f\u00fcr Kinder immer dabei. Die handliche Box mit integrierter Schublade ist ein tolles Geburtstagsgeschenk und Mitbringsel f\u00fcr Brain-Games-Fans!<\/p>\n<h2>Gra planszowa Franckh-Kosmos Ubongo Brain Games (wersja niemiecka) <\/h2>\n<p>bajki na dobranoc psi patrol, maski dla dzieci do druku, zagadki z odpowiedziami, krok jak narysowa\u0107 konia<\/p>\n<p>yyyyy<\/p>\n<p>&nbsp;<\/p>\n","protected":false},"excerpt":{"rendered":"<p>Ubongo mit unterschiedlichen Schwierigkeitsstufen f\u00fcr Hirn-Akrobaten. Level f\u00fcr Level steigert sich der Schwierigkeitsgrad. Geschicklichkeitsspiel im handlichen Format und praktisch f\u00fcr unterwegs. Solo-Puzzle und Reisespiel mit 200 unterschiedlichen Aufgaben. Knobelspiel f\u00fcr Kinder ab 8 Jahren. Spieldauer des Legespiels: ca. 5 min. Gro\u00dfer Knobel-Spa\u00df f\u00fcr eine Person! Bei diesem Legespiel geht es mit einfachen Aufgaben los. Level [&hellip;]<\/p>\n","protected":false},"featured_media":11668,"comment_status":"closed","ping_status":"open","template":"","meta":[],"product_cat":[235],"product_tag":[839,671,792,729],"class_list":["post-11667","product","type-product","status-publish","has-post-thumbnail","hentry","product_cat-gry-planszowe","product_tag-bajki-na-dobranoc-do-czytania","product_tag-cicha-noc-po-angielsku-tekst","product_tag-cytaty-o-mamie","product_tag-madre-bajki-dla-dzieci-do-czytania"],"_links":{"self":[{"href":"http:\/\/klubmamgdynia.pl\/index.php\/wp-json\/wp\/v2\/product\/11667","targetHints":{"allow":["GET"]}}],"collection":[{"href":"http:\/\/klubmamgdynia.pl\/index.php\/wp-json\/wp\/v2\/product"}],"about":[{"href":"http:\/\/klubmamgdynia.pl\/index.php\/wp-json\/wp\/v2\/types\/product"}],"replies":[{"embeddable":true,"href":"http:\/\/klubmamgdynia.pl\/index.php\/wp-json\/wp\/v2\/comments?post=11667"}],"wp:featuredmedia":[{"embeddable":true,"href":"http:\/\/klubmamgdynia.pl\/index.php\/wp-json\/wp\/v2\/media\/11668"}],"wp:attachment":[{"href":"http:\/\/klubmamgdynia.pl\/index.php\/wp-json\/wp\/v2\/media?parent=11667"}],"wp:term":[{"taxonomy":"product_cat","embeddable":true,"href":"http:\/\/klubmamgdynia.pl\/index.php\/wp-json\/wp\/v2\/product_cat?post=11667"},{"taxonomy":"product_tag","embeddable":true,"href":"http:\/\/klubmamgdynia.pl\/index.php\/wp-json\/wp\/v2\/product_tag?post=11667"}],"curies":[{"name":"wp","href":"https:\/\/api.w.org\/{rel}","templated":true}]}}