{"id":11669,"date":"2016-12-16T16:07:51","date_gmt":"2016-12-16T15:07:51","guid":{"rendered":"http:\/\/klubmamgdynia.pl\/index.php\/produkt\/elefun-klocki-policja-zatrzymanie-ciezarowki1929\/"},"modified":"2026-04-29T00:20:33","modified_gmt":"2026-04-28T22:20:33","slug":"elefun-klocki-policja-zatrzymanie-ciezarowki1929","status":"publish","type":"product","link":"http:\/\/klubmamgdynia.pl\/index.php\/produkt\/elefun-klocki-policja-zatrzymanie-ciezarowki1929\/","title":{"rendered":"Elefun Klocki Policja Zatrzymanie Ci\u0119\u017car\u00f3wki(1929)"},"content":{"rendered":"<p>Klocki Elefun Policja Zatrzymanie ci\u0119\u017car\u00f3wkiKlocki rozwijaj\u0105 kreatywno\u015b\u0107 i zmys\u0142 konstrukcyjny Twojego dziecka.Zestaw sk\u0142ada si\u0119 z 441 klock\u00f3w.Umo\u017cliwia z\u0142o\u017cenie ci\u0119\u017car\u00f3wki lawety i samochodu po\u015bcigowego.Samoch\u00f3d policyjny mo\u017cna zaparkowa\u0107 na lawecie.W zestawie s\u0105 4 figurki: 2 policjant\u00f3w i 2 przest\u0119pc\u00f3w.Klocki s\u0105 bardzo \u0142adne, kolory s\u0105 \u017cywe, posiadaj\u0105 wiele detali.<\/p>\n<h2>Elefun Klocki Policja Zatrzymanie Ci\u0119\u017car\u00f3wki(1929) Elefun<\/h2>\n<p>przeczytaj mi wiersz, konkurs dla dzieci, sentencje o przyja\u017ani, prezenty dla m\u0142odzie\u017cy, quiz o akademii pana kleksa, imi\u0119 dla dziewczynki 2019, co kupi\u0107 dziewczynce na roczek, na wyspach bergamutach tekst, lol do druku, cytaty korczak, pan twardowski na ksi\u0119\u017cycu wiersz, kolorowanki na dzie\u0144 niepodleg\u0142o\u015bci do wydruku<\/p>\n<p>yyyyy<\/p>\n<p>&nbsp;<\/p>\n","protected":false},"excerpt":{"rendered":"<p>Klocki Elefun Policja Zatrzymanie ci\u0119\u017car\u00f3wkiKlocki rozwijaj\u0105 kreatywno\u015b\u0107 i zmys\u0142 konstrukcyjny Twojego dziecka.Zestaw sk\u0142ada si\u0119 z 441 klock\u00f3w.Umo\u017cliwia z\u0142o\u017cenie ci\u0119\u017car\u00f3wki lawety i samochodu po\u015bcigowego.Samoch\u00f3d policyjny mo\u017cna zaparkowa\u0107 na lawecie.W zestawie s\u0105 4 figurki: 2 policjant\u00f3w i 2 przest\u0119pc\u00f3w.Klocki s\u0105 bardzo \u0142adne, kolory s\u0105 \u017cywe, posiadaj\u0105 wiele detali. Elefun Klocki Policja Zatrzymanie Ci\u0119\u017car\u00f3wki(1929) Elefun przeczytaj mi wiersz, [&hellip;]<\/p>\n","protected":false},"featured_media":11670,"comment_status":"closed","ping_status":"open","template":"","meta":[],"product_cat":[2059,113],"product_tag":[853,655,762,809],"class_list":["post-11669","product","type-product","status-publish","has-post-thumbnail","hentry","product_cat-elefun","product_cat-klocki","product_tag-kolorowanki-do-druku-dla-doroslych","product_tag-najlepsze-zagadki","product_tag-trudne-zagadki-dla-dzieci","product_tag-zagadki"],"_links":{"self":[{"href":"http:\/\/klubmamgdynia.pl\/index.php\/wp-json\/wp\/v2\/product\/11669","targetHints":{"allow":["GET"]}}],"collection":[{"href":"http:\/\/klubmamgdynia.pl\/index.php\/wp-json\/wp\/v2\/product"}],"about":[{"href":"http:\/\/klubmamgdynia.pl\/index.php\/wp-json\/wp\/v2\/types\/product"}],"replies":[{"embeddable":true,"href":"http:\/\/klubmamgdynia.pl\/index.php\/wp-json\/wp\/v2\/comments?post=11669"}],"wp:featuredmedia":[{"embeddable":true,"href":"http:\/\/klubmamgdynia.pl\/index.php\/wp-json\/wp\/v2\/media\/11670"}],"wp:attachment":[{"href":"http:\/\/klubmamgdynia.pl\/index.php\/wp-json\/wp\/v2\/media?parent=11669"}],"wp:term":[{"taxonomy":"product_cat","embeddable":true,"href":"http:\/\/klubmamgdynia.pl\/index.php\/wp-json\/wp\/v2\/product_cat?post=11669"},{"taxonomy":"product_tag","embeddable":true,"href":"http:\/\/klubmamgdynia.pl\/index.php\/wp-json\/wp\/v2\/product_tag?post=11669"}],"curies":[{"name":"wp","href":"https:\/\/api.w.org\/{rel}","templated":true}]}}