{"id":11671,"date":"2020-12-12T00:20:18","date_gmt":"2020-12-11T23:20:18","guid":{"rendered":"http:\/\/klubmamgdynia.pl\/index.php\/produkt\/gra-planszowa-alexander-terapia-labirynt\/"},"modified":"2026-05-17T22:13:02","modified_gmt":"2026-05-17T20:13:02","slug":"gra-planszowa-alexander-terapia-labirynt","status":"publish","type":"product","link":"http:\/\/klubmamgdynia.pl\/index.php\/produkt\/gra-planszowa-alexander-terapia-labirynt\/","title":{"rendered":"Gra planszowa Alexander Terapia Labirynt"},"content":{"rendered":"<p>Zabawa terapeutyczna, ktrej celem jest usprawnianie chwytu doni i regulacji nacisku palcw, a take wiczenie orientacji w przestrzeni. W zestawie znajdziemy aurow tablic oraz 35 cianek, sucych do budowania wskazanych na kartach wzorw ilustracji. Po ukoczeniu budowy naley za pomoc drewnianego patyczka przeprowadzi kulk po labiryncie. Wiele wariantw gry pozwala zarwno na indywidualn zabaw, jak i na rywalizacj w wikszym gronie.Zawarto opakowania: 35 elementw budowy cianek, 1 tablica aurowa, 1 patyczek drewniany, 1 kulka, 14 kart wzorw, instrukcjaWymiary opakowania: 30,5&#215;24,5x5cmWiek: 4+<\/p>\n<h2>Gra planszowa Alexander Terapia Labirynt Alexander<\/h2>\n<p>pierniki na bo\u017ce narodzenie, dziwne zagadki, prezent dla 19 latka, postacie z bajek, bajki dla dzieci na dobranoc do czytania, roczek dziewczynki, ninjago kolorowanka, filmy animowane \u015bwi\u0105teczne, wzory dyplom\u00f3w dyplomy do druku, zaproszenia na urodziny do wydruku, przechowywanie zabawek, jakie prezenty na roczek, quiz narnia lew czarownica i stara szafa, skalne miasto<\/p>\n<p>yyyyy<\/p>\n<p>&nbsp;<\/p>\n","protected":false},"excerpt":{"rendered":"<p>Zabawa terapeutyczna, ktrej celem jest usprawnianie chwytu doni i regulacji nacisku palcw, a take wiczenie orientacji w przestrzeni. W zestawie znajdziemy aurow tablic oraz 35 cianek, sucych do budowania wskazanych na kartach wzorw ilustracji. Po ukoczeniu budowy naley za pomoc drewnianego patyczka przeprowadzi kulk po labiryncie. Wiele wariantw gry pozwala zarwno na indywidualn zabaw, jak [&hellip;]<\/p>\n","protected":false},"featured_media":11672,"comment_status":"closed","ping_status":"open","template":"","meta":[],"product_cat":[246,235],"product_tag":[802,792,640,843],"class_list":["post-11671","product","type-product","status-publish","has-post-thumbnail","hentry","product_cat-alexander","product_cat-gry-planszowe","product_tag-co-kupic-dziewczynce-na-roczek","product_tag-cytaty-o-mamie","product_tag-prezent-dla-rocznej-dziewczynki","product_tag-smieszne-zagadki-dla-dzieci"],"_links":{"self":[{"href":"http:\/\/klubmamgdynia.pl\/index.php\/wp-json\/wp\/v2\/product\/11671","targetHints":{"allow":["GET"]}}],"collection":[{"href":"http:\/\/klubmamgdynia.pl\/index.php\/wp-json\/wp\/v2\/product"}],"about":[{"href":"http:\/\/klubmamgdynia.pl\/index.php\/wp-json\/wp\/v2\/types\/product"}],"replies":[{"embeddable":true,"href":"http:\/\/klubmamgdynia.pl\/index.php\/wp-json\/wp\/v2\/comments?post=11671"}],"wp:featuredmedia":[{"embeddable":true,"href":"http:\/\/klubmamgdynia.pl\/index.php\/wp-json\/wp\/v2\/media\/11672"}],"wp:attachment":[{"href":"http:\/\/klubmamgdynia.pl\/index.php\/wp-json\/wp\/v2\/media?parent=11671"}],"wp:term":[{"taxonomy":"product_cat","embeddable":true,"href":"http:\/\/klubmamgdynia.pl\/index.php\/wp-json\/wp\/v2\/product_cat?post=11671"},{"taxonomy":"product_tag","embeddable":true,"href":"http:\/\/klubmamgdynia.pl\/index.php\/wp-json\/wp\/v2\/product_tag?post=11671"}],"curies":[{"name":"wp","href":"https:\/\/api.w.org\/{rel}","templated":true}]}}