{"id":11673,"date":"2022-07-05T04:22:22","date_gmt":"2022-07-05T02:22:22","guid":{"rendered":"http:\/\/klubmamgdynia.pl\/index.php\/produkt\/barbie-modne-kreacje-ubranko-ghw87\/"},"modified":"2026-04-06T00:30:40","modified_gmt":"2026-04-05T22:30:40","slug":"barbie-modne-kreacje-ubranko-ghw87","status":"publish","type":"product","link":"http:\/\/klubmamgdynia.pl\/index.php\/produkt\/barbie-modne-kreacje-ubranko-ghw87\/","title":{"rendered":"Barbie Modne Kreacje Ubranko GHW87"},"content":{"rendered":"<p>Barbie modne kreacje &#8211; Czas na pokaz modnego stylu!Barbie i jej przyjaci\u00f3\u0142ki s\u0105 gotowe na nowe przygody, w nowych pi\u0119knych strojach b\u0119d\u0105 wygl\u0105da\u0107 sza\u0142owo i elegancko.<\/p>\n<h2>Barbie Modne Kreacje Ubranko GHW87 Barbie<\/h2>\n<p>cicha noc po angielsku tekst, prezent na roczek dziewczynka, kolorowanki pokemon do druku, zagadki dla 4 latka do druku, opisy do zdj\u0119\u0107 z dzieckiem, smok wawelski bajka, stare bajki, prezenty dla m\u0142odzie\u017cy, malowane kamienie, pytania do lektury asiunia, wroc\u0142aw i okolice atrakcje, atrakcje dla dzieci pozna\u0144 2021, minionki kolorowanka, bianka, kolorowanka lol, zagadki na inteligencje, rado\u015b\u0107 dziecka cytaty, papuga kolorowanka, wiersz o wakacjach<\/p>\n<p>yyyyy<\/p>\n<p>&nbsp;<\/p>\n","protected":false},"excerpt":{"rendered":"<p>Barbie modne kreacje &#8211; Czas na pokaz modnego stylu!Barbie i jej przyjaci\u00f3\u0142ki s\u0105 gotowe na nowe przygody, w nowych pi\u0119knych strojach b\u0119d\u0105 wygl\u0105da\u0107 sza\u0142owo i elegancko. Barbie Modne Kreacje Ubranko GHW87 Barbie cicha noc po angielsku tekst, prezent na roczek dziewczynka, kolorowanki pokemon do druku, zagadki dla 4 latka do druku, opisy do zdj\u0119\u0107 z [&hellip;]<\/p>\n","protected":false},"featured_media":11674,"comment_status":"closed","ping_status":"open","template":"","meta":[],"product_cat":[173,50],"product_tag":[792,638,581],"class_list":["post-11673","product","type-product","status-publish","has-post-thumbnail","hentry","product_cat-barbie","product_cat-ubranka-i-buty-dla-lalek","product_tag-cytaty-o-mamie","product_tag-miastodzieci","product_tag-zagadki-dla-8-latka"],"_links":{"self":[{"href":"http:\/\/klubmamgdynia.pl\/index.php\/wp-json\/wp\/v2\/product\/11673","targetHints":{"allow":["GET"]}}],"collection":[{"href":"http:\/\/klubmamgdynia.pl\/index.php\/wp-json\/wp\/v2\/product"}],"about":[{"href":"http:\/\/klubmamgdynia.pl\/index.php\/wp-json\/wp\/v2\/types\/product"}],"replies":[{"embeddable":true,"href":"http:\/\/klubmamgdynia.pl\/index.php\/wp-json\/wp\/v2\/comments?post=11673"}],"wp:featuredmedia":[{"embeddable":true,"href":"http:\/\/klubmamgdynia.pl\/index.php\/wp-json\/wp\/v2\/media\/11674"}],"wp:attachment":[{"href":"http:\/\/klubmamgdynia.pl\/index.php\/wp-json\/wp\/v2\/media?parent=11673"}],"wp:term":[{"taxonomy":"product_cat","embeddable":true,"href":"http:\/\/klubmamgdynia.pl\/index.php\/wp-json\/wp\/v2\/product_cat?post=11673"},{"taxonomy":"product_tag","embeddable":true,"href":"http:\/\/klubmamgdynia.pl\/index.php\/wp-json\/wp\/v2\/product_tag?post=11673"}],"curies":[{"name":"wp","href":"https:\/\/api.w.org\/{rel}","templated":true}]}}