{"id":11675,"date":"2012-05-19T15:22:08","date_gmt":"2012-05-19T13:22:08","guid":{"rendered":"http:\/\/klubmamgdynia.pl\/index.php\/produkt\/thrustmaster-hotas-warthog-dual-throttle-2960739\/"},"modified":"2026-04-03T17:02:38","modified_gmt":"2026-04-03T15:02:38","slug":"thrustmaster-hotas-warthog-dual-throttle-2960739","status":"publish","type":"product","link":"http:\/\/klubmamgdynia.pl\/index.php\/produkt\/thrustmaster-hotas-warthog-dual-throttle-2960739\/","title":{"rendered":"Thrustmaster Hotas Warthog Dual Throttle 2960739"},"content":{"rendered":"<p>Przepustnica WARTHOG<\/p>\n<p>Przepustnica Thrustmaster WARTHOG to doskona\u0142e urz\u0105dzenie dla graczy, kt\u00f3rzy oczekuj\u0105 pe\u0142nego realizmu podczas gry. Thrustmaster WARTHOG idealnie sprawdzi si\u0119 jako dodatek do symulator\u00f3w lotu. To niezwykle funkcjonalne urz\u0105dzenie posiada regulowany system tarcia, metalow\u0105 podstaw\u0119 pod d\u0142o\u0144 czy funkcj\u0119 blokowania. Takie rozwi\u0105zania sprawi\u0105, \u017ce ka\u017cda symulacja lotu b\u0119dzie niebywale realistyczna.                            <\/p>\n<p>            Ogromne mo\u017cliwo\u015bci<\/p>\n<p>Elementy przepustnicy zosta\u0142y r\u00f3wnie\u017c bardzo starannie zaprojektowane. Urz\u0105dzenie z podw\u00f3jnym uk\u0142adem przepustnic umo\u017cliwia niezale\u017cn\u0105 kontrol\u0119 2 silnik\u00f3w. Ponadto system blokowania pozwala na przymocowanie 2 przepustnic obok siebie. Magnetyczne sensory 3D zapewniaj\u0105 niezr\u00f3wnan\u0105 precyzj\u0119, kt\u00f3ra jest bardzo wa\u017cna w grach symulacyjnych. Dodatkowo urz\u0105dzenie zosta\u0142o wyposa\u017cone w realistyczny zaczep IDLE w systemie &#8222;Pull &amp; Push&#8221; oraz realistyczny, roz\u0142\u0105czany zaczep AFTERBURNER.                            <\/p>\n<p>            Zaawansowany panel sterowania<\/p>\n<p>Wysokiej jako\u015bci panel sterowania zapewnia du\u017c\u0105 liczb\u0119 i r\u00f3\u017cnorodno\u015b\u0107 element\u00f3w sterowania. Szeroka funkcjonalno\u015b\u0107 sprawia, \u017ce ka\u017cda symulacja b\u0119dzie na niezwykle wysokim poziomie. 5 programowalnych diod LED doda blasku do ka\u017cdej nocnej symulacji.<\/p>\n<h2>Thrustmaster Hotas Warthog Dual Throttle 2960739 ThrustMaster<\/h2>\n<p>\u015bwinka peppa bajki do czytania, nietypowe imiona, atrakcje we wroc\u0142awiu dla dzieci, cyferki do druku, znaczenie imiona pola, test z lektury felix net i nika oraz gang niewidzialnych ludzi, znaczenie imienia julian, zagadki zimowe dla dzieci, radiowe nuty niech zyja wakacje, ma\u0142y ksi\u0105\u017ce test, cyferki do druku, wydarzenia dla dzieci warszawa, kolorowanki kotka, cytaty o mi\u0142o\u015bci do dziecka, znaczenie imienia gabriel, rodzina cytaty, trudne zagadki na inteligencje, czapka g\u00f3rnika kolorowanka, cytaty korczak<\/p>\n<p>yyyyy<\/p>\n<p>&nbsp;<\/p>\n","protected":false},"excerpt":{"rendered":"<p>Przepustnica WARTHOG Przepustnica Thrustmaster WARTHOG to doskona\u0142e urz\u0105dzenie dla graczy, kt\u00f3rzy oczekuj\u0105 pe\u0142nego realizmu podczas gry. Thrustmaster WARTHOG idealnie sprawdzi si\u0119 jako dodatek do symulator\u00f3w lotu. To niezwykle funkcjonalne urz\u0105dzenie posiada regulowany system tarcia, metalow\u0105 podstaw\u0119 pod d\u0142o\u0144 czy funkcj\u0119 blokowania. Takie rozwi\u0105zania sprawi\u0105, \u017ce ka\u017cda symulacja lotu b\u0119dzie niebywale realistyczna. Ogromne mo\u017cliwo\u015bci Elementy przepustnicy [&hellip;]<\/p>\n","protected":false},"featured_media":11676,"comment_status":"closed","ping_status":"open","template":"","meta":[],"product_cat":[2060,1760],"product_tag":[866,745,774,873],"class_list":["post-11675","product","type-product","status-publish","has-post-thumbnail","hentry","product_cat-joysticki","product_cat-thrustmaster","product_tag-opis-do-zdjecia-dziecka-na-fb","product_tag-prezent-dla-15-latki","product_tag-prezent-na-roczek-nie-zabawka","product_tag-zagadki-z-odpowiedziami-dla-dzieci"],"_links":{"self":[{"href":"http:\/\/klubmamgdynia.pl\/index.php\/wp-json\/wp\/v2\/product\/11675","targetHints":{"allow":["GET"]}}],"collection":[{"href":"http:\/\/klubmamgdynia.pl\/index.php\/wp-json\/wp\/v2\/product"}],"about":[{"href":"http:\/\/klubmamgdynia.pl\/index.php\/wp-json\/wp\/v2\/types\/product"}],"replies":[{"embeddable":true,"href":"http:\/\/klubmamgdynia.pl\/index.php\/wp-json\/wp\/v2\/comments?post=11675"}],"wp:featuredmedia":[{"embeddable":true,"href":"http:\/\/klubmamgdynia.pl\/index.php\/wp-json\/wp\/v2\/media\/11676"}],"wp:attachment":[{"href":"http:\/\/klubmamgdynia.pl\/index.php\/wp-json\/wp\/v2\/media?parent=11675"}],"wp:term":[{"taxonomy":"product_cat","embeddable":true,"href":"http:\/\/klubmamgdynia.pl\/index.php\/wp-json\/wp\/v2\/product_cat?post=11675"},{"taxonomy":"product_tag","embeddable":true,"href":"http:\/\/klubmamgdynia.pl\/index.php\/wp-json\/wp\/v2\/product_tag?post=11675"}],"curies":[{"name":"wp","href":"https:\/\/api.w.org\/{rel}","templated":true}]}}