{"id":11677,"date":"2017-06-28T10:14:47","date_gmt":"2017-06-28T08:14:47","guid":{"rendered":"http:\/\/klubmamgdynia.pl\/index.php\/produkt\/r-sport-rowerek-biegowy-niebieski-r4-kola-eva-12\/"},"modified":"2026-04-26T09:56:55","modified_gmt":"2026-04-26T07:56:55","slug":"r-sport-rowerek-biegowy-niebieski-r4-kola-eva-12","status":"publish","type":"product","link":"http:\/\/klubmamgdynia.pl\/index.php\/produkt\/r-sport-rowerek-biegowy-niebieski-r4-kola-eva-12\/","title":{"rendered":"R-sport Rowerek Biegowy Niebieski R4 Ko\u0142a Eva 12&#8243;"},"content":{"rendered":"<p>Rowerek biegowy R4Kolor NIEBIESKO-CZARNYRowerek biegowy wprawiany jest w ruch poprzez odpychanie si\u0119 dziecka n\u00f3\u017ckami. N\u00f3\u017ckami dziecko hamuje. Pozbawiona peda\u0142\u00f3w konstrukcja rowerka pozwoli na szybkie opanowanie podstaw nauki jazdy, kt\u00f3rymi s\u0105 utrzymywanie r\u00f3wnowagi oraz balansowanie cia\u0142em. Zalecany dla dzieci w wieku 2-5 lat.Wyposa\u017cenie:Piankowe ko\u0142a EVA 12&#8243; &#8211; niezawodne w ka\u017cdym terenie, nie mo\u017cna ich przebi\u0107,Mi\u0119kkie ergonomiczne siedzonko &#8211; wygoda dla Twojego dziecka,Lekka stalowa rama,Instrukcja w j\u0119zyku polskim,\u0141o\u017cyska w ko\u0142ach,Uchwyty na d\u0142onie &#8211; mi\u0119kkie i wygodne i antypo\u015blizgowe,Bezpieczna kierownica &#8211; brak blokady skr\u0119tu,Regulowana wysoko\u015b\u0107 siode\u0142ka i kierownicy &#8211; rowerek ro\u015bnie wraz z dzieckiemDzwoneczekHamulec V-brakeDane techniczne:d\u0142ugo\u015b\u0107 rowerka: 89 cm,minimalna wysoko\u015b\u0107 (poziom kierownicy): ok. 50 cm,maksymalna wysoko\u015b\u0107 (poziom kierownicy): ok. 57 cm,minimalna wysoko\u015b\u0107 (poziom siode\u0142ka): ok. 37 cm,maksymalna wysoko\u015b\u0107 (poziom siode\u0142ka): ok. 43 cm,\u015brednica k\u00f3\u0142: 12&#8243; (28 cm),szeroko\u015b\u0107 ko\u0142a: ok. 4,5 cm,D\u0142ugo\u015b\u0107 siedzonka: ok. 20 cmszeroko\u015b\u0107 siedzonka w najszerszym miejscu: ok 13,5 cm;waga: 2,8\/3 kg,maksymalne obci\u0105\u017cenie do 35 kg,rowerek jednoosobowy,marka R-Sport,pakowanie: szary karton,rowerek do samodzielnego &#8211; stosunkowo prostego monta\u017cu,Rowerek ro\u015bnie razem z Twoim dzieckiem!!!Regulowana wysoko\u015b\u0107 kierownicy.Regulowana wysoko\u015b\u0107 siode\u0142ka.W specyfikacji technicznej podano maksymalne wymiar rowerka. Siode\u0142ko i kierownica mog\u0105 by\u0107 zmieniane o ok. 5 cmTen pi\u0119kny rowerek mo\u017ce sta\u0107 si\u0119 pierwszym pojazdem w \u017cyciu Twojego dziecka i przysporzy\u0107 mu niezapomnianych wspomnie\u0144 z dzieci\u0144stwa, do kt\u00f3rych b\u0119dzie wraca\u0142 po latach. Kolorowy rowerek dla ma\u0142ego sportowcaProducent deklaruje pojazd dla dzieci powy\u017cej 3 roku \u017cycia, jednak je\u017celi dziecko jest w stanie siedzie\u0107 samodzielnie, to nie ma przeszk\u00f3d aby mog\u0142o go u\u017cywa\u0107 pod okiem osoby doros\u0142ej.Idealny prezent dla Twojego dziecka!Monta\u017c hamulca jest opcjonalny. Hamulec montuje si\u0119 wtedy, gdy dziecko jest na to gotowe. Je\u015bli dziecko dopiero zaczyna si\u0119 uczy\u0107 je\u017adzi\u0107 na rowerku biegowym, najlepiej monta\u017c hamulca od\u0142o\u017cy\u0107 na p\u00f3\u017aniej.Hamulec odwraca uwag\u0119 dziecka od nauki balansowania. Dziecko zaczynaj\u0105ce je\u017adzi\u0107 rowerkiem biegowym, bezpiecznie hamuje n\u00f3\u017ckami. Hamulec r\u0119czny staje si\u0119 niezb\u0119dny, kiedy dziecko je\u017adzi szybko lub te\u017c lubi zje\u017cd\u017ca\u0107 z g\u00f3rki.Pojazd generalnie przeznaczony do u\u017cytku zewn\u0119trznego, jednak jego ergonomiczna budowa sprzyja i pozwala u\u017cywa\u0107 go r\u00f3wnie\u017c w wi\u0119kszych pomieszczeniach takich jak taras czy salon.Zalecany dla dzieci w wieku 2-5 lat.Rowerek do samodzielnego stosunkowo \u0142atwego monta\u017cu &#8211; prosta instrukcja w \u015brodku.Ty decydujesz czy montujesz hamulec, dzwonek. Montujesz te elementy na kt\u00f3rych Ci zale\u017cy i kt\u00f3re uznasz za stosowne dla Twojego dziecka!Przed rozpocz\u0119ciem u\u017cytkowania nale\u017cy dok\u0142adnie zapozna\u0107 si\u0119 z instrukcj\u0105.U\u017cywanie rowerka wymaga ka\u017cdorazowej \u015bcis\u0142ej opieki i nadzoru osoby doros\u0142ej.Rowerek przeznaczony do u\u017cytku prywatnego (niekomercyjnego).Zabawka posiada Certyfikat Zgodno\u015bci CE.Pojazd do samodzielnego monta\u017cu.Do ka\u017cdego pojazdu otrzymuj\u0105 Pa\u0144stwo gwarancj\u0119 na 12 miesi\u0119cy oraz instrukcj\u0119 obs\u0142ugi w j\u0119zyku polskim.Mo\u017cliwy odbi\u00f3r osobisty w okolicach Rabki.<\/p>\n<h2>R-sport Rowerek Biegowy Niebieski R4 Ko\u0142a Eva 12&#8243; R-Sport<\/h2>\n<p>kolorowanka konie, szybkie zagadki matematyczne, mini kanapki dla dzieci, prezent dla siedemnastolatka, koty kolorowanka, rysunki do druku, starodawne \u017cyczenia bo\u017conarodzeniowe<\/p>\n<p>yyyyy<\/p>\n<p>&nbsp;<\/p>\n","protected":false},"excerpt":{"rendered":"<p>Rowerek biegowy R4Kolor NIEBIESKO-CZARNYRowerek biegowy wprawiany jest w ruch poprzez odpychanie si\u0119 dziecka n\u00f3\u017ckami. N\u00f3\u017ckami dziecko hamuje. Pozbawiona peda\u0142\u00f3w konstrukcja rowerka pozwoli na szybkie opanowanie podstaw nauki jazdy, kt\u00f3rymi s\u0105 utrzymywanie r\u00f3wnowagi oraz balansowanie cia\u0142em. Zalecany dla dzieci w wieku 2-5 lat.Wyposa\u017cenie:Piankowe ko\u0142a EVA 12&#8243; &#8211; niezawodne w ka\u017cdym terenie, nie mo\u017cna ich przebi\u0107,Mi\u0119kkie ergonomiczne [&hellip;]<\/p>\n","protected":false},"featured_media":11678,"comment_status":"closed","ping_status":"open","template":"","meta":[],"product_cat":[75,453],"product_tag":[797,748,609,770,607],"class_list":["post-11677","product","type-product","status-publish","has-post-thumbnail","hentry","product_cat-r-sport","product_cat-rowerki-biegowe","product_tag-kiekrz","product_tag-okolice-wroclawia-atrakcje","product_tag-quiz-flagi-europy","product_tag-samolot-z-papieru","product_tag-zarty-na-prima-aprilis-dla-rodzicow"],"_links":{"self":[{"href":"http:\/\/klubmamgdynia.pl\/index.php\/wp-json\/wp\/v2\/product\/11677","targetHints":{"allow":["GET"]}}],"collection":[{"href":"http:\/\/klubmamgdynia.pl\/index.php\/wp-json\/wp\/v2\/product"}],"about":[{"href":"http:\/\/klubmamgdynia.pl\/index.php\/wp-json\/wp\/v2\/types\/product"}],"replies":[{"embeddable":true,"href":"http:\/\/klubmamgdynia.pl\/index.php\/wp-json\/wp\/v2\/comments?post=11677"}],"wp:featuredmedia":[{"embeddable":true,"href":"http:\/\/klubmamgdynia.pl\/index.php\/wp-json\/wp\/v2\/media\/11678"}],"wp:attachment":[{"href":"http:\/\/klubmamgdynia.pl\/index.php\/wp-json\/wp\/v2\/media?parent=11677"}],"wp:term":[{"taxonomy":"product_cat","embeddable":true,"href":"http:\/\/klubmamgdynia.pl\/index.php\/wp-json\/wp\/v2\/product_cat?post=11677"},{"taxonomy":"product_tag","embeddable":true,"href":"http:\/\/klubmamgdynia.pl\/index.php\/wp-json\/wp\/v2\/product_tag?post=11677"}],"curies":[{"name":"wp","href":"https:\/\/api.w.org\/{rel}","templated":true}]}}