{"id":11679,"date":"2016-03-26T04:29:58","date_gmt":"2016-03-26T03:29:58","guid":{"rendered":"http:\/\/klubmamgdynia.pl\/index.php\/produkt\/htc-folia-ochronna-sp-p910-one-m7\/"},"modified":"2026-04-06T12:30:36","modified_gmt":"2026-04-06T10:30:36","slug":"htc-folia-ochronna-sp-p910-one-m7","status":"publish","type":"product","link":"http:\/\/klubmamgdynia.pl\/index.php\/produkt\/htc-folia-ochronna-sp-p910-one-m7\/","title":{"rendered":"HTC Folia Ochronna SP-P910 One M7"},"content":{"rendered":"<p>Folia Ochronna SP-P910 HTC One M7- Oryginalna folia HTC.- Idealnie dopasowana.- W komplecie 2szt folii.- \u0141atwy i prosty spos\u00f3b monta\u017cu.- Fabrycznie zapakowana w oryginalne opakowanie HTC.<\/p>\n<h2>HTC Folia Ochronna SP-P910 One M7 HTC<\/h2>\n<p>opis na dzie\u0144 mamy, ma\u0142y ksi\u0105\u017ce cytaty, pytania zagadki, bajki dla dziewczynek, na roczek dla ch\u0142opca, pieski, kolorowanki star wars, karmen imie, lucjan, prezent dla 7 latka ch\u0142opca<\/p>\n<p>yyyyy<\/p>\n<p>&nbsp;<\/p>\n","protected":false},"excerpt":{"rendered":"<p>Folia Ochronna SP-P910 HTC One M7- Oryginalna folia HTC.- Idealnie dopasowana.- W komplecie 2szt folii.- \u0141atwy i prosty spos\u00f3b monta\u017cu.- Fabrycznie zapakowana w oryginalne opakowanie HTC. HTC Folia Ochronna SP-P910 One M7 HTC opis na dzie\u0144 mamy, ma\u0142y ksi\u0105\u017ce cytaty, pytania zagadki, bajki dla dziewczynek, na roczek dla ch\u0142opca, pieski, kolorowanki star wars, karmen imie, [&hellip;]<\/p>\n","protected":false},"featured_media":11680,"comment_status":"closed","ping_status":"open","template":"","meta":[],"product_cat":[2061,1385],"product_tag":[658,834,645,818,724],"class_list":["post-11679","product","type-product","status-publish","has-post-thumbnail","hentry","product_cat-folie-i-szkla-ochronne","product_cat-htc","product_tag-alan-znaczenie-imienia","product_tag-bajka-do-czytania-na-dobranoc","product_tag-latwe-zagadki","product_tag-oliwier","product_tag-zagadki-podchwytliwe"],"_links":{"self":[{"href":"http:\/\/klubmamgdynia.pl\/index.php\/wp-json\/wp\/v2\/product\/11679","targetHints":{"allow":["GET"]}}],"collection":[{"href":"http:\/\/klubmamgdynia.pl\/index.php\/wp-json\/wp\/v2\/product"}],"about":[{"href":"http:\/\/klubmamgdynia.pl\/index.php\/wp-json\/wp\/v2\/types\/product"}],"replies":[{"embeddable":true,"href":"http:\/\/klubmamgdynia.pl\/index.php\/wp-json\/wp\/v2\/comments?post=11679"}],"wp:featuredmedia":[{"embeddable":true,"href":"http:\/\/klubmamgdynia.pl\/index.php\/wp-json\/wp\/v2\/media\/11680"}],"wp:attachment":[{"href":"http:\/\/klubmamgdynia.pl\/index.php\/wp-json\/wp\/v2\/media?parent=11679"}],"wp:term":[{"taxonomy":"product_cat","embeddable":true,"href":"http:\/\/klubmamgdynia.pl\/index.php\/wp-json\/wp\/v2\/product_cat?post=11679"},{"taxonomy":"product_tag","embeddable":true,"href":"http:\/\/klubmamgdynia.pl\/index.php\/wp-json\/wp\/v2\/product_tag?post=11679"}],"curies":[{"name":"wp","href":"https:\/\/api.w.org\/{rel}","templated":true}]}}