{"id":1168,"date":"2015-10-10T00:49:21","date_gmt":"2015-10-09T22:49:21","guid":{"rendered":"http:\/\/klubmamgdynia.pl\/index.php\/produkt\/romancing-saga-2-gra-ns\/"},"modified":"2026-04-27T09:22:37","modified_gmt":"2026-04-27T07:22:37","slug":"romancing-saga-2-gra-ns","status":"publish","type":"product","link":"http:\/\/klubmamgdynia.pl\/index.php\/produkt\/romancing-saga-2-gra-ns\/","title":{"rendered":"Romancing SaGa 2 (Gra NS)"},"content":{"rendered":"<p>Switch<\/p>\n<h2>Romancing SaGa 2 (Gra NS) Square Enix<\/h2>\n<p>zaproszenia na urodziny do wydruku, piosenka na dzie\u0144 nauczyciela przedszkole, kolorowanka lego, zaproszenia na urodziny do druku, wpad\u0142a bomba do piwnicy, ko\u0142ysanki dla dzieci tekst, felix net i nika oraz gang niewidzialnych ludzi quiz, pieski ma\u0142e dwa tekst, zagadki dla dzieci 10 lat, nauka zegara zegar do druku, test z lektury asiunia, lol surprise kolorowanki, krotkie zagadki, zagadki dla dzieci 5 lat, jaki prezent na roczek dla ch\u0142opca<\/p>\n<p>yyyyy<\/p>\n<p>&nbsp;<\/p>\n","protected":false},"excerpt":{"rendered":"<p>Switch Romancing SaGa 2 (Gra NS) Square Enix zaproszenia na urodziny do wydruku, piosenka na dzie\u0144 nauczyciela przedszkole, kolorowanka lego, zaproszenia na urodziny do druku, wpad\u0142a bomba do piwnicy, ko\u0142ysanki dla dzieci tekst, felix net i nika oraz gang niewidzialnych ludzi quiz, pieski ma\u0142e dwa tekst, zagadki dla dzieci 10 lat, nauka zegara zegar do [&hellip;]<\/p>\n","protected":false},"featured_media":1169,"comment_status":"closed","ping_status":"open","template":"","meta":[],"product_cat":[348,355],"product_tag":[790,580,730,657,711],"class_list":["post-1168","product","type-product","status-publish","has-post-thumbnail","hentry","product_cat-gry-nintendo-switch","product_cat-square-enix","product_tag-gry-planszowe-dla-nastolatkow","product_tag-janusz","product_tag-karyna","product_tag-lol-kolorowanka","product_tag-prezenty-dla-nastolatkow"],"_links":{"self":[{"href":"http:\/\/klubmamgdynia.pl\/index.php\/wp-json\/wp\/v2\/product\/1168","targetHints":{"allow":["GET"]}}],"collection":[{"href":"http:\/\/klubmamgdynia.pl\/index.php\/wp-json\/wp\/v2\/product"}],"about":[{"href":"http:\/\/klubmamgdynia.pl\/index.php\/wp-json\/wp\/v2\/types\/product"}],"replies":[{"embeddable":true,"href":"http:\/\/klubmamgdynia.pl\/index.php\/wp-json\/wp\/v2\/comments?post=1168"}],"wp:featuredmedia":[{"embeddable":true,"href":"http:\/\/klubmamgdynia.pl\/index.php\/wp-json\/wp\/v2\/media\/1169"}],"wp:attachment":[{"href":"http:\/\/klubmamgdynia.pl\/index.php\/wp-json\/wp\/v2\/media?parent=1168"}],"wp:term":[{"taxonomy":"product_cat","embeddable":true,"href":"http:\/\/klubmamgdynia.pl\/index.php\/wp-json\/wp\/v2\/product_cat?post=1168"},{"taxonomy":"product_tag","embeddable":true,"href":"http:\/\/klubmamgdynia.pl\/index.php\/wp-json\/wp\/v2\/product_tag?post=1168"}],"curies":[{"name":"wp","href":"https:\/\/api.w.org\/{rel}","templated":true}]}}