{"id":11683,"date":"2019-10-01T13:17:12","date_gmt":"2019-10-01T11:17:12","guid":{"rendered":"http:\/\/klubmamgdynia.pl\/index.php\/produkt\/htc-cc-c100\/"},"modified":"2026-05-17T22:43:38","modified_gmt":"2026-05-17T20:43:38","slug":"htc-cc-c100","status":"publish","type":"product","link":"http:\/\/klubmamgdynia.pl\/index.php\/produkt\/htc-cc-c100\/","title":{"rendered":"HTC CC C100"},"content":{"rendered":"<p>\u0142adowarka\u00a0samochodowa HTC C100 do wszystkich urz\u0105dze\u0144 rodziny HTC (Qtek, MDA, SPV itd.) z gniazdem mini USB lub ExtUSBTM12-24\u00a0voltProdukt oryginalny, zapakowany w blister.<\/p>\n<h2>HTC CC C100 HTC<\/h2>\n<p>kanapeczki na urodziny dziecka, zagadki, miriam imi\u0119, everest psi patrol, jak narysowa\u0107 oko, test z lektury dzieci z bullerbyn, podzi\u0119kowania dla nauczyciela cytaty, ozdoby wielkanocne kt\u00f3re mog\u0105 zrobi\u0107 dzieci, lody kolorowanka, hejka tu lenka quizy, maurycy, bajka psi patrol do czytania, zabawy dla 10 latk\u00f3w, kolorowe listki tekst, adela, psi patrol kolorowanka do druku, mega trudne zagadki logiczne, \u015bwinka peppa bajka do czytania, podchwytliwe zagadki dla doros\u0142ych, mdk aleksandr\u00f3w \u0142\u00f3dzki, paj\u0105czek na rowerze test<\/p>\n<p>yyyyy<\/p>\n<p>&nbsp;<\/p>\n","protected":false},"excerpt":{"rendered":"<p>\u0142adowarka\u00a0samochodowa HTC C100 do wszystkich urz\u0105dze\u0144 rodziny HTC (Qtek, MDA, SPV itd.) z gniazdem mini USB lub ExtUSBTM12-24\u00a0voltProdukt oryginalny, zapakowany w blister. HTC CC C100 HTC kanapeczki na urodziny dziecka, zagadki, miriam imi\u0119, everest psi patrol, jak narysowa\u0107 oko, test z lektury dzieci z bullerbyn, podzi\u0119kowania dla nauczyciela cytaty, ozdoby wielkanocne kt\u00f3re mog\u0105 zrobi\u0107 dzieci, [&hellip;]<\/p>\n","protected":false},"featured_media":11684,"comment_status":"closed","ping_status":"open","template":"","meta":[],"product_cat":[1385,427],"product_tag":[810,586,803,788,623],"class_list":["post-11683","product","type-product","status-publish","has-post-thumbnail","hentry","product_cat-htc","product_cat-ladowarki-do-telefonow","product_tag-nauka-zegara-do-druku","product_tag-smieszne-zagadki","product_tag-szlaczki-do-druku","product_tag-zagadki-krotkie","product_tag-zagadki-logiczne-smieszne"],"_links":{"self":[{"href":"http:\/\/klubmamgdynia.pl\/index.php\/wp-json\/wp\/v2\/product\/11683","targetHints":{"allow":["GET"]}}],"collection":[{"href":"http:\/\/klubmamgdynia.pl\/index.php\/wp-json\/wp\/v2\/product"}],"about":[{"href":"http:\/\/klubmamgdynia.pl\/index.php\/wp-json\/wp\/v2\/types\/product"}],"replies":[{"embeddable":true,"href":"http:\/\/klubmamgdynia.pl\/index.php\/wp-json\/wp\/v2\/comments?post=11683"}],"wp:featuredmedia":[{"embeddable":true,"href":"http:\/\/klubmamgdynia.pl\/index.php\/wp-json\/wp\/v2\/media\/11684"}],"wp:attachment":[{"href":"http:\/\/klubmamgdynia.pl\/index.php\/wp-json\/wp\/v2\/media?parent=11683"}],"wp:term":[{"taxonomy":"product_cat","embeddable":true,"href":"http:\/\/klubmamgdynia.pl\/index.php\/wp-json\/wp\/v2\/product_cat?post=11683"},{"taxonomy":"product_tag","embeddable":true,"href":"http:\/\/klubmamgdynia.pl\/index.php\/wp-json\/wp\/v2\/product_tag?post=11683"}],"curies":[{"name":"wp","href":"https:\/\/api.w.org\/{rel}","templated":true}]}}