{"id":11687,"date":"2017-01-30T00:09:03","date_gmt":"2017-01-29T23:09:03","guid":{"rendered":"http:\/\/klubmamgdynia.pl\/index.php\/produkt\/seria-day1-shadow-tactics-gra-pc\/"},"modified":"2026-05-17T23:16:15","modified_gmt":"2026-05-17T21:16:15","slug":"seria-day1-shadow-tactics-gra-pc","status":"publish","type":"product","link":"http:\/\/klubmamgdynia.pl\/index.php\/produkt\/seria-day1-shadow-tactics-gra-pc\/","title":{"rendered":"Seria Day1: Shadow Tactics (Gra PC)"},"content":{"rendered":"<p>Zabijaj w imi\u0119 szoguna w taktycznej grze w stylu Commandos.Japonia, rok 1615. Nowy szogun przejmuje w\u0142adz\u0119 nad krajem i zaprowadza pok\u00f3j. Chc\u0105c przeciwdzia\u0142a\u0107 spiskom i powstaniom, zatrudnia pi\u0119ciu specjalist\u00f3w o wyj\u0105tkowych umiej\u0119tno\u015bciach. Ich zadaniem b\u0119dzie eliminacja wskazanych cel\u00f3w, sabota\u017c i szpiegostwo.DODATKOWO ZAWARTO\u015a\u0106 CYFROWA: soundtrack, artbookz poradnikiem do gry, plakat oraz mapa, poczt\u00f3wki, karty postaci, certyfikat ninja.Cechy Gry:Przejmij kontrol\u0119 nad \u015bmierciono\u015bnym zespo\u0142em i znajd\u017a spos\u00f3b na infiltracj\u0119 pot\u0119\u017cnych twierdz, klasztor\u00f3w zbudowanych na o\u015bnie\u017conych szczytach, czy te\u017c tajnych oboz\u00f3w ukrytych w dziczy.Wymagaj\u0105ce wyzwania i przewa\u017caj\u0105ce si\u0142y wroga \u2013 zaplanuj dzia\u0142ania tak, by nie wywo\u0142a\u0107 alarmu.Sam zdecyduj o sposobie rozgrywania misji. Mo\u017cliwo\u015bci s\u0105 niesko\u0144czone.Poznaj Japoni\u0119 z fascynuj\u0105cego okresu Edo i kulisy walki o tron w urzekaj\u0105cych sceneriachKontroluj do pi\u0119ciu zupe\u0142nie r\u00f3\u017cnych postaci o unikalnych umiej\u0119tno\u015bciach: silny samuraj Mugen, ninja Hayato, mistrzyni kamufla\u017cu Aiko, m\u0142oda i zwinna z\u0142odziejka Yuki oraz snajper Takuma.Cechy Gry:Przejmij kontrol\u0119 nad \u015bmierciono\u015bnym zespo\u0142em i znajd\u017a spos\u00f3b na infiltracj\u0119 pot\u0119\u017cnych twierdz, klasztor\u00f3w zbudowanych na o\u015bnie\u017conych szczytach, czy te\u017c tajnych oboz\u00f3w ukrytych w dziczy.Wymagaj\u0105ce wyzwania i przewa\u017caj\u0105ce si\u0142y wroga \u2013 zaplanuj dzia\u0142ania tak, by nie wywo\u0142a\u0107 alarmu.Sam zdecyduj o sposobie rozgrywania misji. Mo\u017cliwo\u015bci s\u0105 niesko\u0144czone.Poznaj Japoni\u0119 z fascynuj\u0105cego okresu Edo i kulisy walki o tron w urzekaj\u0105cych sceneriachKontroluj do pi\u0119ciu zupe\u0142nie r\u00f3\u017cnych postaci o unikalnych umiej\u0119tno\u015bciach: silny samuraj Mugen, ninja Hayato, mistrzyni kamufla\u017cu Aiko, m\u0142oda i zwinna z\u0142odziejka Yuki oraz snajper Takuma.Minimalne wymagania sprz\u0119towe: System operacyjny: Windows 7 64-bit lub nowszyProcesor: Intel i3 drugiej generacji 2.5GHz \/ AMD Quad-Core 2.5GHzKarta graficzna: Nvidia GT640 \/ AMD Radeon HD7750 z 1GBHDD: 13 GB wolnego miejscaPami\u0119\u0107: 4 GB RAMKarta d\u017awi\u0119kowa: zgodna z DirectX<\/p>\n<h2>Seria Day1: Shadow Tactics (Gra PC) Techland<\/h2>\n<p>kolorowe kredki tekst, zagadki matematyczne dla dzieci 7 lat, test z lektury opowie\u015bci z narnii lew czarownica i stara szafa z odpowiedziami, fajne zagadki, piesek kolorowanka<\/p>\n<p>yyyyy<\/p>\n<p>&nbsp;<\/p>\n","protected":false},"excerpt":{"rendered":"<p>Zabijaj w imi\u0119 szoguna w taktycznej grze w stylu Commandos.Japonia, rok 1615. Nowy szogun przejmuje w\u0142adz\u0119 nad krajem i zaprowadza pok\u00f3j. Chc\u0105c przeciwdzia\u0142a\u0107 spiskom i powstaniom, zatrudnia pi\u0119ciu specjalist\u00f3w o wyj\u0105tkowych umiej\u0119tno\u015bciach. Ich zadaniem b\u0119dzie eliminacja wskazanych cel\u00f3w, sabota\u017c i szpiegostwo.DODATKOWO ZAWARTO\u015a\u0106 CYFROWA: soundtrack, artbookz poradnikiem do gry, plakat oraz mapa, poczt\u00f3wki, karty postaci, certyfikat [&hellip;]<\/p>\n","protected":false},"featured_media":11688,"comment_status":"closed","ping_status":"open","template":"","meta":[],"product_cat":[222,360],"product_tag":[836,755,583,642,804,812],"class_list":["post-11687","product","type-product","status-publish","has-post-thumbnail","hentry","product_cat-gry-pc","product_cat-techland","product_tag-co-kupic-dziecku-na-roczek","product_tag-henryk","product_tag-kolysanki-dla-dzieci-tekst","product_tag-mia-imie","product_tag-ryz-z-owocami","product_tag-zagadki-logiczne-na-inteligencje"],"_links":{"self":[{"href":"http:\/\/klubmamgdynia.pl\/index.php\/wp-json\/wp\/v2\/product\/11687","targetHints":{"allow":["GET"]}}],"collection":[{"href":"http:\/\/klubmamgdynia.pl\/index.php\/wp-json\/wp\/v2\/product"}],"about":[{"href":"http:\/\/klubmamgdynia.pl\/index.php\/wp-json\/wp\/v2\/types\/product"}],"replies":[{"embeddable":true,"href":"http:\/\/klubmamgdynia.pl\/index.php\/wp-json\/wp\/v2\/comments?post=11687"}],"wp:featuredmedia":[{"embeddable":true,"href":"http:\/\/klubmamgdynia.pl\/index.php\/wp-json\/wp\/v2\/media\/11688"}],"wp:attachment":[{"href":"http:\/\/klubmamgdynia.pl\/index.php\/wp-json\/wp\/v2\/media?parent=11687"}],"wp:term":[{"taxonomy":"product_cat","embeddable":true,"href":"http:\/\/klubmamgdynia.pl\/index.php\/wp-json\/wp\/v2\/product_cat?post=11687"},{"taxonomy":"product_tag","embeddable":true,"href":"http:\/\/klubmamgdynia.pl\/index.php\/wp-json\/wp\/v2\/product_tag?post=11687"}],"curies":[{"name":"wp","href":"https:\/\/api.w.org\/{rel}","templated":true}]}}