{"id":11689,"date":"2021-05-21T07:15:41","date_gmt":"2021-05-21T05:15:41","guid":{"rendered":"http:\/\/klubmamgdynia.pl\/index.php\/produkt\/bigbuy-fun-popiersie-sparkle\/"},"modified":"2026-04-24T03:15:03","modified_gmt":"2026-04-24T01:15:03","slug":"bigbuy-fun-popiersie-sparkle","status":"publish","type":"product","link":"http:\/\/klubmamgdynia.pl\/index.php\/produkt\/bigbuy-fun-popiersie-sparkle\/","title":{"rendered":"Bigbuy Fun Popiersie Sparkle"},"content":{"rendered":"<p>Dzieci zas\u0142uguj\u0105 na to co najlepsze, dlatego przedstawiamy Ci Popiersie Sparkle, idealny dla tych, kt\u00f3rzy szukaj\u0105 produkt\u00f3w wysokiej jako\u015bci dla dzieci! Zdob\u0105d\u017a i inne produkty markowe i licencyjne w najlepszych cenach!Zalecany Wiek: + 3 latRodzaj: PopiersieZawiera: Cz\u0119\u015bci i akcesoria<\/p>\n<h2>Bigbuy Fun Popiersie Sparkle Bigbuy Fun<\/h2>\n<p>zaproszenie na urodziny dziecka do druku, kanapki dla dzieci, znaki drogowe quizy, gabriela, jak narysowa\u0107 anio\u0142ka, laurka kolorowanki na dzie\u0144 mamy, ostatni dzwonek tekst, wulkan eksperyment, zabawy z 7 latkiem, lol surprise kolorowanka, ka\u0142u\u017cy\u015bci, zagadki o wiosnie, quiz o \u015bwi\u0119tach, kolorowanki do druku zwierz\u0119ta, prezent dla dziewczynki na roczek, testy z zemsty, domki nad morzem z atrakcjami dla dzieci, ja\u015bmina, roczek prezent, opis do zdj\u0119cia dziecka, kolorowanka harry potter<\/p>\n<p>yyyyy<\/p>\n<p>&nbsp;<\/p>\n","protected":false},"excerpt":{"rendered":"<p>Dzieci zas\u0142uguj\u0105 na to co najlepsze, dlatego przedstawiamy Ci Popiersie Sparkle, idealny dla tych, kt\u00f3rzy szukaj\u0105 produkt\u00f3w wysokiej jako\u015bci dla dzieci! Zdob\u0105d\u017a i inne produkty markowe i licencyjne w najlepszych cenach!Zalecany Wiek: + 3 latRodzaj: PopiersieZawiera: Cz\u0119\u015bci i akcesoria Bigbuy Fun Popiersie Sparkle Bigbuy Fun zaproszenie na urodziny dziecka do druku, kanapki dla dzieci, znaki [&hellip;]<\/p>\n","protected":false},"featured_media":11690,"comment_status":"closed","ping_status":"open","template":"","meta":[],"product_cat":[223,1298],"product_tag":[697,638,613,614,870,770,601],"class_list":["post-11689","product","type-product","status-publish","has-post-thumbnail","hentry","product_cat-bigbuy-fun","product_cat-glowy-do-czesania-i-stylizacji","product_tag-krotkie-bajki-do-czytania","product_tag-miastodzieci","product_tag-na-wyspach-bergamutach","product_tag-pia","product_tag-prezent-dla-chlopca-na-roczek","product_tag-samolot-z-papieru","product_tag-zagadki-co-to-jest"],"_links":{"self":[{"href":"http:\/\/klubmamgdynia.pl\/index.php\/wp-json\/wp\/v2\/product\/11689","targetHints":{"allow":["GET"]}}],"collection":[{"href":"http:\/\/klubmamgdynia.pl\/index.php\/wp-json\/wp\/v2\/product"}],"about":[{"href":"http:\/\/klubmamgdynia.pl\/index.php\/wp-json\/wp\/v2\/types\/product"}],"replies":[{"embeddable":true,"href":"http:\/\/klubmamgdynia.pl\/index.php\/wp-json\/wp\/v2\/comments?post=11689"}],"wp:featuredmedia":[{"embeddable":true,"href":"http:\/\/klubmamgdynia.pl\/index.php\/wp-json\/wp\/v2\/media\/11690"}],"wp:attachment":[{"href":"http:\/\/klubmamgdynia.pl\/index.php\/wp-json\/wp\/v2\/media?parent=11689"}],"wp:term":[{"taxonomy":"product_cat","embeddable":true,"href":"http:\/\/klubmamgdynia.pl\/index.php\/wp-json\/wp\/v2\/product_cat?post=11689"},{"taxonomy":"product_tag","embeddable":true,"href":"http:\/\/klubmamgdynia.pl\/index.php\/wp-json\/wp\/v2\/product_tag?post=11689"}],"curies":[{"name":"wp","href":"https:\/\/api.w.org\/{rel}","templated":true}]}}