{"id":11691,"date":"2025-08-07T11:19:26","date_gmt":"2025-08-07T09:19:26","guid":{"rendered":"http:\/\/klubmamgdynia.pl\/?post_type=product&#038;p=11691"},"modified":"2026-05-02T06:03:05","modified_gmt":"2026-05-02T04:03:05","slug":"plants-vs-zombies-battle-for-neighborville-complete-edition-gra-ns","status":"publish","type":"product","link":"http:\/\/klubmamgdynia.pl\/index.php\/produkt\/plants-vs-zombies-battle-for-neighborville-complete-edition-gra-ns\/","title":{"rendered":"Plants vs. Zombies: Battle for Neighborville Complete Edition (Gra NS)"},"content":{"rendered":"<p>Plants vs. Zombies: Battle for Neighborville Complete EditionWitaj w Neighborville \u2013 oazie spokoju, gdzie wiecznie zielony konflikt mi\u0119dzy tymi, co nie maj\u0105 m\u00f3zg\u00f3w, i tymi, co maj\u0105 korzenie, ju\u017c zaczyna kie\u0142kowa\u0107! Oboj\u0119tnie, czy chwycisz za wid\u0142y, czy schowasz g\u0142ow\u0119 w piasek, nie jeste\u015b mu w stanie zapobiec. Czas skopa\u0107 par\u0119 ogr\u00f3dk\u00f3w! Ro\u015bliny i zombie rozpoczynaj\u0105 walk\u0119 o ka\u017cdy skrawek Neighborville.                            <\/p>\n<p>Complete EditionPlants vs. Zombies: Bitwa o Neighborville Complete Edition posiadaczom Nintendo Switch daje mo\u017cliwo\u015b\u0107 odblokowania wszystkich postaci oraz zawarto\u015bci dost\u0119pnych dotychczas na PlayStation, Xbox i komputery osobiste. Oczywi\u015bcie ca\u0142a dodatkowa zawarto\u015b\u0107 stopniowo wprowadzana przez tw\u00f3rc\u00f3w po premierze Battle for Neighborville b\u0119dzie cz\u0119\u015bci\u0105 wersji Complete Edition. Zainteresowani b\u0119d\u0105 mieli dost\u0119p do a\u017c 23 w pe\u0142ni modyfikowalnych postaci, w tym klasy Team Play dla ka\u017cdej frakcji oraz do wszystkich przedmiot\u00f3w kosmetycznych, jakie kiedykolwiek zosta\u0142y wydane. Co najwa\u017cniejsze, wszystkie te dobrodziejstwa b\u0119d\u0105 dost\u0119pne jako przedmioty do odblokowania w grze.                            <\/p>\n<p>Napi\u0119cia w najnowszym konflikcie rosn\u0105 \u2013 czas pogorszy\u0107 spraw\u0119                            <\/p>\n<p>Witaj w NeighborvilleW zwariowanej bitwie ro\u015blin i zombie zwiedzisz ka\u017cdy skrawek Neighborville.                            <\/p>\n<p>Graj z przyjaci\u00f3\u0142mi we wszystkich trybachGraj w sze\u015bciu sieciowych trybach wieloosobowych i po\u0142\u0105cz si\u0142y w kooperacji* na podzielonym ekranie w ka\u017cdym trybie.                            <\/p>\n<p>Modyfikuj postacie przed bitw\u0105Odkryj 20 w pe\u0142ni konfigurowalnych klas, w tym dost\u0119pne dla ka\u017cdej frakcji klasy gry zespo\u0142owej.                            <\/p>\n<p>\u00a0                            <\/p>\n<p>\u00a0                            <\/p>\n<p>\u00a0                            <\/p>\n<p>Modyfikuj postacie przed bitw\u0105<br \/>\nPrzyczy\u0144 si\u0119 do rozkwitu konfliktu mi\u0119dzy ro\u015blinami i zombie razem z 20 klasami w pe\u0142ni modyfikowalnych postaci (\u0142\u0105cznie z klas\u0105 dru\u017cynow\u0105 dla ka\u017cdej z grup). Korzystaj z wyj\u0105tkowych umiej\u0119tno\u015bci postaci i do\u015bwiadczaj dreszczyku emocji, walcz\u0105c w sze\u015bciu trybach PvP, gdzie czeka na ciebie ca\u0142kiem nowa arena.                            <\/p>\n<p>Zagarnij ka\u017cdy skrawek Neighborville<br \/>\nNapi\u0119cie pomi\u0119dzy wrogimi si\u0142ami obj\u0119\u0142o trzy dodatkowe regiony oraz tryb PvE. Skompletuj trzyosobow\u0105 dru\u017cyn\u0119 w Sza\u0142owym Parku i odbij Zdziwacza\u0142y Las, Urwist\u0105 G\u00f3r\u0119 i Centrum Miasta! Grunt to rozw\u00f3j!                            <\/p>\n<p>Graj z przyjaci\u00f3\u0142mi we wszystkich trybach<br \/>\nPo\u0142\u0105cz si\u0142y w lokalnej grze na podzielonym ekranie* w ka\u017cdym trybie. Razem z maksymalnie trzema innymi graczami rusz do bitwy, swobodnie eksploruj\u0105c kolejne regiony, lub do\u0142\u0105cz do rywalizacji online i zmierz si\u0119 z maksymalnie 24 graczami w gigantycznej s\u0105siedzkiej rozr\u00f3bie.                            <\/p>\n<p>\u00a0<\/p>\n<h2>Plants vs. Zombies: Battle for Neighborville Complete Edition (Gra NS) PopCap Games<\/h2>\n<p>kolorowanki do druku pokemon, m\u0105dre prezenty dla 7 latki, \u0142atwe ale podchwytliwe zagadki, ch\u0142opcy z placu broni &#8211; test z odpowiedziami, prezenty dla nastolatki, poczytaj mi wiersz, \u017cyczenia na lany poniedzia\u0142ek wielkanocny, zagadki o wiosnie, cytat na dzie\u0144 matki, platformy edukacyjne dla dzieci, kolorowanka \u015bwinka peppa<\/p>\n<p>yyyyy<\/p>\n<p>&nbsp;<\/p>\n","protected":false},"excerpt":{"rendered":"<p>Plants vs. Zombies: Battle for Neighborville Complete EditionWitaj w Neighborville \u2013 oazie spokoju, gdzie wiecznie zielony konflikt mi\u0119dzy tymi, co nie maj\u0105 m\u00f3zg\u00f3w, i tymi, co maj\u0105 korzenie, ju\u017c zaczyna kie\u0142kowa\u0107! Oboj\u0119tnie, czy chwycisz za wid\u0142y, czy schowasz g\u0142ow\u0119 w piasek, nie jeste\u015b mu w stanie zapobiec. Czas skopa\u0107 par\u0119 ogr\u00f3dk\u00f3w! Ro\u015bliny i zombie rozpoczynaj\u0105 [&hellip;]<\/p>\n","protected":false},"featured_media":11692,"comment_status":"closed","ping_status":"open","template":"","meta":[],"product_cat":[348,2062],"product_tag":[706,656,630,711,746],"class_list":["post-11691","product","type-product","status-publish","has-post-thumbnail","hentry","product_cat-gry-nintendo-switch","product_cat-popcap-games","product_tag-imie-kuba","product_tag-kolorowanki-lol","product_tag-podchwytliwe-zagadki-z-odpowiedziami","product_tag-prezenty-dla-nastolatkow","product_tag-zagadki-typu-co-to-jest"],"_links":{"self":[{"href":"http:\/\/klubmamgdynia.pl\/index.php\/wp-json\/wp\/v2\/product\/11691","targetHints":{"allow":["GET"]}}],"collection":[{"href":"http:\/\/klubmamgdynia.pl\/index.php\/wp-json\/wp\/v2\/product"}],"about":[{"href":"http:\/\/klubmamgdynia.pl\/index.php\/wp-json\/wp\/v2\/types\/product"}],"replies":[{"embeddable":true,"href":"http:\/\/klubmamgdynia.pl\/index.php\/wp-json\/wp\/v2\/comments?post=11691"}],"wp:featuredmedia":[{"embeddable":true,"href":"http:\/\/klubmamgdynia.pl\/index.php\/wp-json\/wp\/v2\/media\/11692"}],"wp:attachment":[{"href":"http:\/\/klubmamgdynia.pl\/index.php\/wp-json\/wp\/v2\/media?parent=11691"}],"wp:term":[{"taxonomy":"product_cat","embeddable":true,"href":"http:\/\/klubmamgdynia.pl\/index.php\/wp-json\/wp\/v2\/product_cat?post=11691"},{"taxonomy":"product_tag","embeddable":true,"href":"http:\/\/klubmamgdynia.pl\/index.php\/wp-json\/wp\/v2\/product_tag?post=11691"}],"curies":[{"name":"wp","href":"https:\/\/api.w.org\/{rel}","templated":true}]}}