{"id":11693,"date":"2015-05-16T21:33:21","date_gmt":"2015-05-16T19:33:21","guid":{"rendered":"http:\/\/klubmamgdynia.pl\/index.php\/produkt\/laptop-huawei-matebook-16s-16-i7-16gb-1tb-win11-53013drp\/"},"modified":"2026-04-08T04:19:34","modified_gmt":"2026-04-08T02:19:34","slug":"laptop-huawei-matebook-16s-16-i7-16gb-1tb-win11-53013drp","status":"publish","type":"product","link":"http:\/\/klubmamgdynia.pl\/index.php\/produkt\/laptop-huawei-matebook-16s-16-i7-16gb-1tb-win11-53013drp\/","title":{"rendered":"Laptop Huawei MateBook 16s 16&#8243;\/i7\/16GB\/1TB\/Win11 (53013DRP)"},"content":{"rendered":"<p>HUAWEI MateBook 16sStworzony do wielkich rzeczyDotykowy ekran True Color 2,5K1 Procesor Intel\u00ae Core 12. generacji z serii H \u0141\u0105czno\u015b\u0107 Super Device2                            <\/p>\n<p>Profesjonalny wy\u015bwietlaczDotykowy ekran True Color 2,5KCiesz si\u0119 kreatywn\u0105 swobod\u0105 na du\u017cym 16-calowym ekranie z ultraw\u0105skimi ramkami, pokrywaj\u0105cym a\u017c 90% powierzchni przedniej obudowy3. Proporcje 3:2 usprawniaj\u0105 prac\u0119 z obrazem i edytowanie film\u00f3w, a obs\u0142uga dotykowa umo\u017cliwi powi\u0119kszanie szczeg\u00f3\u0142\u00f3w i przesuwanie obszaru roboczego.                            <\/p>\n<p>Wysoka rozdzielczo\u015b\u0107 i wierne odwzorowanie kolor\u00f3wW pi\u0119knych barwach                            <\/p>\n<p>2 520 \u00d7 1 680 pxRozdzielczo\u015b\u0107Certyfikat odwzorowaniakolor\u00f3w T\u00dcV Rheinland                            <\/p>\n<p>100% sRGBPokrycie przestrzeni barw\u0394E \uff1c 1Dok\u0142adne odwzorowanie kolor\u00f3w                            <\/p>\n<p>1,07 mldLiczba wy\u015bwietlanych kolor\u00f3w1 500:1Konrast6                            <\/p>\n<p>Dostrze\u017c najdrobniejsze szczeg\u00f3\u0142y w rozdzielczo\u015bci 2,5K. Ekran MateBooka 16s wy\u015bwietla 1,07 mld kolor\u00f3w7, pokrywaj\u0105c 100% przestrzeni sRGB6. Imponuj\u0105c\u0105 dok\u0142adno\u015b\u01079 odwzorowania barw na poziomie \u0394E \uff1c 1 potwierdza certyfikat T\u00dcV Rheinland8.                            <\/p>\n<p>Smuk\u0142a metalowa konstrukcjaLekki i eleganckiSmuk\u0142y design przyci\u0105ga wzrok i harmonijnie komponuje si\u0119 z przyjemnym w dotyku10, matowym wyko\u0144czeniem. Po z\u0142o\u017ceniu HUAWEI MateBook 16s mierzy zaledwie 17,8 mm12, a innowacyjna konstrukcja zawiasu umo\u017cliwia wygodne otwieranie jedn\u0105 r\u0119k\u010511.                            <\/p>\n<p>Procesor Intel\u00ae Core 12. generacji z serii HBezwzgl\u0119dnie mocnyHUAWEI MateBook 16s jest wyposa\u017cony w procesor Intel Core\u2122 i7 12. generacji o maksymalnej cz\u0119stotliwo\u015bci taktowania Turbo 5 GHz i mocy TDP 54 W13 w trybie wysokiej wydajno\u015bci14. Nowa hybrydowa struktura zapewnia imponuj\u0105cy skok wydajno\u015bci wielozadaniowej. Rdzenie P zajmuj\u0105 si\u0119 szczeg\u00f3lnie wymagaj\u0105cymi procesami, podczas gdy rdzenie E obs\u0142uguj\u0105 pozosta\u0142e zadania. HUAWEI MateBook 16s otrzyma\u0142 certyfikat platformy Intel\u00ae Evo\u2122, przyznawany laptopom najwy\u017cszej klasy.                            <\/p>\n<p>Windows 11 HomeSystem Operacyjny54 W\u00a0 \u00a0 \u00a0 \u00a0 \u00a016 GBTDP\u00a0 \u00a0\u00a0 \u00a0 \u00a0 \u00a0 \u00a0 \u00a0 \u00a0 \u00a0 \u00a0 \u00a02-kana\u0142owa pami\u0119\u0107\u00a0RAM LPDDR5\u00a0 \u00a0 \u00a0 \u00a0 \u00a0 \u00a0 \u00a0 \u00a0 \u00a0 \u00a0 \u00a0 \u00a0 \u00a0 \u00a0 \u00a0\u00a0                            <\/p>\n<p>14-rdzeniowy,\u00a020-w\u0105tkowy15CPU\u00a01 TB16PCIe SSD                            <\/p>\n<p>Ciche i wydajne ch\u0142odzeniePodw\u00f3jny uk\u0142ad ch\u0142odzenia klasy gamingowej zwi\u0119ksza mo\u017cliwo\u015bci komfortowej pracy w wymagaj\u0105cych aplikacjach. Du\u017cy otw\u00f3r wentylacyjny w podstawie laptopa mie\u015bci du\u017ce podw\u00f3jne wentylatory, sk\u0142adaj\u0105ce si\u0119 z 79 ultracienkich \u0142opatek Shark Fin w kszta\u0142cie litery S, kt\u00f3re pracuj\u0105 wydajnie, a jednocze\u015bnie cicho, rozpraszaj\u0105c ciep\u0142o za pomoc\u0105 dw\u00f3ch bardzo szerokich ciep\u0142owod\u00f3w.                            <\/p>\n<p>75 mm+Dwa wentylatory klasy gamingowej                            <\/p>\n<p>2 mmSzerokie ciep\u0142owody                            <\/p>\n<p>0,2 mmUltracienkie \u0142opatki w kszta\u0142cie litery S                            <\/p>\n<p>Innowacyjny designWlot powietrza w zawiasie                            <\/p>\n<p>Przeci\u0105gnij i po\u0142\u0105czSuper\u0142\u0105czno\u015b\u0107HUAWEI MateBook 16s wyposa\u017cono w technologi\u0119 Super Device. Przekszta\u0142\u0107 laptop, smartfon i tablet w jeden zsynchronizowany ekosystem i pracuj jeszcze wygodniej i wydajniej. Wystarczy otworzy\u0107 panel sterowania i wybra\u0107 ikon\u0119 urz\u0105dzenia, z kt\u00f3rym chcesz si\u0119 po\u0142\u0105czy\u0107.                            <\/p>\n<p>Pliki wielu urz\u0105dze\u014417Szybki transferSzybko i wygodnie przeno\u015b pliki pomi\u0119dzypo\u0142\u0105czonymi urz\u0105dzeniami.                            <\/p>\n<p>Wyszukiwanie AI18Znajd\u017a to, czego szukaszSzukaj plik\u00f3w i obraz\u00f3w na wszystkich\u00a0po\u0142\u0105czonych urz\u0105dzeniach.                            <\/p>\n<p>Automatyczne parowanie19Po\u0142\u0105cz w mgnieniu okaUrz\u0105dzenia zewn\u0119trzne, takie jak s\u0142uchawki, g\u0142o\u015bniki, myszy, klawiatury i drukarki s\u0105 wykrywane, gdy tylko znajd\u0105 si\u0119 w pobli\u017cu MateBooka. Automatycznie wyskakuj\u0105ce okienko u\u0142atwi b\u0142yskawiczne po\u0142\u0105czenie.                            <\/p>\n<p>HUAWEI Mobile App EngineAplikacje mobilne na laptopie                            <\/p>\n<p>Pobieraj aplikacje mobilne z HUAWEI AppGallery, od narz\u0119dzi biurowych a\u017c po gry, bezpo\u015brednio na laptopa20. Wykorzystaj w pe\u0142ni potencja\u0142 innowacyjnych rozwi\u0105za\u0144.                            <\/p>\n<p>Twarz\u0105 w twarzPrzenie\u015b jako\u015b\u0107 po\u0142\u0105cze\u0144 wideo na nowy poziom dzi\u0119ki kamerze AI 1080p21. W\u0142\u0105cz funkcj\u0119 FollowCam, aby pozostawa\u0107 w centrum kadru i spot\u0119gowa\u0107 wra\u017cenie naturalnego kontaktu wzrokowego z rozm\u00f3wc\u0105. Dzi\u0119ki mo\u017cliwo\u015bci zmiany wirtualnego t\u0142a mo\u017cesz przeprowadzi\u0107 profesjonaln\u0105 prezentacj\u0119, niezale\u017cnie od tego, gdzie jeste\u015b.                            <\/p>\n<p>Fantastyczne brzmienieUs\u0142ysz ka\u017cd\u0105 nut\u0119 przestrzennego d\u017awi\u0119ku p\u0142yn\u0105cego z du\u017cych g\u0142o\u015bnik\u00f3w umieszczonych po dw\u00f3ch stronach klawiatury. Dopasuj charakterystyk\u0119 brzmienia do swoich potrzeb, wybieraj\u0105c jeden z dost\u0119pnych efekt\u00f3w d\u017awi\u0119kowych.                            <\/p>\n<p>Sound TrueVoiceRedukcja szum\u00f3w                            <\/p>\n<p>Sound TrueHDWysoka jako\u015b\u0107 d\u017awi\u0119ku                            <\/p>\n<p>Wzmocnienie g\u0142osuG\u0142o\u015bno i wyra\u017anie                            <\/p>\n<p>Rado\u015b\u0107 pisaniaDzi\u0119ki pe\u0142nowymiarowej klawiaturze o skoku 1,5 mm ka\u017cde dotkni\u0119cie klawisza b\u0119dzie czyst\u0105 przyjemno\u015bci\u0105. Funkcja 3-poziomowego pod\u015bwietlenia24 zapewni komfort pracy po zmroku, a je\u015bli zechcesz, mo\u017ce aktywowa\u0107 si\u0119 automatycznie.                            <\/p>\n<p>D\u0142ugodystansowa bateriaMoc jest Twoim sprzymierze\u0144cem! Dzi\u0119ki pojemnej baterii25 84 Wh mo\u017cesz dzia\u0142a\u0107 jeszcze d\u0142u\u017cej, a \u0142adowarka 90 W26 zasili nie tylko MateBooka, ale r\u00f3wnie\u017c do\u0142aduje inne kompatybilne urz\u0105dzenia HUAWEI27.                            <\/p>\n<p>Szklany touchpadObszar dotykowy touchpada w HUAWEI MateBook 16s zosta\u0142 zwi\u0119kszony o 46%28, przez co zapewnia wi\u0119ksz\u0105 swobod\u0119 i precyzj\u0119 obs\u0142ugi, a szklana, polerowana powierzchni jest g\u0142adka i przyjemna w dotyku.                            <\/p>\n<p>Czytnik linii papilarnychPrzycisk zasilania zintegrowany z czytnikiem linii papilarnych umo\u017cliwia w\u0142\u0105czanie i logowanie jednym dotkni\u0119ciem, zapewniaj\u0105c bezpo\u015bredni dost\u0119p do pulpitu w ci\u0105gu kilku sekund.                            <\/p>\n<p>PortyHUAWEI MateBook 16s dysponuje gam\u0105 6 port\u00f3w, do kt\u00f3rych mo\u017cesz pod\u0142\u0105czy\u0107 wszystkie niezb\u0119dne urz\u0105dzenia zewn\u0119trzne i akcesoria.                            <\/p>\n<p>1. Dane na podstawie wewn\u0119trznych test\u00f3w laboratoryjnych Huawei.2. Funkcja dost\u0119pna dla wybranych smartfon\u00f3w, tablet\u00f3w, monitor\u00f3w i laptop\u00f3w HUAWEI. Wymagana aplikacja PC Manager (Mened\u017cer PC) w wersji 12.0.2 lub nowszej. Aby uzyska\u0107 szczeg\u00f3\u0142owe informacje o obs\u0142ugiwanych modelach i funkcjonalno\u015bci, skontaktuj si\u0119 z Centrum Obs\u0142ugi Klienta.3. Dane na podstawie wewn\u0119trznych test\u00f3w laboratoryjnych Huawei. Warto\u015b\u0107 opisuje stosunek powierzchni ca\u0142ego przedniego panelu do powierzchni ekranu.4. Ekran otrzyma\u0142 certyfikat T\u00dcV Rheinland na podstawie pomy\u015blnego wyniku testu emisji niebieskiego \u015bwiat\u0142a. Produkt nie ma dzia\u0142ania leczniczego ani terapeutycznego.5. Ekran otrzyma\u0142 certyfikat T\u00dcV Rheinland na podstawie pomy\u015blnego wyniku testu migotania. Produkt nie ma dzia\u0142ania leczniczego ani terapeutycznego.6.Kontrast, jasno\u015b\u0107, przestrze\u0144 barw i dok\u0142adno\u015b\u0107 odwzorowania kolor\u00f3w to warto\u015bci typowe.7. Aby wy\u015bwietli\u0107 1,07 mld kolor\u00f3w, wymagane s\u0105 10-bitowe pliki \u017ar\u00f3d\u0142owe.8. HUAWEI MateBook 16s otrzyma\u0142 certyfikat dok\u0142adno\u015bci i stabilno\u015bci kolor\u00f3w T\u00dcV Rheinland. Warunki testowe: system Windows musi by\u0107 poprawnie uruchomiony, a ustawienia wy\u015bwietlania musz\u0105 pozosta\u0107 w stanie domy\u015blnym.9. \u0394E = 1 to typowa warto\u015b\u0107 fabrycznej \u015bredniej dok\u0142adno\u015bci odwzorowania kolor\u00f3w. Dok\u0142adno\u015b\u0107 kolor\u00f3w mo\u017ce si\u0119 nieznacznie r\u00f3\u017cni\u0107 w zale\u017cno\u015bci od czasu u\u017cytkowania ekranu, przyrz\u0105d\u00f3w testowych itp.10. Ramka wok\u00f3\u0142 ekranu, pokrywa g\u00f3rna, pokrywa dolna i os\u0142ony boczne (w kt\u00f3rych znajduj\u0105 si\u0119 porty) s\u0105 wykonane z metalu. Os\u0142ony zawias\u00f3w s\u0105 wykonane z materia\u0142\u00f3w niemetalowych.11. K\u0105t otwarcia: 0\u00b0 &#8211; 150\u00b0.12. Dane na podstawie wewn\u0119trznych test\u00f3w laboratoryjnych Huawei. Pomiar nie uwzgl\u0119dnia n\u00f3\u017cek u podstawy. Rzeczywista grubo\u015b\u0107 mo\u017ce si\u0119 r\u00f3\u017cni\u0107 w zale\u017cno\u015bci od cech produktu, procesu produkcyjnego i metod pomiaru.13. TDP okre\u015bla maks. ilo\u015b\u0107 ciep\u0142a wydzielan\u0105 przez procesor.14. Tryb wysokiej wydajno\u015bci jest domy\u015blnie wy\u0142\u0105czony i wymaga pod\u0142\u0105czenia do zasilacza. Tryb ten zapewnia natychmiastowe zwi\u0119kszenie wydajno\u015bci procesora i uk\u0142adu graficznego, co mo\u017ce skutkowa\u0107 g\u0142o\u015bniejsz\u0105 prac\u0105 wentylatora i wy\u017cszymi temperaturami na powierzchni obudowy.15. Dotyczy procesora Intel\u00ae Core\u2122 i7-12700H.16. Rzeczywista pojemno\u015b\u0107 po sformatowaniu mo\u017ce by\u0107 nieco mniejsza.17. Funkcja dost\u0119pna dla wybranych smartfon\u00f3w, tablet\u00f3w i laptop\u00f3w HUAWEI. Wymagana aplikacja PC Manager (Mened\u017cer PC) w wersji 12.0.2 lub nowszej. Aby uzyska\u0107 szczeg\u00f3\u0142owe informacje o obs\u0142ugiwanych modelach i funkcjonalno\u015bci, skontaktuj si\u0119 z Centrum Obs\u0142ugi Klienta.18. Funkcja dost\u0119pna dla wybranych smartfon\u00f3w i laptop\u00f3w HUAWEI. Wymagana aplikacja PC Manager (Mened\u017cer PC) w wersji 12.0.2 lub nowszej. Aby uzyska\u0107 szczeg\u00f3\u0142owe informacje o obs\u0142ugiwanych modelach i funkcjonalno\u015bci, skontaktuj si\u0119 z Centrum Obs\u0142ugi Klienta.19. Funkcja dost\u0119pna dla wybranych tablet\u00f3w HUAWEI z systemem HarmonyOS 2 lub nowszym oraz laptop\u00f3w HUAWEI z aplikacj\u0105 PC Manager (Mened\u017cer PC) w wersji 12.0.2 lub nowszej. Dotyczy wybranych typ\u00f3w plik\u00f3w. Aby uzyska\u0107 szczeg\u00f3\u0142owe informacje o obs\u0142ugiwanych modelach i funkcjonalno\u015bci, skontaktuj si\u0119 z Centrum Obs\u0142ugi Klienta.20. Liczba dost\u0119pnych aplikacji i ich funkcjonalno\u015b\u0107 mo\u017ce by\u0107 uzale\u017cniona od regionu.21. Funkcja dost\u0119pna dla wybranych laptop\u00f3w HUAWEI. Wymagana aplikacja PC Manager (Mened\u017cer PC) w wersji 13.0.1 lub nowszej. Funkcja jest domy\u015blnie wy\u0142\u0105czona.22. Dane na podstawie wewn\u0119trznych test\u00f3w laboratoryjnych Huawei, przeprowadzonych w cichym, zamkni\u0119tym pomieszczeniu. Rzeczywiste efekty mog\u0105 si\u0119 r\u00f3\u017cni\u0107 w zale\u017cno\u015bci od warunk\u00f3w otoczenia.23. Funkcja dost\u0119pna dla wybranych laptop\u00f3w Huawei z aplikacj\u0105 PC Manager (Mened\u017cer PC) w wersji 12.0.2 (lub nowszej). Wymagane u\u017cycie s\u0142uchawek przewodowych z wbudowanymi mikrofonami. Rzeczywista wydajno\u015b\u0107 mo\u017ce si\u0119 r\u00f3\u017cni\u0107 w zale\u017cno\u015bci od modelu s\u0142uchawek, oprogramowania i czynnik\u00f3w zewn\u0119trznych.24. Trzy stopnie pod\u015bwietlenia: wy\u0142\u0105czone, 50%, 100%.25. Warto\u015b\u0107 znamionowa.26. \u0141adowarka dostarczana w zestawie.27. \u0141adowarka 65 W jest kompatybilna z modelami smartfon\u00f3w HUAWEI bs\u0142uguj\u0105cymi protok\u00f3\u0142 SuperCharge, w tym z HUAWEI P50, HUAWEI P40, HUAWEI Mate 40 i HUAWEI Mate Xs 2. Aby uzyska\u0107 szczeg\u00f3\u0142owe informacje na temat obs\u0142ugiwanych modeli telefon\u00f3w, skontaktuj si\u0119 z lokaln\u0105 infolini\u0105 obs\u0142ugi klienta Huawei. \u0141adowarka 90 W obs\u0142uguje wiele mocy wyj\u015bciowych, w tym 5V\/3A, 9V\/3A, 12V\/3A, 15V\/5A, 20V\/4,5A i musi by\u0107 dostosowana do \u0142adowanego urz\u0105dzenia.28. Dane na podstawie wewn\u0119trznych test\u00f3w laboratoryjnych Huawei, w por\u00f3wnaniu z laptopem HUAWEI MateBook 14s.*Wygl\u0105d poszczeg\u00f3lnych element\u00f3w interfejsu mo\u017ce si\u0119 r\u00f3\u017cni\u0107 w zale\u017cno\u015bci od wersji systemu Windows.                            <\/p>\n<p>*Obrazy produkt\u00f3w i zawarto\u015b\u0107 ekranu na powy\u017cszych stronach s\u0105 dost\u0119pne tylko w celach informacyjnych. Aktualne cechy i specyfikacja produktu (w tym wygl\u0105d, kolor i rozmiar), a tak\u017ce rzeczywista zawarto\u015b\u0107 wy\u015bwietlacza (w tym t\u0142o, wygl\u0105d interfaceu i ikony) mog\u0105 si\u0119 r\u00f3\u017cni\u0107.**Powy\u017csze dane s\u0105 warto\u015bciami teoretycznymi uzyskanymi w czasie test\u00f3w, przeprowadzonych w okre\u015blonych warunkach. Wi\u0119cej informacji mo\u017cna uzyska\u0107 w szczeg\u00f3\u0142owym opisie produkt\u00f3w. Rzeczywiste dane mog\u0105 sie r\u00f3\u017cni\u0107 w zale\u017cno\u015bci od wersji produktu, w tym softwareu, aplikacji i czynnik\u00f3w \u015brodowiskowych. Wszystkie dane mog\u0105 si\u0119 zmieni\u0107 ze wzgl\u0119du na u\u017cytkowanie produktu.***W celu zapewnienia aktualnych informacji o produktach, specyfikacjach i funkcjach, firma HUAWEI mo\u017ce wprowadza\u0107 zmiany do poprzednich specyfikacji. Zmiany mog\u0105 dotyczy\u0107 wydajno\u015bci produktu oraz specyfikacji. Wszystkie zmiany mog\u0105 zosta\u0107 wprowadzane bez uprzedzenia.<\/p>\n<h2>Laptop Huawei MateBook 16s 16&#8243;\/i7\/16GB\/1TB\/Win11 (53013DRP) Huawei<\/h2>\n<p>hejka tu lenka quizy, zagadki o owocach, kuchcikowo przepisy dla dzieci, walentynka dla syna, malowanki dla dziewczynek, kawaly na prima aprilis, kolorowanki do druku kotki, jednoro\u017cec kolorowanka do druku, ciekawe miejsca w warszawie dla m\u0142odzie\u017cy, ostatni dzwonek tekst, jan pawe\u0142 2 rysunek \u0142atwy dla dzieci, gry i zabawy ruchowe, kr\u00f3tkie zagadki matematyczne z odpowiedziami, weso\u0142e pisanki tekst piosenki, tabliczka mno\u017cenia kolorowanki do wydruku<\/p>\n<p>yyyyy<\/p>\n<p>&nbsp;<\/p>\n","protected":false},"excerpt":{"rendered":"<p>HUAWEI MateBook 16sStworzony do wielkich rzeczyDotykowy ekran True Color 2,5K1 Procesor Intel\u00ae Core 12. generacji z serii H \u0141\u0105czno\u015b\u0107 Super Device2 Profesjonalny wy\u015bwietlaczDotykowy ekran True Color 2,5KCiesz si\u0119 kreatywn\u0105 swobod\u0105 na du\u017cym 16-calowym ekranie z ultraw\u0105skimi ramkami, pokrywaj\u0105cym a\u017c 90% powierzchni przedniej obudowy3. Proporcje 3:2 usprawniaj\u0105 prac\u0119 z obrazem i edytowanie film\u00f3w, a obs\u0142uga dotykowa [&hellip;]<\/p>\n","protected":false},"featured_media":11694,"comment_status":"closed","ping_status":"open","template":"","meta":[],"product_cat":[2063,2023],"product_tag":[851,644,690],"class_list":["post-11693","product","type-product","status-publish","has-post-thumbnail","hentry","product_cat-huawei","product_cat-laptopy","product_tag-jak-narysowac-kota","product_tag-mia","product_tag-pieski-male-dwa-tekst"],"_links":{"self":[{"href":"http:\/\/klubmamgdynia.pl\/index.php\/wp-json\/wp\/v2\/product\/11693","targetHints":{"allow":["GET"]}}],"collection":[{"href":"http:\/\/klubmamgdynia.pl\/index.php\/wp-json\/wp\/v2\/product"}],"about":[{"href":"http:\/\/klubmamgdynia.pl\/index.php\/wp-json\/wp\/v2\/types\/product"}],"replies":[{"embeddable":true,"href":"http:\/\/klubmamgdynia.pl\/index.php\/wp-json\/wp\/v2\/comments?post=11693"}],"wp:featuredmedia":[{"embeddable":true,"href":"http:\/\/klubmamgdynia.pl\/index.php\/wp-json\/wp\/v2\/media\/11694"}],"wp:attachment":[{"href":"http:\/\/klubmamgdynia.pl\/index.php\/wp-json\/wp\/v2\/media?parent=11693"}],"wp:term":[{"taxonomy":"product_cat","embeddable":true,"href":"http:\/\/klubmamgdynia.pl\/index.php\/wp-json\/wp\/v2\/product_cat?post=11693"},{"taxonomy":"product_tag","embeddable":true,"href":"http:\/\/klubmamgdynia.pl\/index.php\/wp-json\/wp\/v2\/product_tag?post=11693"}],"curies":[{"name":"wp","href":"https:\/\/api.w.org\/{rel}","templated":true}]}}