{"id":11695,"date":"2014-07-24T06:36:52","date_gmt":"2014-07-24T04:36:52","guid":{"rendered":"http:\/\/klubmamgdynia.pl\/index.php\/produkt\/rolly-toys-koparka-caterpillar-z-przyczepa-zolta\/"},"modified":"2026-04-06T03:28:50","modified_gmt":"2026-04-06T01:28:50","slug":"rolly-toys-koparka-caterpillar-z-przyczepa-zolta","status":"publish","type":"product","link":"http:\/\/klubmamgdynia.pl\/index.php\/produkt\/rolly-toys-koparka-caterpillar-z-przyczepa-zolta\/","title":{"rendered":"Rolly Toys Koparka Caterpillar z przyczep\u0105, \u017c\u00f3\u0142ta"},"content":{"rendered":"<p>Caterpillar marki Rolly Toys to \u017c\u00f3\u0142ta koparka na peda\u0142y z odpinan\u0105 jednoosiow\u0105 przyczepk\u0105. Ci\u0105gnik posiada \u0142y\u017ck\u0119 \u0142adownicz\u0105 oraz du\u017ce plastikowe ko\u0142a z wymiennym gumowym pasem. Dzi\u0119ki zastosowaniu mechanizmu przek\u0142adni \u0142a\u0144cuchowej przeznaczony jest dla dzieci ju\u017c od 2,5 roku \u017cycia.<\/p>\n<h2>Rolly Toys Koparka Caterpillar z przyczep\u0105, \u017c\u00f3\u0142ta Rolly Toys<\/h2>\n<p>zagadki o owocach, pierniki na bo\u017ce narodzenie, imi\u0119 liwia, kolorowanka pikachu, trudne zagadki z odpowiedziami, krzy\u017c\u00f3wki dla dzieci do druku, peppa do druku, quiz online, najpi\u0119kniejsze cytaty o przyja\u017ani, wakacyjne kolorowanki, jednoro\u017cec kolorowanka do druku, cytaty o dziecku, quiz zemsta, quizy ma\u0142y ksi\u0105\u017c\u0119, samolot z papieru, zagadki o bo\u017cym narodzeniu, zagadki o lesie<\/p>\n<p>yyyyy<\/p>\n<p>&nbsp;<\/p>\n","protected":false},"excerpt":{"rendered":"<p>Caterpillar marki Rolly Toys to \u017c\u00f3\u0142ta koparka na peda\u0142y z odpinan\u0105 jednoosiow\u0105 przyczepk\u0105. Ci\u0105gnik posiada \u0142y\u017ck\u0119 \u0142adownicz\u0105 oraz du\u017ce plastikowe ko\u0142a z wymiennym gumowym pasem. Dzi\u0119ki zastosowaniu mechanizmu przek\u0142adni \u0142a\u0144cuchowej przeznaczony jest dla dzieci ju\u017c od 2,5 roku \u017cycia. Rolly Toys Koparka Caterpillar z przyczep\u0105, \u017c\u00f3\u0142ta Rolly Toys zagadki o owocach, pierniki na bo\u017ce narodzenie, [&hellip;]<\/p>\n","protected":false},"featured_media":11696,"comment_status":"closed","ping_status":"open","template":"","meta":[],"product_cat":[1197,489],"product_tag":[802,768,582,856,735,824],"class_list":["post-11695","product","type-product","status-publish","has-post-thumbnail","hentry","product_cat-rolly-toys","product_cat-traktory-dla-dzieci","product_tag-co-kupic-dziewczynce-na-roczek","product_tag-krotkie-zagadki-logiczne","product_tag-nauka-pisania-literek-do-wydruku-pdf","product_tag-prezent-dla-16-latki","product_tag-prezent-na-roczek-dziewczynka","product_tag-warszawa-atrakcje-dla-dzieci"],"_links":{"self":[{"href":"http:\/\/klubmamgdynia.pl\/index.php\/wp-json\/wp\/v2\/product\/11695","targetHints":{"allow":["GET"]}}],"collection":[{"href":"http:\/\/klubmamgdynia.pl\/index.php\/wp-json\/wp\/v2\/product"}],"about":[{"href":"http:\/\/klubmamgdynia.pl\/index.php\/wp-json\/wp\/v2\/types\/product"}],"replies":[{"embeddable":true,"href":"http:\/\/klubmamgdynia.pl\/index.php\/wp-json\/wp\/v2\/comments?post=11695"}],"wp:featuredmedia":[{"embeddable":true,"href":"http:\/\/klubmamgdynia.pl\/index.php\/wp-json\/wp\/v2\/media\/11696"}],"wp:attachment":[{"href":"http:\/\/klubmamgdynia.pl\/index.php\/wp-json\/wp\/v2\/media?parent=11695"}],"wp:term":[{"taxonomy":"product_cat","embeddable":true,"href":"http:\/\/klubmamgdynia.pl\/index.php\/wp-json\/wp\/v2\/product_cat?post=11695"},{"taxonomy":"product_tag","embeddable":true,"href":"http:\/\/klubmamgdynia.pl\/index.php\/wp-json\/wp\/v2\/product_tag?post=11695"}],"curies":[{"name":"wp","href":"https:\/\/api.w.org\/{rel}","templated":true}]}}