{"id":11697,"date":"2017-05-22T23:08:51","date_gmt":"2017-05-22T21:08:51","guid":{"rendered":"http:\/\/klubmamgdynia.pl\/index.php\/produkt\/mega-creative-zamek-443400\/"},"modified":"2026-04-06T18:53:46","modified_gmt":"2026-04-06T16:53:46","slug":"mega-creative-zamek-443400","status":"publish","type":"product","link":"http:\/\/klubmamgdynia.pl\/index.php\/produkt\/mega-creative-zamek-443400\/","title":{"rendered":"Mega Creative Zamek (443400)"},"content":{"rendered":"<p>ZAMEK Z AKCESORIAMI MEGA CREATIVE 443400 &#8211; MEGA CREATIVE<\/p>\n<h2>Mega Creative Zamek (443400) Mega Creative<\/h2>\n<p>cytat dla mamy, z\u0142ote my\u015bli o przyja\u017ani, zagadki matematyczne dla dzieci 7 lat, gaja imi\u0119, pa\u0144stwa europy i ich stolice quiz, marcel imie, zabawy dla 7 latki, el\u017cbieta imie, mini zoo dolno\u015bl\u0105skie, gabriela imie<\/p>\n<p>yyyyy<\/p>\n<p>&nbsp;<\/p>\n","protected":false},"excerpt":{"rendered":"<p>ZAMEK Z AKCESORIAMI MEGA CREATIVE 443400 &#8211; MEGA CREATIVE Mega Creative Zamek (443400) Mega Creative cytat dla mamy, z\u0142ote my\u015bli o przyja\u017ani, zagadki matematyczne dla dzieci 7 lat, gaja imi\u0119, pa\u0144stwa europy i ich stolice quiz, marcel imie, zabawy dla 7 latki, el\u017cbieta imie, mini zoo dolno\u015bl\u0105skie, gabriela imie yyyyy &nbsp;<\/p>\n","protected":false},"featured_media":11698,"comment_status":"closed","ping_status":"open","template":"","meta":[],"product_cat":[1635,64],"product_tag":[743,586,629,597],"class_list":["post-11697","product","type-product","status-publish","has-post-thumbnail","hentry","product_cat-domki-dla-lalek","product_cat-mega-creative","product_tag-quiz-dla-dzieci","product_tag-smieszne-zagadki","product_tag-smieszne-zagadki-z-odpowiedziami","product_tag-zagadki-o-zimie"],"_links":{"self":[{"href":"http:\/\/klubmamgdynia.pl\/index.php\/wp-json\/wp\/v2\/product\/11697","targetHints":{"allow":["GET"]}}],"collection":[{"href":"http:\/\/klubmamgdynia.pl\/index.php\/wp-json\/wp\/v2\/product"}],"about":[{"href":"http:\/\/klubmamgdynia.pl\/index.php\/wp-json\/wp\/v2\/types\/product"}],"replies":[{"embeddable":true,"href":"http:\/\/klubmamgdynia.pl\/index.php\/wp-json\/wp\/v2\/comments?post=11697"}],"wp:featuredmedia":[{"embeddable":true,"href":"http:\/\/klubmamgdynia.pl\/index.php\/wp-json\/wp\/v2\/media\/11698"}],"wp:attachment":[{"href":"http:\/\/klubmamgdynia.pl\/index.php\/wp-json\/wp\/v2\/media?parent=11697"}],"wp:term":[{"taxonomy":"product_cat","embeddable":true,"href":"http:\/\/klubmamgdynia.pl\/index.php\/wp-json\/wp\/v2\/product_cat?post=11697"},{"taxonomy":"product_tag","embeddable":true,"href":"http:\/\/klubmamgdynia.pl\/index.php\/wp-json\/wp\/v2\/product_tag?post=11697"}],"curies":[{"name":"wp","href":"https:\/\/api.w.org\/{rel}","templated":true}]}}