{"id":11699,"date":"2022-08-26T05:17:10","date_gmt":"2022-08-26T03:17:10","guid":{"rendered":"http:\/\/klubmamgdynia.pl\/index.php\/produkt\/ipega-pg-9087s\/"},"modified":"2026-05-01T13:37:57","modified_gmt":"2026-05-01T11:37:57","slug":"ipega-pg-9087s","status":"publish","type":"product","link":"http:\/\/klubmamgdynia.pl\/index.php\/produkt\/ipega-pg-9087s\/","title":{"rendered":"iPega PG-9087s"},"content":{"rendered":"<p>Uchwyt Grip do telefonu iPega PG-9087S gamepad kontroler z bluetooth 4.0 obs\u0142uguj\u0105cy Android iOS Windows 7\/8\/10 oraz Smart TV.Specyfikacja:Nowa wersja PG-9087S, w przeciwie\u0144stwie do starszej wersji PG-9087 bez S wspiera iOS.Kolor: czarny z czerwonymi dodatkamiWbudowany pojemny akumulatorek 400mAh, do 8h na jednym \u0142adowaniu. Automatyczna konfiguracja w wielu grachMo\u017cliwo\u015b\u0107 mapowania przycisk\u00f3w w dedykowanej aplikacji.Zasi\u0119g: 8mSolidnie wykonany, wygodny w u\u017cytkowaniu360-stopniowy joysticki bez martwej strefyDodatkowe klawisze funkcyjne gwarantuj\u0105ce przewag\u0119 w grach!Lekki, tylko 126g, nie m\u0119czy d\u0142oniDost\u0119pne 4 tryby pracyWymiar: 163mm x 86,8 mm x 36mmKompatybilno\u015b\u0107:Wsparcie dla wielu gier ze sklepu Play, mi\u0119dzy innymi PUBG, Arena of Valor, Knives, Fortnite itp.Urz\u0105dzenia o szeroko\u015bci do 15,5cmWindows 7\/8\/10Smartfony z systemem Android w wersji wy\u017cszej ni\u017c 6.0Smartfony z systemem iOS w wersji wy\u017cszej ni\u017c 11.0Systemy smart TVKomunikacja:Bezprzewodowa, bluetooth 4.0 (wspiera telefony z innymi wersjami) do 8m.Inne:100% oryginalny iPega PG-9087s. Oryginalno\u015b\u0107 potwierdzona emblematem producenta.Zestaw zawiera:Gamepad, uchwyt GRIP do telefonu iPega PG-9087S Red Knight BluetoothInstrukcjeKabel micro USB do \u0142adowaniaZawieszk\u0119Oryginalne opakowanie producentaSzeroka kompatybilno\u015b\u0107 uchwytu Grip iPegaBezprzewodowy GamePad iPega jest kompatybilny z wieloma grami dost\u0119pnymi na smartfonach, mi\u0119dzy innymi PUBG, Arena of Valor, Knives, Fortnite itp.Uchwyt Grip bezproblemowo pod\u0142\u0105czymy do urz\u0105dze\u0144 z systemem Android, iOS (iPhone), smart TV, TV box czy te\u017c Windows 7\/8\/10.*Niestety, nie wszystkie dost\u0119pne gry mobilne wspieraj\u0105 pady. Je\u017celi gra nie wspiera padow, problem le\u017cy po stronie aplikacji. W takim przypadku zalecamy kontakt z jej tw\u00f3rc\u0105.Pad do gier Android, iOS, Windows z wbudowanym akumulatorkiemUchwyt grip do telefonu posiada wbudowany akumulatorek o pojemno\u015bci 400mAh, gwarantuj\u0105cy prac\u0119 na baterii do 8h.\u0141adowanie mo\u017cliwe kablem micro USB znajduj\u0105cym si\u0119 w zestawie.Bezprzewodowa komunikacja bluetooth 4.0Gamepad iPega posiada wbudowany bluetooth 4.0, dzi\u0119ki kt\u00f3remu bezprzewodowo skomunikujemy si\u0119 z telefonem, smartfonem.Zasi\u0119g wynosi do 8m. Wersja 4.0 gwarantuje kompatybilno\u015b\u0107 z telefonami wyposa\u017conymi w inne wersje interfejsu bluetooth.Wysoka jako\u015b\u0107 wykonania pada do smartfona iPega, zapewnia dok\u0142adn\u0105 kontrol\u0119.Pad do smartfona iPega zosta\u0142 wykonany z dba\u0142o\u015bci\u0105 o detale z wysokiej jako\u015bci materia\u0142\u00f3w.Uchwyt grip z dodatkowymi klawiszami funkcyjnymi zapewniaj\u0105cymi przewag\u0119.Kontroler do gier Grip Android posiada wbudowane klawisze funkcyjne, gwarantuj\u0105ce przewag\u0119 oraz lepsz\u0105 kontrol\u0119.100% Oryginalny gamepad, uchwyt Grip iPega PG-9087SPad wysy\u0142amy nowy, zapakowany w oryginalne opakowanie producenta.iPega producent uchwyt\u00f3w grip, gamepad\u00f3w i innych akcesori\u00f3w segmentu premium cechuj\u0105cych si\u0119 nowoczesnym designem, wykonaniem z dba\u0142o\u015bci\u0105 o szczeg\u00f3\u0142y oraz d\u0142ug\u0105 \u017cywotno\u015bci\u0105.<\/p>\n<h2>iPega PG-9087s Ipega<\/h2>\n<p>cytat o przyja\u017ani, plac zamkowy, maska karnawa\u0142owa pdf, jakie s\u0105 dary jesieni<\/p>\n<p>yyyyy<\/p>\n<p>&nbsp;<\/p>\n","protected":false},"excerpt":{"rendered":"<p>Uchwyt Grip do telefonu iPega PG-9087S gamepad kontroler z bluetooth 4.0 obs\u0142uguj\u0105cy Android iOS Windows 7\/8\/10 oraz Smart TV.Specyfikacja:Nowa wersja PG-9087S, w przeciwie\u0144stwie do starszej wersji PG-9087 bez S wspiera iOS.Kolor: czarny z czerwonymi dodatkamiWbudowany pojemny akumulatorek 400mAh, do 8h na jednym \u0142adowaniu. Automatyczna konfiguracja w wielu grachMo\u017cliwo\u015b\u0107 mapowania przycisk\u00f3w w dedykowanej aplikacji.Zasi\u0119g: 8mSolidnie wykonany, [&hellip;]<\/p>\n","protected":false},"featured_media":11700,"comment_status":"closed","ping_status":"open","template":"","meta":[],"product_cat":[419,2064],"product_tag":[867,742,631,840,779],"class_list":["post-11699","product","type-product","status-publish","has-post-thumbnail","hentry","product_cat-gamepady","product_cat-ipega","product_tag-kolorowanki-dla-dziewczynek","product_tag-piosenki-dla-dzieci-tekst","product_tag-prezent-na-roczek","product_tag-stare-bajki","product_tag-zarty-na-prima-aprilis-w-domu"],"_links":{"self":[{"href":"http:\/\/klubmamgdynia.pl\/index.php\/wp-json\/wp\/v2\/product\/11699","targetHints":{"allow":["GET"]}}],"collection":[{"href":"http:\/\/klubmamgdynia.pl\/index.php\/wp-json\/wp\/v2\/product"}],"about":[{"href":"http:\/\/klubmamgdynia.pl\/index.php\/wp-json\/wp\/v2\/types\/product"}],"replies":[{"embeddable":true,"href":"http:\/\/klubmamgdynia.pl\/index.php\/wp-json\/wp\/v2\/comments?post=11699"}],"wp:featuredmedia":[{"embeddable":true,"href":"http:\/\/klubmamgdynia.pl\/index.php\/wp-json\/wp\/v2\/media\/11700"}],"wp:attachment":[{"href":"http:\/\/klubmamgdynia.pl\/index.php\/wp-json\/wp\/v2\/media?parent=11699"}],"wp:term":[{"taxonomy":"product_cat","embeddable":true,"href":"http:\/\/klubmamgdynia.pl\/index.php\/wp-json\/wp\/v2\/product_cat?post=11699"},{"taxonomy":"product_tag","embeddable":true,"href":"http:\/\/klubmamgdynia.pl\/index.php\/wp-json\/wp\/v2\/product_tag?post=11699"}],"curies":[{"name":"wp","href":"https:\/\/api.w.org\/{rel}","templated":true}]}}