{"id":1170,"date":"2014-04-06T12:06:01","date_gmt":"2014-04-06T10:06:01","guid":{"rendered":"http:\/\/klubmamgdynia.pl\/index.php\/produkt\/hot-wheels-mario-kart-samochodzik-z-gier-grm43\/"},"modified":"2026-04-06T02:51:13","modified_gmt":"2026-04-06T00:51:13","slug":"hot-wheels-mario-kart-samochodzik-z-gier-grm43","status":"publish","type":"product","link":"http:\/\/klubmamgdynia.pl\/index.php\/produkt\/hot-wheels-mario-kart-samochodzik-z-gier-grm43\/","title":{"rendered":"Hot Wheels Mario Kart Samochodzik z gier GRM43"},"content":{"rendered":"<p>Gracze mog\u0105 teraz zebra\u0107 ca\u0142\u0105 kolekcj\u0119 swoich ulubionych modeli Hot Wheels inspirowanych kultowymi postaciami ze \u015bwiata gier wideo i zr\u0119czno\u015bciowych. Pojazdy w skali 1:64 z realistycznymi szczeg\u00f3\u0142ami i autentycznymi elementami dekoracyjnymi s\u0105 r\u00f3wnie epickie jak bohaterowie, kt\u00f3rych przedstawiaj\u0105. Poczuj si\u0119 jak jeden ze swoich ulubionych bohater\u00f3w z gier Street Fighter, Super Mario, Minecraft i Overwatch! Pojazdy s\u0105 sprzedawane oddzielnie.<\/p>\n<h2>Hot Wheels Mario Kart Samochodzik z gier GRM43 Hot Wheels<\/h2>\n<p>rodzina sentencja, co dla rocznego dziecka, audiobook dla dzieci za darmo, zagadki o zwierz\u0119tach domowych, wierszyk o marzannie, test z lektury opowie\u015bci z narnii lew czarownica i stara szafa z odpowiedziami, zagadki o wio\u015bnie dla dzieci, quiz felix net i nika oraz gang niewidzialnych ludzi, jak zrobi\u0107 wulkan, prima aprilis zarty, imi\u0119 kuba, przygody tomka sawyera test, trudne zagadki dla dzieci, kolorowanka lol surprise<\/p>\n<p>yyyyy<\/p>\n<p>&nbsp;<\/p>\n","protected":false},"excerpt":{"rendered":"<p>Gracze mog\u0105 teraz zebra\u0107 ca\u0142\u0105 kolekcj\u0119 swoich ulubionych modeli Hot Wheels inspirowanych kultowymi postaciami ze \u015bwiata gier wideo i zr\u0119czno\u015bciowych. Pojazdy w skali 1:64 z realistycznymi szczeg\u00f3\u0142ami i autentycznymi elementami dekoracyjnymi s\u0105 r\u00f3wnie epickie jak bohaterowie, kt\u00f3rych przedstawiaj\u0105. Poczuj si\u0119 jak jeden ze swoich ulubionych bohater\u00f3w z gier Street Fighter, Super Mario, Minecraft i Overwatch! [&hellip;]<\/p>\n","protected":false},"featured_media":1171,"comment_status":"closed","ping_status":"open","template":"","meta":[],"product_cat":[83,150],"product_tag":[827,644,743,615],"class_list":["post-1170","product","type-product","status-publish","has-post-thumbnail","hentry","product_cat-auta-i-inne-pojazdy-do-zabawy","product_cat-hot-wheels","product_tag-bajki-dla-niemowlat","product_tag-mia","product_tag-quiz-dla-dzieci","product_tag-znane-misie-z-filmow-animowanych"],"_links":{"self":[{"href":"http:\/\/klubmamgdynia.pl\/index.php\/wp-json\/wp\/v2\/product\/1170","targetHints":{"allow":["GET"]}}],"collection":[{"href":"http:\/\/klubmamgdynia.pl\/index.php\/wp-json\/wp\/v2\/product"}],"about":[{"href":"http:\/\/klubmamgdynia.pl\/index.php\/wp-json\/wp\/v2\/types\/product"}],"replies":[{"embeddable":true,"href":"http:\/\/klubmamgdynia.pl\/index.php\/wp-json\/wp\/v2\/comments?post=1170"}],"wp:featuredmedia":[{"embeddable":true,"href":"http:\/\/klubmamgdynia.pl\/index.php\/wp-json\/wp\/v2\/media\/1171"}],"wp:attachment":[{"href":"http:\/\/klubmamgdynia.pl\/index.php\/wp-json\/wp\/v2\/media?parent=1170"}],"wp:term":[{"taxonomy":"product_cat","embeddable":true,"href":"http:\/\/klubmamgdynia.pl\/index.php\/wp-json\/wp\/v2\/product_cat?post=1170"},{"taxonomy":"product_tag","embeddable":true,"href":"http:\/\/klubmamgdynia.pl\/index.php\/wp-json\/wp\/v2\/product_tag?post=1170"}],"curies":[{"name":"wp","href":"https:\/\/api.w.org\/{rel}","templated":true}]}}