{"id":11701,"date":"2011-12-19T19:41:59","date_gmt":"2011-12-19T18:41:59","guid":{"rendered":"http:\/\/klubmamgdynia.pl\/index.php\/produkt\/htc-kabel-focus-3-5m-sync-cable-99h1224900\/"},"modified":"2026-04-06T00:11:25","modified_gmt":"2026-04-05T22:11:25","slug":"htc-kabel-focus-3-5m-sync-cable-99h1224900","status":"publish","type":"product","link":"http:\/\/klubmamgdynia.pl\/index.php\/produkt\/htc-kabel-focus-3-5m-sync-cable-99h1224900\/","title":{"rendered":"Htc Kabel Focus 3 5M Sync Cable (99H1224900)"},"content":{"rendered":"<p>Pod\u0142\u0105cz VIVE Focus 3 do komputera, aby transmitowa\u0107 z\u0142o\u017cone scenariusze i uruchamia\u0107 aplikacje intensywnie korzystaj\u0105ce z grafiki:Pr\u0119dko\u015b\u0107 transmisji do 10Gbit\/sPo\u0142\u0105czenia: USB-C \/ USB-C (k\u0105t prosty)Pobierz oprogramowanie do przesy\u0142ania strumieniowego VIVE Business (bezp\u0142atnie)Informacje o produkcieD\u0142ugo\u015b\u0107 przewodu 5 mRodzaj KabelZastosowanie KomputerowyZ\u0142\u0105cza #1 USB Typ C M\u0119skaZ\u0142\u0105cza #2 USB Typ C M\u0119skaKolor Czarny<\/p>\n<h2>Htc Kabel Focus 3 5M Sync Cable (99H1224900) HTC<\/h2>\n<p>test z lektury opowie\u015bci z narnii lew czarownica i stara szafa, bajki terapeutyczne o emocjach pdf, mi\u0142osz imi\u0119, quiz znaki drogowe, pieski, oliwier znaczenie imienia, star wars kolorowanka, zabawy ruchowe dla dzieci w wieku szkolnym, harry potter kolorowanka, opisy do zdj dziecka, krotkie zagadki, kubu\u015b puchatek cytaty, imi\u0119 marcel, gry dla nastolatk\u00f3w, \u015bmieszne zagadki matematyczne, quizy ortograficzne trudne, kiedy dzieci chodz\u0105 na halloween, dyplomy szablony pdf<\/p>\n<p>yyyyy<\/p>\n<p>&nbsp;<\/p>\n","protected":false},"excerpt":{"rendered":"<p>Pod\u0142\u0105cz VIVE Focus 3 do komputera, aby transmitowa\u0107 z\u0142o\u017cone scenariusze i uruchamia\u0107 aplikacje intensywnie korzystaj\u0105ce z grafiki:Pr\u0119dko\u015b\u0107 transmisji do 10Gbit\/sPo\u0142\u0105czenia: USB-C \/ USB-C (k\u0105t prosty)Pobierz oprogramowanie do przesy\u0142ania strumieniowego VIVE Business (bezp\u0142atnie)Informacje o produkcieD\u0142ugo\u015b\u0107 przewodu 5 mRodzaj KabelZastosowanie KomputerowyZ\u0142\u0105cza #1 USB Typ C M\u0119skaZ\u0142\u0105cza #2 USB Typ C M\u0119skaKolor Czarny Htc Kabel Focus 3 5M [&hellip;]<\/p>\n","protected":false},"featured_media":11702,"comment_status":"closed","ping_status":"open","template":"","meta":[],"product_cat":[1385,2022],"product_tag":[658,722,876,868,695,576],"class_list":["post-11701","product","type-product","status-publish","has-post-thumbnail","hentry","product_cat-htc","product_cat-kable-i-tasmy","product_tag-alan-znaczenie-imienia","product_tag-cytaty-o-przyjazni","product_tag-przyjazn","product_tag-quizy-dla-dzieci","product_tag-rzadkie-imiona-zenskie","product_tag-trudne-zagadki"],"_links":{"self":[{"href":"http:\/\/klubmamgdynia.pl\/index.php\/wp-json\/wp\/v2\/product\/11701","targetHints":{"allow":["GET"]}}],"collection":[{"href":"http:\/\/klubmamgdynia.pl\/index.php\/wp-json\/wp\/v2\/product"}],"about":[{"href":"http:\/\/klubmamgdynia.pl\/index.php\/wp-json\/wp\/v2\/types\/product"}],"replies":[{"embeddable":true,"href":"http:\/\/klubmamgdynia.pl\/index.php\/wp-json\/wp\/v2\/comments?post=11701"}],"wp:featuredmedia":[{"embeddable":true,"href":"http:\/\/klubmamgdynia.pl\/index.php\/wp-json\/wp\/v2\/media\/11702"}],"wp:attachment":[{"href":"http:\/\/klubmamgdynia.pl\/index.php\/wp-json\/wp\/v2\/media?parent=11701"}],"wp:term":[{"taxonomy":"product_cat","embeddable":true,"href":"http:\/\/klubmamgdynia.pl\/index.php\/wp-json\/wp\/v2\/product_cat?post=11701"},{"taxonomy":"product_tag","embeddable":true,"href":"http:\/\/klubmamgdynia.pl\/index.php\/wp-json\/wp\/v2\/product_tag?post=11701"}],"curies":[{"name":"wp","href":"https:\/\/api.w.org\/{rel}","templated":true}]}}