{"id":11703,"date":"2022-07-15T08:58:00","date_gmt":"2022-07-15T06:58:00","guid":{"rendered":"http:\/\/klubmamgdynia.pl\/index.php\/produkt\/we-made-it-regal-z-drzwiami-z-serii-miasto-150cm\/"},"modified":"2026-05-17T22:38:05","modified_gmt":"2026-05-17T20:38:05","slug":"we-made-it-regal-z-drzwiami-z-serii-miasto-150cm","status":"publish","type":"product","link":"http:\/\/klubmamgdynia.pl\/index.php\/produkt\/we-made-it-regal-z-drzwiami-z-serii-miasto-150cm\/","title":{"rendered":"We Made It Rega\u0142 Z Drzwiami Z Serii Miasto 150Cm"},"content":{"rendered":"<p>Rega\u0142 z serii Miasto, dzi\u0119ki oryginalnej formie wykonania, b\u0119dzie ponadczasow\u0105 i nietuzinkow\u0105 ozdob\u0105 ka\u017cdego pokoju dzieci\u0119cego. Jest bardzo funkcjonalny i pozwala na przechowywanie sporej ilo\u015bci przedmiot\u00f3w. Wykonany jest ze sklejki li\u015bciastej o grubo\u015bci 12 mm, pomalowany antyalergicznymi farbami akrylowymi do drewna z atestem bezpiecze\u0144stwa dla dzieci. Rega\u0142 posiada drzwi z ozdobnymi okienkami i listewkami o szeroko\u015bci 3 cm. Mebel wyposa\u017cony jest w n\u00f3\u017cki z antypo\u015blizgami oraz uchwyty mocuj\u0105ce do \u015bciany. Rega\u0142 dost\u0119pny w czterech kolorach: bia\u0142y, pastelowy mi\u0119towy, pastelowy szary i pastelowy r\u00f3\u017cowy. Charakterystyka produktu Wymiar: 150x45x40 cm Kolor: bia\u0142y, pastelowy mi\u0119towy, pastelowy szary, pastelowy r\u00f3\u017cowy Materia\u0142: sklejka li\u015bciasta<\/p>\n<h2>We Made It Rega\u0142 Z Drzwiami Z Serii Miasto 150Cm <\/h2>\n<p>kolorowanki do druku kotki, kolorowanka ksi\u0119\u017cniczka, gad\u017cety dla nastolatek, prezent na \u015bwi\u0119ta dla nastolatka, niech \u017cyj\u0105 wakacje, znaki drogowe quizy, super zings kolorowanka, bajki dla dzieci do czytania, kolorowe kanapki kanapki dla dzieci, bajka dla niemowlaka, kolorowanki dla ch\u0142opc\u00f3w<\/p>\n<p>yyyyy<\/p>\n<p>&nbsp;<\/p>\n","protected":false},"excerpt":{"rendered":"<p>Rega\u0142 z serii Miasto, dzi\u0119ki oryginalnej formie wykonania, b\u0119dzie ponadczasow\u0105 i nietuzinkow\u0105 ozdob\u0105 ka\u017cdego pokoju dzieci\u0119cego. Jest bardzo funkcjonalny i pozwala na przechowywanie sporej ilo\u015bci przedmiot\u00f3w. Wykonany jest ze sklejki li\u015bciastej o grubo\u015bci 12 mm, pomalowany antyalergicznymi farbami akrylowymi do drewna z atestem bezpiecze\u0144stwa dla dzieci. Rega\u0142 posiada drzwi z ozdobnymi okienkami i listewkami o [&hellip;]<\/p>\n","protected":false},"featured_media":11704,"comment_status":"closed","ping_status":"open","template":"","meta":[],"product_cat":[978],"product_tag":[699,774,830,592,724,796],"class_list":["post-11703","product","type-product","status-publish","has-post-thumbnail","hentry","product_cat-regaly-i-polki-dzieciece","product_tag-kolorowanki-do-druku-dla-dziewczyn","product_tag-prezent-na-roczek-nie-zabawka","product_tag-rodzina-cytaty","product_tag-zagadki-dla-dzieci","product_tag-zagadki-podchwytliwe","product_tag-zagatki"],"_links":{"self":[{"href":"http:\/\/klubmamgdynia.pl\/index.php\/wp-json\/wp\/v2\/product\/11703","targetHints":{"allow":["GET"]}}],"collection":[{"href":"http:\/\/klubmamgdynia.pl\/index.php\/wp-json\/wp\/v2\/product"}],"about":[{"href":"http:\/\/klubmamgdynia.pl\/index.php\/wp-json\/wp\/v2\/types\/product"}],"replies":[{"embeddable":true,"href":"http:\/\/klubmamgdynia.pl\/index.php\/wp-json\/wp\/v2\/comments?post=11703"}],"wp:featuredmedia":[{"embeddable":true,"href":"http:\/\/klubmamgdynia.pl\/index.php\/wp-json\/wp\/v2\/media\/11704"}],"wp:attachment":[{"href":"http:\/\/klubmamgdynia.pl\/index.php\/wp-json\/wp\/v2\/media?parent=11703"}],"wp:term":[{"taxonomy":"product_cat","embeddable":true,"href":"http:\/\/klubmamgdynia.pl\/index.php\/wp-json\/wp\/v2\/product_cat?post=11703"},{"taxonomy":"product_tag","embeddable":true,"href":"http:\/\/klubmamgdynia.pl\/index.php\/wp-json\/wp\/v2\/product_tag?post=11703"}],"curies":[{"name":"wp","href":"https:\/\/api.w.org\/{rel}","templated":true}]}}