{"id":11705,"date":"2012-02-19T21:52:08","date_gmt":"2012-02-19T20:52:08","guid":{"rendered":"http:\/\/klubmamgdynia.pl\/index.php\/produkt\/madej-projektor-spioszek-brazowy\/"},"modified":"2026-05-17T22:46:05","modified_gmt":"2026-05-17T20:46:05","slug":"madej-projektor-spioszek-brazowy","status":"publish","type":"product","link":"http:\/\/klubmamgdynia.pl\/index.php\/produkt\/madej-projektor-spioszek-brazowy\/","title":{"rendered":"Madej Projektor \u015apioszek Br\u0105zowy"},"content":{"rendered":"<p>Mi\u015b \u015apioszek be\u017cowy to \u015bpiewaj\u0105ca przytulanka na dobr\u0105 noc. Zabawka ma uspakajaj\u0105cy wp\u0142yw na ma\u0142e dzieci. Sprawdza si\u0119 doskonale jako pomoc w usypianiu. \u0141agodnym, kobiecym g\u0142osem \u015bpiewa najpi\u0119kniejsze polskie ko\u0142ysanki. Przytulanka ma wbudowan\u0105 lampk\u0119 z projektorem.Wymaga 3 baterii AA.<\/p>\n<h2>Madej Projektor \u015apioszek Br\u0105zowy Madej<\/h2>\n<p>zagadki dla dzieci, 20 pytania do lektury ma\u0142y ksi\u0105\u017c\u0119, ma\u0142y ksi\u0105\u017c\u0119 cytaty o przyja\u017ani, rodzina cytaty, czapka g\u00f3rnika szablon chomikuj, jakie prezenty na roczek, smok wawelski bajka, co na roczek dla dziewczynki, warszawa dla dzieci, warszawa atrakcje dla m\u0142odzie\u017cy, zagadki \u015bwi\u0105teczne dla dzieci, pieski pies kolorowanka, quiz o \u015bwi\u0119tach bo\u017cego narodzenia, cytaty o nauczycielach, sentencje o rodzinie<\/p>\n<p>yyyyy<\/p>\n<p>&nbsp;<\/p>\n","protected":false},"excerpt":{"rendered":"<p>Mi\u015b \u015apioszek be\u017cowy to \u015bpiewaj\u0105ca przytulanka na dobr\u0105 noc. Zabawka ma uspakajaj\u0105cy wp\u0142yw na ma\u0142e dzieci. Sprawdza si\u0119 doskonale jako pomoc w usypianiu. \u0141agodnym, kobiecym g\u0142osem \u015bpiewa najpi\u0119kniejsze polskie ko\u0142ysanki. Przytulanka ma wbudowan\u0105 lampk\u0119 z projektorem.Wymaga 3 baterii AA. Madej Projektor \u015apioszek Br\u0105zowy Madej zagadki dla dzieci, 20 pytania do lektury ma\u0142y ksi\u0105\u017c\u0119, ma\u0142y ksi\u0105\u017c\u0119 [&hellip;]<\/p>\n","protected":false},"featured_media":11706,"comment_status":"closed","ping_status":"open","template":"","meta":[],"product_cat":[138,70],"product_tag":[819,622,784,707,860],"class_list":["post-11705","product","type-product","status-publish","has-post-thumbnail","hentry","product_cat-lampki-dzieciece","product_cat-madej","product_tag-co-kupic-nastolatce-na-swieta","product_tag-fajne-zagadki","product_tag-hymn-gorniczy","product_tag-karty-pracy-dla-dzieci-z-ukrainy","product_tag-zagadki-logiczne-dla-doroslych"],"_links":{"self":[{"href":"http:\/\/klubmamgdynia.pl\/index.php\/wp-json\/wp\/v2\/product\/11705","targetHints":{"allow":["GET"]}}],"collection":[{"href":"http:\/\/klubmamgdynia.pl\/index.php\/wp-json\/wp\/v2\/product"}],"about":[{"href":"http:\/\/klubmamgdynia.pl\/index.php\/wp-json\/wp\/v2\/types\/product"}],"replies":[{"embeddable":true,"href":"http:\/\/klubmamgdynia.pl\/index.php\/wp-json\/wp\/v2\/comments?post=11705"}],"wp:featuredmedia":[{"embeddable":true,"href":"http:\/\/klubmamgdynia.pl\/index.php\/wp-json\/wp\/v2\/media\/11706"}],"wp:attachment":[{"href":"http:\/\/klubmamgdynia.pl\/index.php\/wp-json\/wp\/v2\/media?parent=11705"}],"wp:term":[{"taxonomy":"product_cat","embeddable":true,"href":"http:\/\/klubmamgdynia.pl\/index.php\/wp-json\/wp\/v2\/product_cat?post=11705"},{"taxonomy":"product_tag","embeddable":true,"href":"http:\/\/klubmamgdynia.pl\/index.php\/wp-json\/wp\/v2\/product_tag?post=11705"}],"curies":[{"name":"wp","href":"https:\/\/api.w.org\/{rel}","templated":true}]}}