{"id":11707,"date":"2011-07-26T09:52:53","date_gmt":"2011-07-26T07:52:53","guid":{"rendered":"http:\/\/klubmamgdynia.pl\/index.php\/produkt\/elior-bialo-grafitowy-regal-dzieciecy-timi-12x-czerwony\/"},"modified":"2026-05-17T23:00:47","modified_gmt":"2026-05-17T21:00:47","slug":"elior-bialo-grafitowy-regal-dzieciecy-timi-12x-czerwony","status":"publish","type":"product","link":"http:\/\/klubmamgdynia.pl\/index.php\/produkt\/elior-bialo-grafitowy-regal-dzieciecy-timi-12x-czerwony\/","title":{"rendered":"Elior Bia\u0142o Grafitowy Rega\u0142 Dzieci\u0119cy Timi 12X Czerwony"},"content":{"rendered":"<p>Okres dorastania to czas, w kt\u00f3rym dziecko przestaje by\u0107 dzieckiem i wyra\u017anie zaczyna wyodr\u0119bnia\u0107 swoj\u0105 to\u017csamo\u015b\u0107. Przestrze\u0144 \u017cycia nastolatka staje si\u0119 w\u00f3wczas jego w\u0142asnym azylem i miejscem do wyeksponowania w\u0142asnego &#8222;ja&#8221;. Czas dojrzewania to najwy\u017csza pora, by tapeta w misie czy szafa z wy\u015bcig\u00f3wkami na dobre odesz\u0142y do lamusa albo w posiadanie m\u0142odszego rodze\u0144stwa. Modnie i wygodnie Urz\u0105dzaj\u0105c pok\u00f3j dla starszego dziecka czy nastolatka warto wybra\u0107 rozwi\u0105zania systemowe. Gotowe komponenty znacznie u\u0142atwiaj\u0105 aran\u017cacj\u0119, a do tego zawieraj\u0105 wszystkie niezb\u0119dne elementy. Chc\u0105c oszcz\u0119dzi\u0107 rodzicom aran\u017cacyjnych zagwozdek stworzyli\u015bmy wyj\u0105tkow\u0105 kolekcj\u0119 mebli Timi marki Elior. Proponowany zestaw zawiera praktyczne biurka, komody, rega\u0142y, szafy i wiele innych przydatnych mebli w pokoju ka\u017cdego dziecka. Tworzymy meble z pasj\u0105 i z najwy\u017cszej jako\u015bci materia\u0142\u00f3w. Do produkcji zestawu Timi u\u017cyli\u015bmy wysokogatunkowej p\u0142yty meblowej laminowanej o grubo\u015bci 18 mm, klasie higieny E1, podwy\u017cszonej trwa\u0142o\u015bci i g\u0119sto\u015bci 684,8 kg\/m3 wg badania normy EN 323. Precyzyjne wykonanie, solidne materia\u0142y daj\u0105 Ci 100% pewno\u015b\u0107, \u017ce kupujesz meble na lata. Zainspiruj si\u0119 naszymi aran\u017cacjami i urz\u0105d\u017a pok\u00f3j swojego dziecka modnie, funkcjonalnie i w najwy\u017cszym standardzie. Nauka i relaks w jednym miejscu Wiek m\u0142odzie\u0144czy to najlepszy moment na zmiany. Stylowy pok\u00f3j to marzenie ka\u017cdego nastolatka. Bez w\u0105tpienia wn\u0119trze m\u0142odego cz\u0142owieka musi pe\u0142ni\u0107 wiele funkcji. Odrabianie lekcji, realizowanie pasji, przechowywanie rzeczy, odpoczynek na to wszystko powinno znale\u017a\u0107 si\u0119 miejsce w pokoju dziecka. Funkcjonalno\u015b\u0107 pokoju nastolatka to kwestia pierwszorz\u0119dna, dlatego mebluj\u0105c tego typu wn\u0119trze warto starannie przemy\u015ble\u0107 sw\u00f3j wyb\u00f3r. Wzorowa jako\u015b\u0107 Meble bez w\u0105tpienia zaprowadz\u0105 porz\u0105dek w pomieszczeniu, a przy tym b\u0119d\u0105 jego ozdob\u0105. Nic tak nie u\u0142atwia przechowywanie rzeczy jak praktyczne rega\u0142y. Dbamy o potrzeby naszych klient\u00f3w, dlatego kolekcj\u0119 mebli m\u0142odzie\u017cowych Timi powi\u0119kszyli\u015bmy o 5 wariant\u00f3w tego typu mebla. Jednym z nich jest rega\u0142 Timi 12X. Prezentowany model wykonali\u015bmy z wysokogatunkowej p\u0142yty meblowej laminowanej o grubo\u015bci 18 mm, klasie higieny E1, podwy\u017cszonej trwa\u0142o\u015bci i g\u0119sto\u015bci 684,8 kg\/m3 wg badania normy EN 323. Rega\u0142 Timi 12X zawiera 4 otwarte i 1 zamkni\u0119t\u0105 p\u00f3\u0142k\u0119, dzi\u0119ki czemu u\u017cytkownik b\u0119dzie m\u00f3g\u0142 wyeksponowa\u0107 przedmioty, jak r\u00f3wnie\u017c ukry\u0107 to, czego pokazywa\u0107 nie zechce. Korzystanie z zamykanej cz\u0119\u015bci mebla u\u0142atwi mu uchwyt, kt\u00f3ry z kolei zrobili\u015bmy z najwy\u017cszej jako\u015bci aluminium. Metal ten w pe\u0142ni poddaje si\u0119 recyklingowi, jest odporny na dzia\u0142anie wody, wielu kwas\u00f3w organicznych i zwi\u0105zk\u00f3w azotowych. Ponadto aluminium nie ulega matowieniu, dzi\u0119ki czemu zachowuje estetyczny wygl\u0105d przez wiele d\u0142ugich lat. Najwy\u017csza jako\u015b\u0107 materia\u0142\u00f3w to inwestycja w wyd\u0142u\u017con\u0105 \u017cywotno\u015b\u0107 mebla. Cechy mebla: &#8211; do dyspozycji 5 p\u00f3\u0142ek (4 otwarte, 1 zamkni\u0119ta), &#8211; drzwi na solidnych zawiasach blum z funkcj\u0105 cichego domykania, &#8211; mo\u017cliwo\u015b\u0107 przymocowania mebla do \u015bciany, &#8211; rega\u0142 dost\u0119pny jest w wersji: &#8222;lewej&#8221; (czyli z uchwytem po prawej a zawiasami po lewej stronie rega\u0142u) lub &#8222;prawej&#8221; (czyli z uchwytem po lewej a zawiasami po prawej stronie rega\u0142u), &#8211; do wyboru 5 kolor\u00f3w frontu: grafitowy, granatowy, niebieski, szary i czerwony. Poni\u017cej prezentujemy przyk\u0142adow\u0105 wizualizacj\u0119 wn\u0119trza z wykorzystaniem mebli z kolekcji Timi: Kliknij i zobacz pozosta\u0142e meble z kolekcji Timi. Zamawiaj\u0105c kilka produkt\u00f3w, oszcz\u0119dzasz na wsp\u00f3lnej wysy\u0142ce. Stw\u00f3rz przejrzyste i komfortowe wn\u0119trze w nietuzinkowym stylu. Najwa\u017cniejsze informacje: &#8211; Prosimy o rozwa\u017cny wyb\u00f3r specyfikacji mebla. Rega\u0142 wykonujemy pod indywidualne zam\u00f3wienie Klienta. Zgodnie z Ustaw\u0105 o Prawach Konsumenta (Dz.U. 2014 poz 827 art. 38) produkty personalizowane nie podlegaj\u0105 zwrotom. &#8211; Wymiary: szeroko\u015b\u0107: 40 cm, wysoko\u015b\u0107: 190 cm, g\u0142\u0119boko\u015b\u0107: 40 cm. Wymiary uchwytu: 2&#215;2,5 cm. Grubo\u015b\u0107 p\u0142yty: 1,8 cm. &#8211; Gwarancja: 10 lat (inni producenci oferuj\u0105 maksymalnie 24 miesi\u0105ce gwarancji. Tylko u nas otrzymujesz pe\u0142n\u0105 jako\u015b\u0107 potwierdzon\u0105 a\u017c 10-letni\u0105 gwarancj\u0105). &#8211; Materia\u0142: Korpus i fronty to wysokiej jako\u015bci laminowana p\u0142yta meblowa o klasie higieny E1 uszlachetniona cienkimi filmami melaminowymi odporna na zarysowania i uszkodzenia mechaniczne. Uchwyt wykonali\u015bmy z wysokogatunkowego aluminium. &#8211; Kolor: Bia\u0142y korpus, grafitowy front. &#8211; Istnieje mo\u017cliwo\u015b\u0107 zam\u00f3wienia rega\u0142u Timi 12X w wersji: &#8222;lewej&#8221; lub &#8222;prawej&#8221;. Poinformuj nas o wybranym modelu w polu &#8222;Komentarz do zam\u00f3wienia&#8221; lub drog\u0105 mailow\u0105. &#8211; Kliknij w link i sprawd\u017a tak\u017ce inne rega\u0142y typu s\u0142upek w sklepie Edinos.pl. Stw\u00f3rz sw\u00f3j praktyczny zestaw mebli. &#8211; Produkt posiada certyfikat jako\u015bci &#8222;Edinos Standards DSI 804&#8221;, kt\u00f3ry potwierdza najwy\u017csz\u0105 jako\u015b\u0107 wykonania mebla oraz pe\u0142ny stopie\u0144 zgodno\u015bci poszczeg\u00f3lnych jednostek wytworzonego wyrobu z przyj\u0119tym wzorcem. &#8211; Bardzo \u0142atwy monta\u017c (w zestawie znajduje si\u0119 czytelna i dok\u0142adna instrukcja monta\u017cu mebla). Poni\u017cej znajduje si\u0119 kr\u00f3tki 3-minutowy film producenta mebli Elior o polityce jako\u015bci firmy, gwarancji oraz odpowiedzialno\u015bci spo\u0142ecznej marki. Zapraszamy: Je\u015bli frazy: zdrowie, bezpiecze\u0144stwo czy higiena maj\u0105 dla Ciebie znaczenie, nie eksperymentuj z tanimi, niemarkowymi meblami. Produkty Elior wytwarzane s\u0105 z naturalnego drewna oraz p\u0142yty laminowanej posiadaj\u0105cej \u015bwiadectwa i atesty higieniczne Nr 176\/779\/194\/2009 oraz \u015awiadectwo Jako\u015bci Zdrowotnej H\u017b\/C\/02127\/08 wydane przez Pa\u0144stwowy Zak\u0142ad Higieny. Ponadto g\u0142\u00f3wne elementy mebli Elior oznaczone zosta\u0142y stopniem &#8222;D \u2013 s2, d0&#8221; w klasyfikacji ogniowej wydanej przez ITB w Warszawie, co jeszcze raz potwierdza ich ponadprzeci\u0119tne bezpiecze\u0144stwo u\u017cytkowania. Klasa higieny E1 wydana dla wszystkich mebli marki Elior potwierdza, \u017ce nawet podczas spalania, konkretne elementy mebli nie wydzielaj\u0105 \u017cadnych toksycznych gaz\u00f3w i s\u0105 materia\u0142em wolnym od wydzielania formaldehydu. Warto o tym pami\u0119ta\u0107, inwestuj\u0105c w przysz\u0142o\u015b\u0107 i zdrowie Twoich najbli\u017cszych. Stworzenie pokoju, kt\u00f3ry pos\u0142u\u017cy dziecku przez wiele d\u0142ugich lat to zadanie, kt\u00f3re wymaga nie lada przemy\u015ble\u0144. Warto zainwestowa\u0107 w meble o uniwersalnym charakterze i stonowanej kolorystyce. W kolekcji mebli Timi znajdziesz rega\u0142 Timi 12X, kt\u00f3ry z \u0142atwo\u015bci\u0105 dopasujesz do potrzeb swojej pociechy. Ju\u017c teraz dokonaj w\u0142a\u015bciwego wyboru, kliknij i zam\u00f3w mebel za jedyne 588 z\u0142. Wsp\u00f3lnie z mark\u0105 Elior zagospodaruj funkcjonaln\u0105 przestrze\u0144 dla swojego dziecka.<\/p>\n<h2>Elior Bia\u0142o Grafitowy Rega\u0142 Dzieci\u0119cy Timi 12X Czerwony Elior<\/h2>\n<p>nauka zegara do druku pdf, test narnia lew czarownica i stara szafa, szlaczki dla dzieci do druku, ozdoby wielkanocne kt\u00f3re mog\u0105 zrobi\u0107 dzieci, niespotykane imiona \u017ce\u0144skie, kolorowanka pies, trudne zagadki logiczne z odpowiedziami, \u0142amig\u0142\u00f3wki logiczne<\/p>\n<p>yyyyy<\/p>\n<p>&nbsp;<\/p>\n","protected":false},"excerpt":{"rendered":"<p>Okres dorastania to czas, w kt\u00f3rym dziecko przestaje by\u0107 dzieckiem i wyra\u017anie zaczyna wyodr\u0119bnia\u0107 swoj\u0105 to\u017csamo\u015b\u0107. Przestrze\u0144 \u017cycia nastolatka staje si\u0119 w\u00f3wczas jego w\u0142asnym azylem i miejscem do wyeksponowania w\u0142asnego &#8222;ja&#8221;. Czas dojrzewania to najwy\u017csza pora, by tapeta w misie czy szafa z wy\u015bcig\u00f3wkami na dobre odesz\u0142y do lamusa albo w posiadanie m\u0142odszego rodze\u0144stwa. Modnie [&hellip;]<\/p>\n","protected":false},"featured_media":11708,"comment_status":"closed","ping_status":"open","template":"","meta":[],"product_cat":[965,978],"product_tag":[834,682],"class_list":["post-11707","product","type-product","status-publish","has-post-thumbnail","hentry","product_cat-elior","product_cat-regaly-i-polki-dzieciece","product_tag-bajka-do-czytania-na-dobranoc","product_tag-przyjazn-cytaty"],"_links":{"self":[{"href":"http:\/\/klubmamgdynia.pl\/index.php\/wp-json\/wp\/v2\/product\/11707","targetHints":{"allow":["GET"]}}],"collection":[{"href":"http:\/\/klubmamgdynia.pl\/index.php\/wp-json\/wp\/v2\/product"}],"about":[{"href":"http:\/\/klubmamgdynia.pl\/index.php\/wp-json\/wp\/v2\/types\/product"}],"replies":[{"embeddable":true,"href":"http:\/\/klubmamgdynia.pl\/index.php\/wp-json\/wp\/v2\/comments?post=11707"}],"wp:featuredmedia":[{"embeddable":true,"href":"http:\/\/klubmamgdynia.pl\/index.php\/wp-json\/wp\/v2\/media\/11708"}],"wp:attachment":[{"href":"http:\/\/klubmamgdynia.pl\/index.php\/wp-json\/wp\/v2\/media?parent=11707"}],"wp:term":[{"taxonomy":"product_cat","embeddable":true,"href":"http:\/\/klubmamgdynia.pl\/index.php\/wp-json\/wp\/v2\/product_cat?post=11707"},{"taxonomy":"product_tag","embeddable":true,"href":"http:\/\/klubmamgdynia.pl\/index.php\/wp-json\/wp\/v2\/product_tag?post=11707"}],"curies":[{"name":"wp","href":"https:\/\/api.w.org\/{rel}","templated":true}]}}