{"id":11709,"date":"2023-01-20T08:05:02","date_gmt":"2023-01-20T07:05:02","guid":{"rendered":"http:\/\/klubmamgdynia.pl\/?post_type=product&#038;p=11709"},"modified":"2026-05-17T22:29:26","modified_gmt":"2026-05-17T20:29:26","slug":"kidkraft-lil-friends-play-kuchnia-zabawka","status":"publish","type":"product","link":"http:\/\/klubmamgdynia.pl\/index.php\/produkt\/kidkraft-lil-friends-play-kuchnia-zabawka\/","title":{"rendered":"Kidkraft Lil` Friends Play Kuchnia &#8211; Zabawka"},"content":{"rendered":"<p>Kuchnia pe\u0142na osobowo\u015bci to po prostu \u015bwietna zabawa! Dzi\u0119ki w\u0142asnemu asortymentowi akcesori\u00f3w, ci nowi znajomi z kuchni s\u0105 gotowi do ka\u017cdego zadania zwi\u0105zanego z gotowaniem. Weso\u0142o udekorowana, pastelowa kuchnia zaprasza do wyczarowania kreatywnych smako\u0142yk\u00f3w. Wszystkie drzwi maj\u0105 wn\u0119ki i mog\u0105 by\u0107 \u0142atwo otwierane i zamykane. Magiczna grafika a na pojemnikach, r\u0119kawicach do piekarnika, a nawet ciasteczkach! Z ga\u0142kami, przyciskami i d\u017awi\u0119kami jest tak wiele do odkrycia &#8211; s\u0142odkie niespodzianki dla Twoich dzieci. Szczeg\u00f3\u0142y dotycz\u0105ce produktu: Wymiary (d\u0142ugo\u015b\u0107 x szeroko\u015b\u0107 x wysoko\u015b\u0107): 109,9 x 30,2 x 88,1 cm pude\u0142ko do przechowywania i r\u0119kawice Wszystkie przybory kuchenne maj\u0105 swoje unikalne oblicza. taca z 6 ciasteczkami Wiek: od 3 lat<\/p>\n<h2>Kidkraft Lil` Friends Play Kuchnia &#8211; Zabawka KidKraft<\/h2>\n<p>prezent dla 14 latki, prezent dla nastolatk\u00f3w ch\u0142opc\u00f3w, cytaty dla dzieci, zagadki dla 8 latk\u00f3w, wiersze o wakacjach, marcel imi\u0119, zak\u0142adka do ksi\u0105\u017cki szablon, eksperyment dla dzieci wulkan, origami kotek, milan imi\u0119, mapa europy do druku, znaczenie imiona justyna, kolorowanki do druku super zings, liwia imi\u0119, fajne prezenty dla nastolatk\u00f3w<\/p>\n<p>yyyyy<\/p>\n<p>&nbsp;<\/p>\n","protected":false},"excerpt":{"rendered":"<p>Kuchnia pe\u0142na osobowo\u015bci to po prostu \u015bwietna zabawa! Dzi\u0119ki w\u0142asnemu asortymentowi akcesori\u00f3w, ci nowi znajomi z kuchni s\u0105 gotowi do ka\u017cdego zadania zwi\u0105zanego z gotowaniem. Weso\u0142o udekorowana, pastelowa kuchnia zaprasza do wyczarowania kreatywnych smako\u0142yk\u00f3w. Wszystkie drzwi maj\u0105 wn\u0119ki i mog\u0105 by\u0107 \u0142atwo otwierane i zamykane. Magiczna grafika a na pojemnikach, r\u0119kawicach do piekarnika, a nawet [&hellip;]<\/p>\n","protected":false},"featured_media":11710,"comment_status":"closed","ping_status":"open","template":"","meta":[],"product_cat":[53,2052],"product_tag":[681,643,659,799,715],"class_list":["post-11709","product","type-product","status-publish","has-post-thumbnail","hentry","product_cat-kaciki-zabaw","product_cat-kidkraft","product_tag-flagi-europy-quiz","product_tag-prezent-dla-17-latki","product_tag-tupu-tup-po-sniegu-tekst","product_tag-zagadka-logiczna","product_tag-zosia-samosia"],"_links":{"self":[{"href":"http:\/\/klubmamgdynia.pl\/index.php\/wp-json\/wp\/v2\/product\/11709","targetHints":{"allow":["GET"]}}],"collection":[{"href":"http:\/\/klubmamgdynia.pl\/index.php\/wp-json\/wp\/v2\/product"}],"about":[{"href":"http:\/\/klubmamgdynia.pl\/index.php\/wp-json\/wp\/v2\/types\/product"}],"replies":[{"embeddable":true,"href":"http:\/\/klubmamgdynia.pl\/index.php\/wp-json\/wp\/v2\/comments?post=11709"}],"wp:featuredmedia":[{"embeddable":true,"href":"http:\/\/klubmamgdynia.pl\/index.php\/wp-json\/wp\/v2\/media\/11710"}],"wp:attachment":[{"href":"http:\/\/klubmamgdynia.pl\/index.php\/wp-json\/wp\/v2\/media?parent=11709"}],"wp:term":[{"taxonomy":"product_cat","embeddable":true,"href":"http:\/\/klubmamgdynia.pl\/index.php\/wp-json\/wp\/v2\/product_cat?post=11709"},{"taxonomy":"product_tag","embeddable":true,"href":"http:\/\/klubmamgdynia.pl\/index.php\/wp-json\/wp\/v2\/product_tag?post=11709"}],"curies":[{"name":"wp","href":"https:\/\/api.w.org\/{rel}","templated":true}]}}