{"id":11713,"date":"2025-10-15T03:55:21","date_gmt":"2025-10-15T01:55:21","guid":{"rendered":"http:\/\/klubmamgdynia.pl\/?post_type=product&#038;p=11713"},"modified":"2026-04-06T01:56:04","modified_gmt":"2026-04-05T23:56:04","slug":"mega-creative-domek-dla-lalek-z-akcesoriami-479912","status":"publish","type":"product","link":"http:\/\/klubmamgdynia.pl\/index.php\/produkt\/mega-creative-domek-dla-lalek-z-akcesoriami-479912\/","title":{"rendered":"Mega Creative Domek Dla Lalek Z Akcesoriami 479912"},"content":{"rendered":"<p>Zalety produktu: domek posiada ruchome elementy, ruchome drzwi wej\u015bciowe, posiada efekty \u015bwietlne i d\u017awi\u0119kowe, zadzwo\u0144 dzwonkiem do drzwi a us\u0142yszysz dzwoni\u0105cy dzwonek Ding Dong oraz szczekaj\u0105cego Psa Hau Hau Domek pi\u0119trowy, posiada dwa balkony oraz male\u0144ki gara\u017c na parterze dla twojego ma\u0142ego samochodzik Domek dla lalek MEGA CREATIVE to podstawowy element zabawy dla ka\u017cdej m\u0142odej damy. Bez w\u0105tpienia, Twoj\u0105 pociech\u0119 czeka wiele wspania\u0142ych chwil podczas urz\u0105dzania wn\u0119trza czy zabawy w dom Zawarto\u015b\u0107 zestawu: domek, 2x ma\u0142a lalka: dzieci,1 ma\u0142y samochodzik, mebelki do sypialni, salonu, kuchni. Zestaw wykonany z plastiku. Wszystkie produkty s\u0105 imitacj\u0105 prawdziwych Wymiary\/waga\/baterie: wymiary produktu d\u0142. x wys. x g\u0142. cm :domek 25x19x8, wymiary opakowania d\u0142. x wys. x g\u0142. cm : 55x30x9, waga produktu bez opakowania kg : 0,57 kg, waga produktu w opakowaniu kg : 0,82 kg, wymaga zasilania bateriami-2x AA LR6 1,5V Nie za\u0142\u0105czonymi do zestawu. Przeznaczony dla dzieci w wieku: 3 . Pakowany w kartonik z okienkiem. Pakowanie w kartonie po 20 szt.<\/p>\n<h2>Mega Creative Domek Dla Lalek Z Akcesoriami 479912 Mega Creative<\/h2>\n<p>kolorowanki antystresowe, swinka peppa do czytania, \u017cyczenia wielkanocne dla dzieci kr\u00f3tkie, kolorowanki wakacje, \u015bmieszne zagadki matematyczne, bombki do kolorowania, gabriela imie, quiz opowie\u015bci z narnii, malowanki dla dziewczynek, cytat z ma\u0142ego ksi\u0119cia o przyja\u017ani, co robi\u0107 z dzieckiem w warszawie, buziak gify na dobranoc smieszne, liwia imi\u0119, zabawki na roczek, mia i ja kolorowanka, z\u0142ote my\u015bli kubu\u015b puchatek cytaty, zagadki slowne, test z lektury ania z zielonego wzg\u00f3rza klasa 6 z odpowiedziami, bajka o \u017cabie, na wyspach bergamutach, test z lektury opowie\u015bci z narnii lew czarownica i stara szafa z odpowiedziami<\/p>\n<p>yyyyy<\/p>\n<p>&nbsp;<\/p>\n","protected":false},"excerpt":{"rendered":"<p>Zalety produktu: domek posiada ruchome elementy, ruchome drzwi wej\u015bciowe, posiada efekty \u015bwietlne i d\u017awi\u0119kowe, zadzwo\u0144 dzwonkiem do drzwi a us\u0142yszysz dzwoni\u0105cy dzwonek Ding Dong oraz szczekaj\u0105cego Psa Hau Hau Domek pi\u0119trowy, posiada dwa balkony oraz male\u0144ki gara\u017c na parterze dla twojego ma\u0142ego samochodzik Domek dla lalek MEGA CREATIVE to podstawowy element zabawy dla ka\u017cdej m\u0142odej [&hellip;]<\/p>\n","protected":false},"featured_media":11714,"comment_status":"closed","ping_status":"open","template":"","meta":[],"product_cat":[1635,64],"product_tag":[662,690,830],"class_list":["post-11713","product","type-product","status-publish","has-post-thumbnail","hentry","product_cat-domki-dla-lalek","product_cat-mega-creative","product_tag-bajki-na-dobranoc","product_tag-pieski-male-dwa-tekst","product_tag-rodzina-cytaty"],"_links":{"self":[{"href":"http:\/\/klubmamgdynia.pl\/index.php\/wp-json\/wp\/v2\/product\/11713","targetHints":{"allow":["GET"]}}],"collection":[{"href":"http:\/\/klubmamgdynia.pl\/index.php\/wp-json\/wp\/v2\/product"}],"about":[{"href":"http:\/\/klubmamgdynia.pl\/index.php\/wp-json\/wp\/v2\/types\/product"}],"replies":[{"embeddable":true,"href":"http:\/\/klubmamgdynia.pl\/index.php\/wp-json\/wp\/v2\/comments?post=11713"}],"wp:featuredmedia":[{"embeddable":true,"href":"http:\/\/klubmamgdynia.pl\/index.php\/wp-json\/wp\/v2\/media\/11714"}],"wp:attachment":[{"href":"http:\/\/klubmamgdynia.pl\/index.php\/wp-json\/wp\/v2\/media?parent=11713"}],"wp:term":[{"taxonomy":"product_cat","embeddable":true,"href":"http:\/\/klubmamgdynia.pl\/index.php\/wp-json\/wp\/v2\/product_cat?post=11713"},{"taxonomy":"product_tag","embeddable":true,"href":"http:\/\/klubmamgdynia.pl\/index.php\/wp-json\/wp\/v2\/product_tag?post=11713"}],"curies":[{"name":"wp","href":"https:\/\/api.w.org\/{rel}","templated":true}]}}