{"id":11715,"date":"2019-05-20T16:43:37","date_gmt":"2019-05-20T14:43:37","guid":{"rendered":"http:\/\/klubmamgdynia.pl\/index.php\/produkt\/super-toys-traktor-z-lyzka-kingdom-12v-js328a-zolty\/"},"modified":"2026-05-02T00:14:48","modified_gmt":"2026-05-01T22:14:48","slug":"super-toys-traktor-z-lyzka-kingdom-12v-js328a-zolty","status":"publish","type":"product","link":"http:\/\/klubmamgdynia.pl\/index.php\/produkt\/super-toys-traktor-z-lyzka-kingdom-12v-js328a-zolty\/","title":{"rendered":"Super-Toys Traktor Z \u0141y\u017ck\u0105 Kingdom 12V Js328A \u017b\u00f3\u0142ty"},"content":{"rendered":"<p>NAJNOWSZYMOCNY TRAKTOR Z \u0141Y\u017bK\u0104 KINGDOM 12V\/328AAbsolutna nowo\u015b\u0107 !!!!!!TRAKTOR KINGDOM na akumulator- najmocniejsza wersja pojazdu z wspania\u0142ym wyposa\u017ceniem.Nap\u0119dzany dwoma silnikami 45 W.Opis przedmiotu:Model w kolorze \u017c\u00f3\u0142tymOpis na podstawie koloru zielonego:Ruchoma \u0142y\u017cka:Opis przedmiotu:TRAKTOR KINGDOM NAP\u0118D NA DWA KO\u0141A zasilane na 12 V z nap\u0119dem na dwa ko\u0142a,.Traktor w najlepszej wersji. Posiada dwa silniki nap\u0119dowe ruchom\u0105 \u0142y\u017ck\u0119 z mo\u017cliwo\u015bci\u0105 regulacji nachylenia.Dzi\u0119ki zastosowanym najmocniejszym silnikom 45 W, je\u017adzi po nier\u00f3wnym terenie bez \u017cadnych problem\u00f3w, a dodatkowo silniki te s\u0105 bardzo dobrej jako\u015bci.Du\u017ce ko\u0142a z opaskami gumowymi zapewniaj\u0105 cich\u0105 jazd\u0119.Klakson jest dodatkowym urozmaiceniem zabawy.Najmocniejsza wersja pojazdu posiada dwa silniki 45 Wat:Auto posiada:silnik: 2 sztuki x 45W akumulator 2x6V 7Ah \u0142\u0105cznie 12V dwie pr\u0119dko\u015bci jazdy &#8211; \u0142\u0105cznie 4 biegi podnoszona \u0142y\u017cka z mo\u017cliwo\u015bci\u0105 regulacji po\u0142o\u017ceniaposiada elektryczny hamulec, dzia\u0142aj\u0105cy po zdj\u0119ciu nogi z peda\u0142u gazu, hamuje samoczynnie atutem s\u0105 du\u017ce ko\u0142a z opask\u0105 gumow\u0105 NOWO\u015a\u0106pasy bezpiecze\u0144stwa,Nap\u0119d:Dwa silniki 45 W &#8211; nap\u0119d na oba ko\u0142a, STRONG 2Zasilanie: Akumulator 2 x 6V 7 Ah\u0141adowarka: 220 -240 V 50, Hz 12V DC 1000 MA\u0141y\u017cka Tak, z regulacj\u0105 nachyleniaPasy bezpiecze\u0144stwa TakOpaski na ko\u0142ach: TakWymiary pojazdu: d\u0142ugo\u015b\u0107 ca\u0142kowita mierzona z podniesion\u0105 \u0142y\u017ck\u0105 ok: 145 cm,szeroko\u015b\u0107 mierzona przy ko\u0142ach tylnych 62 cm , wysoko\u015b\u0107 przy kierownicy 59 cm, wysoko\u015b\u0107 siedzenia ok.: 66 cm, szeroko\u015b\u0107 siedziska:28 cm, siedzisko jest na wysoko\u015bci 41 cm od ziemi, odleg\u0142o\u015b\u0107 od peda\u0142u gazu do siedzenia ok : 50 cm , \u015brednica ko\u0142a przedniego: 28 cm, szeroko\u015b\u0107 ko\u0142a przedniego 10 cm, \u015brednica ko\u0142a tylnego ok. 32 cm, szeroko\u015b\u0107 ko\u0142a tylnego ok.12,5 cm, prze\u015bwit od pod\u0142o\u017ca: ok: 12 cm,\u0141y\u017cka &#8211; szeroko\u015b\u0107 ok. 38,5, wysoko\u015b\u0107:26 cmMax obci\u0105\u017cenie pojazdu 30 kgWaga pojazdu20,5 kgPr\u0119dko\u015b\u0107 i jazda \u0142\u0105cznie 4 biegibieg wolny 2,5- 3 km\/h, bieg szybki do 5-6 km\/h, jazda w prz\u00f3d i w ty\u0142, idealny pojazd na traw\u0119, dzia\u0142k\u0119 czy nier\u00f3wno\u015bci -nap\u0119d na dwa ko\u0142aKomfort jazdy: wygodne siedzenie, pojazd bardzo silnyHamowaniePojazd hamuje silnikiem po zdj\u0119ciu nogi z gazuCzas \u0142adowania:8 do 12 godzin, przed pierwszym u\u017cyciem nale\u017cy \u0142adowa\u0107 akumulator oko\u0142o 12 godzinCzas jazdyoko\u0142o 1 do 2 godzin w zale\u017cno\u015bci od pod\u0142o\u017caDodatkowe funkcje: Ruchoma \u0142y\u017cka, 4 biegiGwarancja: pisemna 12 miesi\u0119cyWymiar opakowania110 cm x 51 cm x 44 cmWaga z opakowaniem.21,5 kgWysy\u0142ka i monta\u017c:Pojazd do monta\u017cu wysy\u0142any w oryginalnym kartonie &#8211; czas monta\u017cu ok 15-20 minutRejestracja ty\u0142:18 x 4 cmW komplecie:Do ka\u017cdego pojazdu pisemna gwarancja na 12 miesi\u0119cy.Paragon fiskalny ( lub FV),Instrukcja obs\u0142ugi w j\u0119zyku polskim.Zapewniamy serwis gwarancyjny i pogwarancyjny pojazd\u00f3w.Wszystkie nasze zabawki posiadaj\u0105 certyfikat CE &#8211; czyli s\u0105 w pe\u0142ni bezpieczne.Dbamy o bezpiecze\u0144stwo dzieci.Wszystkie nasze pojazdy posiadaj\u0105 wszystkie wymagane atesty i certyfikaty.Ostrze\u017cenia:1. Monta\u017c musi by\u0107 wykonany przez osob\u0119 doros\u0142\u0105.2. Jazda zawsze musi odbywa\u0107 si\u0119 pod nadzorem osoby doros\u0142ej nie nale\u017cy je\u017adzi\u0107 po drogach publicznych ( w ruchu publicznym) w pobli\u017cu miejsc niebezpiecznych,  mo\u017ce to skutkowa\u0107 wypadkiem.3. Nale\u017cy stosowa\u0107 wyposa\u017cenie ochronne typu kask, ochraniacze na kolana, ochraniacze na \u0142okcie.4. Przeznaczenie od: 3 do 6 lat.<\/p>\n<h2>Super-Toys Traktor Z \u0141y\u017ck\u0105 Kingdom 12V Js328A \u017b\u00f3\u0142ty Ramiz<\/h2>\n<p>felix net i nika oraz gang niewidzialnych ludzi quiz, najlepsze \u017carty na prima aprilis, kiekrz, dziecko cytaty z\u0142ote my\u015bli, ma\u0142y ksi\u0105\u017ce cytaty, zagadki dla 6 latka, \u015bmieszne zagadki dla dzieci 10 lat, bajka o poci\u0105gu do czytania, literki do pisania do druku, zagadki dla dzieci 6-7 lat, kanapki na urodziny dziecka, dziewczynka z parku pytania i odpowiedzi, urodziny dziecka pomys\u0142y, co kupi\u0107 na roczek dla ch\u0142opca, wierszyk o marzannie, prezenty roczek, zagadki rymowane, kolorowanki wed\u0142ug kodu do druku, test miko\u0142ajek<\/p>\n<p>yyyyy<\/p>\n<p>&nbsp;<\/p>\n","protected":false},"excerpt":{"rendered":"<p>NAJNOWSZYMOCNY TRAKTOR Z \u0141Y\u017bK\u0104 KINGDOM 12V\/328AAbsolutna nowo\u015b\u0107 !!!!!!TRAKTOR KINGDOM na akumulator- najmocniejsza wersja pojazdu z wspania\u0142ym wyposa\u017ceniem.Nap\u0119dzany dwoma silnikami 45 W.Opis przedmiotu:Model w kolorze \u017c\u00f3\u0142tymOpis na podstawie koloru zielonego:Ruchoma \u0142y\u017cka:Opis przedmiotu:TRAKTOR KINGDOM NAP\u0118D NA DWA KO\u0141A zasilane na 12 V z nap\u0119dem na dwa ko\u0142a,.Traktor w najlepszej wersji. Posiada dwa silniki nap\u0119dowe ruchom\u0105 \u0142y\u017ck\u0119 z [&hellip;]<\/p>\n","protected":false},"featured_media":11716,"comment_status":"closed","ping_status":"open","template":"","meta":[],"product_cat":[36,489],"product_tag":[772,727,583,718],"class_list":["post-11715","product","type-product","status-publish","has-post-thumbnail","hentry","product_cat-ramiz","product_cat-traktory-dla-dzieci","product_tag-45-panstw-europy-i-ich-stolice-quiz","product_tag-godlo-polski-do-druku","product_tag-kolysanki-dla-dzieci-tekst","product_tag-prezent-na-roczek-dla-chrzesniaka"],"_links":{"self":[{"href":"http:\/\/klubmamgdynia.pl\/index.php\/wp-json\/wp\/v2\/product\/11715","targetHints":{"allow":["GET"]}}],"collection":[{"href":"http:\/\/klubmamgdynia.pl\/index.php\/wp-json\/wp\/v2\/product"}],"about":[{"href":"http:\/\/klubmamgdynia.pl\/index.php\/wp-json\/wp\/v2\/types\/product"}],"replies":[{"embeddable":true,"href":"http:\/\/klubmamgdynia.pl\/index.php\/wp-json\/wp\/v2\/comments?post=11715"}],"wp:featuredmedia":[{"embeddable":true,"href":"http:\/\/klubmamgdynia.pl\/index.php\/wp-json\/wp\/v2\/media\/11716"}],"wp:attachment":[{"href":"http:\/\/klubmamgdynia.pl\/index.php\/wp-json\/wp\/v2\/media?parent=11715"}],"wp:term":[{"taxonomy":"product_cat","embeddable":true,"href":"http:\/\/klubmamgdynia.pl\/index.php\/wp-json\/wp\/v2\/product_cat?post=11715"},{"taxonomy":"product_tag","embeddable":true,"href":"http:\/\/klubmamgdynia.pl\/index.php\/wp-json\/wp\/v2\/product_tag?post=11715"}],"curies":[{"name":"wp","href":"https:\/\/api.w.org\/{rel}","templated":true}]}}