{"id":11717,"date":"2023-12-04T18:24:55","date_gmt":"2023-12-04T17:24:55","guid":{"rendered":"http:\/\/klubmamgdynia.pl\/?post_type=product&#038;p=11717"},"modified":"2026-04-29T13:56:38","modified_gmt":"2026-04-29T11:56:38","slug":"microsoft-8l5-00002-czarny","status":"publish","type":"product","link":"http:\/\/klubmamgdynia.pl\/index.php\/produkt\/microsoft-8l5-00002-czarny\/","title":{"rendered":"Microsoft 8L5-00002 Czarny"},"content":{"rendered":"<p>SUPER CENA &#8211; TANIA DOSTAWA ! &#8211; Microsoft 8L5-00002 Modern Webcam for Business kamera internetowa 1920 x 1080 px USB Czarny &#8211; PACZKOMAT, POCZTA, KURIER<\/p>\n<h2>Microsoft 8L5-00002 Czarny Microsoft<\/h2>\n<p>zagadki dla 9 latk\u00f3w, zagadki dla starszych dzieci, \u017c\u0105rty na prima aprilis, karty pracy dla dzieci z ukrainy pdf, cytat o dzieciach, wiosna zagadki s\u0142owne, fabian, wakacje kolorowanka, zagadki dla 7 latk\u00f3w, gry planszowe dla nastolatk\u00f3w, rysunki dla pocz\u0105tkuj\u0105cych, wierszyk o wakacjach, kolorowanki patriotyczne symbole narodowe kolorowanka, park ujazdowski, zagadki o lesie, cytaty o przyja\u017ani kr\u00f3tkie, kr\u00f3tkie bajki na dobranoc do czytania, alina<\/p>\n<p>yyyyy<\/p>\n<p>&nbsp;<\/p>\n","protected":false},"excerpt":{"rendered":"<p>SUPER CENA &#8211; TANIA DOSTAWA ! &#8211; Microsoft 8L5-00002 Modern Webcam for Business kamera internetowa 1920 x 1080 px USB Czarny &#8211; PACZKOMAT, POCZTA, KURIER Microsoft 8L5-00002 Czarny Microsoft zagadki dla 9 latk\u00f3w, zagadki dla starszych dzieci, \u017c\u0105rty na prima aprilis, karty pracy dla dzieci z ukrainy pdf, cytat o dzieciach, wiosna zagadki s\u0142owne, fabian, [&hellip;]<\/p>\n","protected":false},"featured_media":11718,"comment_status":"closed","ping_status":"open","template":"","meta":[],"product_cat":[2065,1947],"product_tag":[691,645,870,600],"class_list":["post-11717","product","type-product","status-publish","has-post-thumbnail","hentry","product_cat-kamery-internetowe","product_cat-microsoft","product_tag-gabriel","product_tag-latwe-zagadki","product_tag-prezent-dla-chlopca-na-roczek","product_tag-zaproszenia-na-urodziny-do-druku"],"_links":{"self":[{"href":"http:\/\/klubmamgdynia.pl\/index.php\/wp-json\/wp\/v2\/product\/11717","targetHints":{"allow":["GET"]}}],"collection":[{"href":"http:\/\/klubmamgdynia.pl\/index.php\/wp-json\/wp\/v2\/product"}],"about":[{"href":"http:\/\/klubmamgdynia.pl\/index.php\/wp-json\/wp\/v2\/types\/product"}],"replies":[{"embeddable":true,"href":"http:\/\/klubmamgdynia.pl\/index.php\/wp-json\/wp\/v2\/comments?post=11717"}],"wp:featuredmedia":[{"embeddable":true,"href":"http:\/\/klubmamgdynia.pl\/index.php\/wp-json\/wp\/v2\/media\/11718"}],"wp:attachment":[{"href":"http:\/\/klubmamgdynia.pl\/index.php\/wp-json\/wp\/v2\/media?parent=11717"}],"wp:term":[{"taxonomy":"product_cat","embeddable":true,"href":"http:\/\/klubmamgdynia.pl\/index.php\/wp-json\/wp\/v2\/product_cat?post=11717"},{"taxonomy":"product_tag","embeddable":true,"href":"http:\/\/klubmamgdynia.pl\/index.php\/wp-json\/wp\/v2\/product_tag?post=11717"}],"curies":[{"name":"wp","href":"https:\/\/api.w.org\/{rel}","templated":true}]}}