{"id":11719,"date":"2017-08-08T08:44:24","date_gmt":"2017-08-08T06:44:24","guid":{"rendered":"http:\/\/klubmamgdynia.pl\/index.php\/produkt\/cabrio-rozowy-samochod-auto-dla-lalek-cabriolet\/"},"modified":"2026-04-10T11:25:02","modified_gmt":"2026-04-10T09:25:02","slug":"cabrio-rozowy-samochod-auto-dla-lalek-cabriolet","status":"publish","type":"product","link":"http:\/\/klubmamgdynia.pl\/index.php\/produkt\/cabrio-rozowy-samochod-auto-dla-lalek-cabriolet\/","title":{"rendered":"CABRIO R\u00d3\u017bOWY SAMOCH\u00d3D AUTO DLA LALEK CABRIOLET"},"content":{"rendered":"<p>R\u00d3\u017bOWY KABRIOLET AUTO DLA LALKIDLA LALKI TYPU BARBIDOSKONA\u0141A JAKO\u015a\u0106 WYKONANIARuchome ko\u0142aWymiary autka: 34x17x13 cmMiejsce dla 2 lalekSportowy kszta\u0142tR\u00f3\u017cowe nadwozieCzarna tapicerkaPasyZabierz swoje lalki aby mog\u0142y wyrusza\u0107 w niesamowite i pe\u0142ne przyg\u00f3d trasy, jad\u0105c pi\u0119knym i stylowym autem*lalki nie jest przedmiotem sprzeda\u017cy (modelka)WIEK DZIECKA: +3 LATAZestaw zawiera:1x autko kabriolet dla lalki1x oryginalne kartonowe opakowanie na prezent<\/p>\n<h2>CABRIO R\u00d3\u017bOWY SAMOCH\u00d3D AUTO DLA LALEK CABRIOLET <\/h2>\n<p>kolorowanki do pobrania, zagadki trudne, wpad\u0142a bomba do piwnicy, aron, test z lektury opowie\u015bci z narnii lew czarownica i stara szafa, filmy animowane \u015bwi\u0105teczne, zagadki wiosna, imiona postaci z bajek, bajka o biedronce, mitologia grecka quiz, zagadki o zwierz\u0119tach le\u015bnych dla dzieci, pomys\u0142y na prezent na roczek, super zings do druku, cytat dla mamy, aurora imi\u0119, plac zabaw pozna\u0144, rzadkie imiona dla dziewczynek, psi patrol kolorowanka do druku, milena<\/p>\n<p>yyyyy<\/p>\n<p>&nbsp;<\/p>\n","protected":false},"excerpt":{"rendered":"<p>R\u00d3\u017bOWY KABRIOLET AUTO DLA LALKIDLA LALKI TYPU BARBIDOSKONA\u0141A JAKO\u015a\u0106 WYKONANIARuchome ko\u0142aWymiary autka: 34x17x13 cmMiejsce dla 2 lalekSportowy kszta\u0142tR\u00f3\u017cowe nadwozieCzarna tapicerkaPasyZabierz swoje lalki aby mog\u0142y wyrusza\u0107 w niesamowite i pe\u0142ne przyg\u00f3d trasy, jad\u0105c pi\u0119knym i stylowym autem*lalki nie jest przedmiotem sprzeda\u017cy (modelka)WIEK DZIECKA: +3 LATAZestaw zawiera:1x autko kabriolet dla lalki1x oryginalne kartonowe opakowanie na prezent CABRIO [&hellip;]<\/p>\n","protected":false},"featured_media":11720,"comment_status":"closed","ping_status":"open","template":"","meta":[],"product_cat":[172],"product_tag":[836,763,594,678,824],"class_list":["post-11719","product","type-product","status-publish","has-post-thumbnail","hentry","product_cat-akcesoria-dla-lalek","product_tag-co-kupic-dziecku-na-roczek","product_tag-fabian","product_tag-podchwytliwe-zagadki-dla-dzieci","product_tag-prezent-na-roczek-dla-dziewczynki","product_tag-warszawa-atrakcje-dla-dzieci"],"_links":{"self":[{"href":"http:\/\/klubmamgdynia.pl\/index.php\/wp-json\/wp\/v2\/product\/11719","targetHints":{"allow":["GET"]}}],"collection":[{"href":"http:\/\/klubmamgdynia.pl\/index.php\/wp-json\/wp\/v2\/product"}],"about":[{"href":"http:\/\/klubmamgdynia.pl\/index.php\/wp-json\/wp\/v2\/types\/product"}],"replies":[{"embeddable":true,"href":"http:\/\/klubmamgdynia.pl\/index.php\/wp-json\/wp\/v2\/comments?post=11719"}],"wp:featuredmedia":[{"embeddable":true,"href":"http:\/\/klubmamgdynia.pl\/index.php\/wp-json\/wp\/v2\/media\/11720"}],"wp:attachment":[{"href":"http:\/\/klubmamgdynia.pl\/index.php\/wp-json\/wp\/v2\/media?parent=11719"}],"wp:term":[{"taxonomy":"product_cat","embeddable":true,"href":"http:\/\/klubmamgdynia.pl\/index.php\/wp-json\/wp\/v2\/product_cat?post=11719"},{"taxonomy":"product_tag","embeddable":true,"href":"http:\/\/klubmamgdynia.pl\/index.php\/wp-json\/wp\/v2\/product_tag?post=11719"}],"curies":[{"name":"wp","href":"https:\/\/api.w.org\/{rel}","templated":true}]}}