{"id":1172,"date":"2018-02-02T15:27:10","date_gmt":"2018-02-02T14:27:10","guid":{"rendered":"http:\/\/klubmamgdynia.pl\/index.php\/produkt\/pedzelki-grube-2szt\/"},"modified":"2026-04-28T15:09:07","modified_gmt":"2026-04-28T13:09:07","slug":"pedzelki-grube-2szt","status":"publish","type":"product","link":"http:\/\/klubmamgdynia.pl\/index.php\/produkt\/pedzelki-grube-2szt\/","title":{"rendered":"P\u0119dzelki Grube 2Szt"},"content":{"rendered":"<p>Gruby M alpin sel, szczeg\u00f3lnie dla dzieci z SES. Szczeg\u00f3\u0142y: Zawarto\u015b\u0107: 2 grube szczotki. Wymiary: (d\u0142ugo\u015b\u0107 x szeroko\u015b\u0107 x wysoko\u015b\u0107) ok. 6,5 x 2 x 27 cm Wiek: od 3 lat. szacunek Nie nadaje si\u0119 dla dzieci poni\u017cej trzeciego roku \u017cycia. Zawiera ma\u0142e cz\u0119\u015bci, kt\u00f3re mo\u017cna po\u0142yka\u0107. Niebezpiecze\u0144stwo uduszenia si\u0119! Wyb\u00f3r modelu niestety nie jest mo\u017cliwy!<\/p>\n<h2>P\u0119dzelki Grube 2Szt Ses<\/h2>\n<p>kolorowanka dla dzieci, kolorowanki dla dziewczynek do druku, daniel imie, co kupic na roczek, prezenty urodzinowe dla nastolatk\u00f3w, kolorowanki do druku dla dziewczyn, piosenki dla dzieci tekst, zadania logiczne dla dzieci, kotek kolorowanka<\/p>\n<p>yyyyy<\/p>\n<p>&nbsp;<\/p>\n","protected":false},"excerpt":{"rendered":"<p>Gruby M alpin sel, szczeg\u00f3lnie dla dzieci z SES. Szczeg\u00f3\u0142y: Zawarto\u015b\u0107: 2 grube szczotki. Wymiary: (d\u0142ugo\u015b\u0107 x szeroko\u015b\u0107 x wysoko\u015b\u0107) ok. 6,5 x 2 x 27 cm Wiek: od 3 lat. szacunek Nie nadaje si\u0119 dla dzieci poni\u017cej trzeciego roku \u017cycia. Zawiera ma\u0142e cz\u0119\u015bci, kt\u00f3re mo\u017cna po\u0142yka\u0107. Niebezpiecze\u0144stwo uduszenia si\u0119! Wyb\u00f3r modelu niestety nie jest [&hellip;]<\/p>\n","protected":false},"featured_media":1173,"comment_status":"closed","ping_status":"open","template":"","meta":[],"product_cat":[357,297],"product_tag":[854,612,689,743],"class_list":["post-1172","product","type-product","status-publish","has-post-thumbnail","hentry","product_cat-ses","product_cat-szkolne-artykuly-plastyczne","product_tag-cytaty-rodzina","product_tag-kolorowanki-do-druku","product_tag-linda","product_tag-quiz-dla-dzieci"],"_links":{"self":[{"href":"http:\/\/klubmamgdynia.pl\/index.php\/wp-json\/wp\/v2\/product\/1172","targetHints":{"allow":["GET"]}}],"collection":[{"href":"http:\/\/klubmamgdynia.pl\/index.php\/wp-json\/wp\/v2\/product"}],"about":[{"href":"http:\/\/klubmamgdynia.pl\/index.php\/wp-json\/wp\/v2\/types\/product"}],"replies":[{"embeddable":true,"href":"http:\/\/klubmamgdynia.pl\/index.php\/wp-json\/wp\/v2\/comments?post=1172"}],"wp:featuredmedia":[{"embeddable":true,"href":"http:\/\/klubmamgdynia.pl\/index.php\/wp-json\/wp\/v2\/media\/1173"}],"wp:attachment":[{"href":"http:\/\/klubmamgdynia.pl\/index.php\/wp-json\/wp\/v2\/media?parent=1172"}],"wp:term":[{"taxonomy":"product_cat","embeddable":true,"href":"http:\/\/klubmamgdynia.pl\/index.php\/wp-json\/wp\/v2\/product_cat?post=1172"},{"taxonomy":"product_tag","embeddable":true,"href":"http:\/\/klubmamgdynia.pl\/index.php\/wp-json\/wp\/v2\/product_tag?post=1172"}],"curies":[{"name":"wp","href":"https:\/\/api.w.org\/{rel}","templated":true}]}}