{"id":11721,"date":"2020-09-07T13:49:37","date_gmt":"2020-09-07T11:49:37","guid":{"rendered":"http:\/\/klubmamgdynia.pl\/index.php\/produkt\/baby-born-kask-na-rower-dla-lalek-43cm-830055\/"},"modified":"2026-04-30T17:38:40","modified_gmt":"2026-04-30T15:38:40","slug":"baby-born-kask-na-rower-dla-lalek-43cm-830055","status":"publish","type":"product","link":"http:\/\/klubmamgdynia.pl\/index.php\/produkt\/baby-born-kask-na-rower-dla-lalek-43cm-830055\/","title":{"rendered":"Baby Born Kask Na Rower Dla Lalek 43Cm 830055"},"content":{"rendered":"<p>ZAPF CREATIONBABY BORNKASK NA ROWER DLA LALEK 43CM830055NOWO\u015a\u0106Wow! Jaka\u015b strza\u0142a przemkn\u0119\u0142a tu\u017c obok. To, zdaje si\u0119, BABY born w swoim sza\u0142owym kasku rowerowym. Srebrne okrycie g\u0142owy zapewnia bezpiecze\u0144stwo i pi\u0119knie mieni si\u0119 w s\u0142o\u0144cu. Wystarczy zapi\u0105\u0107 pasek pod brod\u0105 &#8211; kask w\u00f3wczas nie b\u0119dzie si\u0119 zsuwa\u0142 &#8211; i ruszamy w drog\u0119! Jej Braciszek i Siostrzyczka tak\u017ce wk\u0142adaj\u0105 kaski na g\u0142ow\u0119 &#8211; w\u0142a\u015bnie wybieraj\u0105 si\u0119 na wrotki.Wysokiej jako\u015bci akcesoria do oryginalnych lalek BABY born.Dla ciekawszej, r\u00f3\u017cnorodnej i nieko\u0144cz\u0105cej si\u0119 zabawy.Prosta konstrukcja sprawia, \u017ce ubieranie i rozbieranie jest dziecinnie \u0142atwe.Kask rowerowy BABY born 43 cm.Dla lalek-bobas\u00f3w o wysoko\u015bci 43cm i mniejszych.Rozmiar opakowania: 17,5x13x9,5cm.Lalki, rowerku i okular\u00f3w brak w zestawie.Poni\u017cej zdj\u0119cia pogl\u0105dowe.Wiek od 3 lat.<\/p>\n<h2>Baby Born Kask Na Rower Dla Lalek 43Cm 830055 BABY BORN<\/h2>\n<p>piosenka kiedy babcia by\u0142a ma\u0142a tekst, ciekawostki o je\u017cach, sky kolorowanka, zagadki na logike, narodziny dziecka cytat, kolorowanka potwory, zabawy ruchowe dla dzieci w wieku szkolnym, kolorowanki pikachu, bajki do czytania dla 6 latka, kira, place zabaw warszawa<\/p>\n<p>yyyyy<\/p>\n<p>&nbsp;<\/p>\n","protected":false},"excerpt":{"rendered":"<p>ZAPF CREATIONBABY BORNKASK NA ROWER DLA LALEK 43CM830055NOWO\u015a\u0106Wow! Jaka\u015b strza\u0142a przemkn\u0119\u0142a tu\u017c obok. To, zdaje si\u0119, BABY born w swoim sza\u0142owym kasku rowerowym. Srebrne okrycie g\u0142owy zapewnia bezpiecze\u0144stwo i pi\u0119knie mieni si\u0119 w s\u0142o\u0144cu. Wystarczy zapi\u0105\u0107 pasek pod brod\u0105 &#8211; kask w\u00f3wczas nie b\u0119dzie si\u0119 zsuwa\u0142 &#8211; i ruszamy w drog\u0119! Jej Braciszek i Siostrzyczka [&hellip;]<\/p>\n","protected":false},"featured_media":11722,"comment_status":"closed","ping_status":"open","template":"","meta":[],"product_cat":[176,50],"product_tag":[706,657,720,812],"class_list":["post-11721","product","type-product","status-publish","has-post-thumbnail","hentry","product_cat-baby-born","product_cat-ubranka-i-buty-dla-lalek","product_tag-imie-kuba","product_tag-lol-kolorowanka","product_tag-malowanki","product_tag-zagadki-logiczne-na-inteligencje"],"_links":{"self":[{"href":"http:\/\/klubmamgdynia.pl\/index.php\/wp-json\/wp\/v2\/product\/11721","targetHints":{"allow":["GET"]}}],"collection":[{"href":"http:\/\/klubmamgdynia.pl\/index.php\/wp-json\/wp\/v2\/product"}],"about":[{"href":"http:\/\/klubmamgdynia.pl\/index.php\/wp-json\/wp\/v2\/types\/product"}],"replies":[{"embeddable":true,"href":"http:\/\/klubmamgdynia.pl\/index.php\/wp-json\/wp\/v2\/comments?post=11721"}],"wp:featuredmedia":[{"embeddable":true,"href":"http:\/\/klubmamgdynia.pl\/index.php\/wp-json\/wp\/v2\/media\/11722"}],"wp:attachment":[{"href":"http:\/\/klubmamgdynia.pl\/index.php\/wp-json\/wp\/v2\/media?parent=11721"}],"wp:term":[{"taxonomy":"product_cat","embeddable":true,"href":"http:\/\/klubmamgdynia.pl\/index.php\/wp-json\/wp\/v2\/product_cat?post=11721"},{"taxonomy":"product_tag","embeddable":true,"href":"http:\/\/klubmamgdynia.pl\/index.php\/wp-json\/wp\/v2\/product_tag?post=11721"}],"curies":[{"name":"wp","href":"https:\/\/api.w.org\/{rel}","templated":true}]}}