{"id":11723,"date":"2022-04-03T17:59:26","date_gmt":"2022-04-03T15:59:26","guid":{"rendered":"http:\/\/klubmamgdynia.pl\/index.php\/produkt\/catan-junior\/"},"modified":"2026-04-30T07:50:51","modified_gmt":"2026-04-30T05:50:51","slug":"catan-junior","status":"publish","type":"product","link":"http:\/\/klubmamgdynia.pl\/index.php\/produkt\/catan-junior\/","title":{"rendered":"Catan Junior"},"content":{"rendered":"<p>Catan: Junior<\/p>\n<p>Klasyka dla najm\u0142odszych!Podbijaj\u0105ca serca graczy na ca\u0142ym \u015bwiecie gra planszowa \u201eCatan\u201d doczeka\u0142 si\u0119 wydania dostosowanego dla dzieci! \u201eCatan: Junior\u201d to wci\u0105\u017c ten sam klasyk. Z t\u0105 r\u00f3\u017cnic\u0105, \u017ce zmniejsza si\u0119 r\u00f3\u017cnorodno\u015b\u0107 zasob\u00f3w, karty zast\u0105pi\u0142y \u0142adnie wykonane \u017cetony, a zasady zosta\u0142y odpowiednio zmodyfikowane- upraszczaj\u0105c ca\u0142y proces kolonizacji wyspy Catan                            <\/p>\n<p>Mi\u0142\u0105 odmian\u0105 jest mo\u017cliwo\u015b\u0107 gry ju\u017c od dw\u00f3ch (do 4) os\u00f3b! \u201eCatan: Junior\u201d zawiera w pude\u0142ku dwustronn\u0105 plansz\u0119, kt\u00f3r\u0105 uk\u0142adamy na stole w zale\u017cno\u015bci od liczby graczy. Plastikowe figurki osad i statk\u00f3w ustawiamy na polach startowych, a pozosta\u0142e rozdajemy uczestnikom. W swojej turze gracz rzuca kostk\u0105. Okre\u015bla ona numerek pola, kt\u00f3re obradza w surowce wszystkim granicznym osadom. Po dobraniu \u017ceton\u00f3w, mo\u017cemy si\u0119 zdecydowa\u0107 na budow\u0119 statku lub kolejnego obozu by zyska\u0107 kontrol\u0119 nad wi\u0119kszym terenem. Na planszy pomocniczej znajduje si\u0119 cennik, w kt\u00f3rym przejrzy\u015bcie zaznaczono koszt poszczeg\u00f3lnych komponent\u00f3w. Dzi\u0119ki nim dzieci szybko z\u0142api\u0105 co powinny zbiera\u0107 i kiedy s\u0105 gotowi do kupna np. nowego okr\u0119tu. \u201eCatan: Junior\u201d ko\u0144cz\u0105 si\u0119 zwyci\u0119stwem gracza, kt\u00f3ry jako pierwszy zbuduje sw\u00f3j ostatni statek lub osad\u0119!                            <\/p>\n<p>Bestseller \u201eOsadnicy z Catanu\u201d (&#8222;Catan&#8221;) sta\u0142 si\u0119 hitem w\u015br\u00f3d dzieci! Proste zasady, przyjemne dla oka wydanie i jasny cel gry sprawi\u0105, \u017ce nawet 6-latkowie z ch\u0119ci\u0105 zasi\u0105d\u0105 do planszy. Usprawniona mechanika znacznie skraca czas rozgrywki (oko\u0142o 30 minut), zatem nikt nie zd\u0105\u017cy si\u0119 znudzi\u0107. \u201eOsadnicy z Catanu Junior\u201d (&#8222;Catan: Junior&#8221;) to \u015bwietny wst\u0119p do \u015bwiata gier planszowych, a przede wszystkim przygotowanie do prawdziwego klasyka.\u00a0                            <\/p>\n<p>            Specyfikacja: <\/p>\n<p>Producent: GalaktaDzia\u0142: gry planszoweKategorie sklep: rodzinne (familijne)Kategorie \u015bwiat: gra dla dzieci (Childrens Game), ko\u015bci (Dice), \u017beglarstwo (Nautical), piraci (Pirates)Pozycja na BGG: 1315Ocena na BGG: 6.77 na 1326 g\u0142osyNazwa oryginalna: \u00a0Catan: JuniorKod producenta: 5902259201199Numer katalogowy: 1995Mechaniki: rzucanie ko\u015b\u0107mi (Dice Rolling), budowa dr\u00f3g (Route\/Network Building)Wydanie: polskieInstrukcja: polskaWiek: \u00a0od 6\tlatLiczba graczy: od 2 do 4\tos\u00f3bCzas gry: od 25 do 30\tmin.Rok premiery: 2012Rok wydania: 2014Autor: Klaus TeuberPude\u0142ko zawiera:\u00a01 dwustronna plansza\u00a01 kostka\u00a028 Oboz\u00f3w Pirat\u00f3w\u00a028 statk\u00f3w\u00a090 \u017ceton\u00f3w \u201eTego i Owego\u201d\u00a016 p\u0142ytek Koko\u00a04 tabliczki graczy\u00a01 pionek \u201eCzarnodziobego\u201c\u00a01 instrukcja<\/p>\n<h2>Catan Junior Galakta<\/h2>\n<p>co kupic na roczek, szymon znaczenie imiona, pch\u0142y na noc, opowie\u015bci z narnii lew czarownica i stara szafa quiz, krecik bajka, dziecko cytaty, quiz o wio\u015bnie, zagadki o bo\u017cym narodzeniu<\/p>\n<p>yyyyy<\/p>\n<p>&nbsp;<\/p>\n","protected":false},"excerpt":{"rendered":"<p>Catan: Junior Klasyka dla najm\u0142odszych!Podbijaj\u0105ca serca graczy na ca\u0142ym \u015bwiecie gra planszowa \u201eCatan\u201d doczeka\u0142 si\u0119 wydania dostosowanego dla dzieci! \u201eCatan: Junior\u201d to wci\u0105\u017c ten sam klasyk. Z t\u0105 r\u00f3\u017cnic\u0105, \u017ce zmniejsza si\u0119 r\u00f3\u017cnorodno\u015b\u0107 zasob\u00f3w, karty zast\u0105pi\u0142y \u0142adnie wykonane \u017cetony, a zasady zosta\u0142y odpowiednio zmodyfikowane- upraszczaj\u0105c ca\u0142y proces kolonizacji wyspy Catan Mi\u0142\u0105 odmian\u0105 jest mo\u017cliwo\u015b\u0107 gry [&hellip;]<\/p>\n","protected":false},"featured_media":11724,"comment_status":"closed","ping_status":"open","template":"","meta":[],"product_cat":[414,130],"product_tag":[664,829,660,743,647,793],"class_list":["post-11723","product","type-product","status-publish","has-post-thumbnail","hentry","product_cat-galakta","product_cat-gry-dzieciece","product_tag-atrakcje-dla-dzieci-trojmiasto","product_tag-bajki-do-czytania-na-dobranoc","product_tag-bianka","product_tag-quiz-dla-dzieci","product_tag-warszawa-z-dzieckiem","product_tag-zagadki-smieszne-podchwytliwe"],"_links":{"self":[{"href":"http:\/\/klubmamgdynia.pl\/index.php\/wp-json\/wp\/v2\/product\/11723","targetHints":{"allow":["GET"]}}],"collection":[{"href":"http:\/\/klubmamgdynia.pl\/index.php\/wp-json\/wp\/v2\/product"}],"about":[{"href":"http:\/\/klubmamgdynia.pl\/index.php\/wp-json\/wp\/v2\/types\/product"}],"replies":[{"embeddable":true,"href":"http:\/\/klubmamgdynia.pl\/index.php\/wp-json\/wp\/v2\/comments?post=11723"}],"wp:featuredmedia":[{"embeddable":true,"href":"http:\/\/klubmamgdynia.pl\/index.php\/wp-json\/wp\/v2\/media\/11724"}],"wp:attachment":[{"href":"http:\/\/klubmamgdynia.pl\/index.php\/wp-json\/wp\/v2\/media?parent=11723"}],"wp:term":[{"taxonomy":"product_cat","embeddable":true,"href":"http:\/\/klubmamgdynia.pl\/index.php\/wp-json\/wp\/v2\/product_cat?post=11723"},{"taxonomy":"product_tag","embeddable":true,"href":"http:\/\/klubmamgdynia.pl\/index.php\/wp-json\/wp\/v2\/product_tag?post=11723"}],"curies":[{"name":"wp","href":"https:\/\/api.w.org\/{rel}","templated":true}]}}