{"id":11727,"date":"2015-01-09T22:55:11","date_gmt":"2015-01-09T21:55:11","guid":{"rendered":"http:\/\/klubmamgdynia.pl\/index.php\/produkt\/ragil-traktor-na-akumulator-2-silniki-przyczepka\/"},"modified":"2026-05-17T22:32:57","modified_gmt":"2026-05-17T20:32:57","slug":"ragil-traktor-na-akumulator-2-silniki-przyczepka","status":"publish","type":"product","link":"http:\/\/klubmamgdynia.pl\/index.php\/produkt\/ragil-traktor-na-akumulator-2-silniki-przyczepka\/","title":{"rendered":"Ragil Traktor Na Akumulator 2 Silniki + Przyczepka"},"content":{"rendered":"<p>TRAKTOR NA AKUMULATOR 2 SILNIKI + PRZYCZEPKAKOLOR ZIELONYDzieci\u0119cy Traktorek z przyczepk\u0105na akumulatorModel C2MUZYKA + KLAKSON+GNIAZDO MP3Pojazdem dziecko steruje samodzielnie, siedz\u0105c za kierownic\u0105.Pojazd generalnie przeznaczony do u\u017cytku zewn\u0119trznego, jednak jego ergonomiczna budowa sprzyja i pozwala u\u017cywa\u0107 go r\u00f3wnie\u017c w wi\u0119kszych pomieszczeniach takich jak taras czy salon.Sugerowany wiek u\u017cytkownika 1,5 &#8211; 5 lat.Muzyka sterowana przez dziecko.\u015awiec\u0105ce \u015bwiat\u0142a przednie i \u015brodkowe (obok kierownicy)Wyposa\u017cenie traktorka:w\u0142\u0105cznik zasilania (poni\u017cej siedzonka),regulacja g\u0142o\u015bno\u015bci,multimedialny panel muzyczny,gniazdo MP3 i USB,1 akumulator 6 V7Ah,\u0142adowarka (wej\u015bcie 220-230 V),wska\u017anik na\u0142adowania baterii,muzyka i klakson w kierownicy,pasy bezpiecze\u0144stwa,\u015bwiat\u0142a przednie oraz \u015bwiat\u0142a LED \u015brodkowe (obok kierownicy),przycisk zmiany kierunku jazdyamortyzatory na tylnych ko\u0142ach,2 biegi: prz\u00f3d, ty\u0142wbudowane opaski na ko\u0142a z tworzywa,wbudowana mi\u0119kka wk\u0142adka w siode\u0142ko,przyczepkapeda\u0142 gazu,Dane techniczne:d\u0142ugo\u015b\u0107 pojazdu z przyczep\u0105: 160 cm,d\u0142ugo\u015b\u0107 traktorka: 86 cm,szeroko\u015b\u0107 traktorka: 54 cm,wymiary przyczepy (bez k\u00f3\u0142): ok. 47 x 65 cmwysoko\u015b\u0107 pojazdu (do kierownicy): 53 cm,1 bateria (akumulator) 6 V 7ah,2 silniki o mocy 30 Wat ka\u017cdy,pr\u0119dko\u015bci pojazdu: 5-6 km\/h,waga pojazdu: 13,5\/15,5 kg,\u015bredni czas jazdy: 1,5-2 h,nap\u0119d na tylne ko\u0142a,trzeci silnik steruj\u0105cy kierownic\u0105,\u015brednica k\u00f3\u0142 tylnych: 27 cm,\u015brednica k\u00f3\u0142 przednich i k\u00f3\u0142 przyczepki 22,5 cm,prze\u015bwit traktorka (odleg\u0142o\u015b\u0107 od podwozia do pod\u0142o\u017ca): ok. 11 cmmarka: R-Sport,instrukcja w j\u0119zyku polskim,pakowanie: szary (bia\u0142y) karton,pojazd do samodzielnego &#8211; stosunkowo prostego monta\u017cu,maksymalne obci\u0105\u017cenie do 30 KG,pojazd jednoosobowy,siedzisko jest plastikowe z wbudowan\u0105 mi\u0119kk\u0105 wk\u0142adk\u0105,ko\u0142a s\u0105 plastikowe,WYMIAR OPAKOWANIA : 84x55x46WAGA : 15 KG \/ MAG : BTraktorek nie jest wyposa\u017cony w pilot zdalnego sterowania, ani w instalacj\u0119 umo\u017cliwiaj\u0105c\u0105 jego u\u017cywanie.<\/p>\n<h2>Ragil Traktor Na Akumulator 2 Silniki + Przyczepka Ragil<\/h2>\n<p>regina, szlaczki, pierwsze urodziny prezent na roczek dla dziewczynki, papuga kolorowanka, ubieranki do druku, zabawka na roczek, kolorowanki wakacyjne, daniel imie, quiz o miko\u0142ajku<\/p>\n<p>yyyyy<\/p>\n<p>&nbsp;<\/p>\n","protected":false},"excerpt":{"rendered":"<p>TRAKTOR NA AKUMULATOR 2 SILNIKI + PRZYCZEPKAKOLOR ZIELONYDzieci\u0119cy Traktorek z przyczepk\u0105na akumulatorModel C2MUZYKA + KLAKSON+GNIAZDO MP3Pojazdem dziecko steruje samodzielnie, siedz\u0105c za kierownic\u0105.Pojazd generalnie przeznaczony do u\u017cytku zewn\u0119trznego, jednak jego ergonomiczna budowa sprzyja i pozwala u\u017cywa\u0107 go r\u00f3wnie\u017c w wi\u0119kszych pomieszczeniach takich jak taras czy salon.Sugerowany wiek u\u017cytkownika 1,5 &#8211; 5 lat.Muzyka sterowana przez dziecko.\u015awiec\u0105ce \u015bwiat\u0142a [&hellip;]<\/p>\n","protected":false},"featured_media":11728,"comment_status":"closed","ping_status":"open","template":"","meta":[],"product_cat":[2067,489],"product_tag":[838,654,821,643,623,873],"class_list":["post-11727","product","type-product","status-publish","has-post-thumbnail","hentry","product_cat-ragil","product_cat-traktory-dla-dzieci","product_tag-bajki-dla-dzieci-na-dobranoc","product_tag-krotkie-bajki-dla-dzieci-do-czytania","product_tag-marianna","product_tag-prezent-dla-17-latki","product_tag-zagadki-logiczne-smieszne","product_tag-zagadki-z-odpowiedziami-dla-dzieci"],"_links":{"self":[{"href":"http:\/\/klubmamgdynia.pl\/index.php\/wp-json\/wp\/v2\/product\/11727","targetHints":{"allow":["GET"]}}],"collection":[{"href":"http:\/\/klubmamgdynia.pl\/index.php\/wp-json\/wp\/v2\/product"}],"about":[{"href":"http:\/\/klubmamgdynia.pl\/index.php\/wp-json\/wp\/v2\/types\/product"}],"replies":[{"embeddable":true,"href":"http:\/\/klubmamgdynia.pl\/index.php\/wp-json\/wp\/v2\/comments?post=11727"}],"wp:featuredmedia":[{"embeddable":true,"href":"http:\/\/klubmamgdynia.pl\/index.php\/wp-json\/wp\/v2\/media\/11728"}],"wp:attachment":[{"href":"http:\/\/klubmamgdynia.pl\/index.php\/wp-json\/wp\/v2\/media?parent=11727"}],"wp:term":[{"taxonomy":"product_cat","embeddable":true,"href":"http:\/\/klubmamgdynia.pl\/index.php\/wp-json\/wp\/v2\/product_cat?post=11727"},{"taxonomy":"product_tag","embeddable":true,"href":"http:\/\/klubmamgdynia.pl\/index.php\/wp-json\/wp\/v2\/product_tag?post=11727"}],"curies":[{"name":"wp","href":"https:\/\/api.w.org\/{rel}","templated":true}]}}