{"id":11729,"date":"2015-01-14T21:56:25","date_gmt":"2015-01-14T20:56:25","guid":{"rendered":"http:\/\/klubmamgdynia.pl\/index.php\/produkt\/hauck-lozeczko-dla-lalekpodwojne\/"},"modified":"2026-05-17T22:38:32","modified_gmt":"2026-05-17T20:38:32","slug":"hauck-lozeczko-dla-lalekpodwojne","status":"publish","type":"product","link":"http:\/\/klubmamgdynia.pl\/index.php\/produkt\/hauck-lozeczko-dla-lalekpodwojne\/","title":{"rendered":"Hauck \u0142\u00f3\u017ceczko dla lalekpodw\u00f3jne"},"content":{"rendered":"<p>\u015aliczne \u0142\u00f3\u017ceczko dla dw\u00f3ch lalek. Te \u0142\u00f3\u017ceczka zawieraj\u0105 wiele akcesori\u00f3w, kt\u00f3re s\u0105 niezb\u0119dne, aby mie\u0107 je w pobli\u017cu \u0142\u00f3\u017ceczka. Usypianie lalek nigdy nie by\u0142o tak \u0142atwe.<\/p>\n<h2>Hauck \u0142\u00f3\u017ceczko dla lalekpodw\u00f3jne Hauck<\/h2>\n<p>pch\u0142y na noc, bajki do czytania dla niemowl\u0105t, labirynty dla dzieci, prezent dla pi\u0119tnastolatka, imi\u0119 kuba, macierzy\u0144stwo cytaty, traktor do druku, zagadka matematyczna, zagadki dla dzieci 10-12 lat, prezent dla nastolatek, wiosenna kolorowanka, najlepsze zarty na prima aprilis, ptak b\u0105k, test magiczne drzewo czerwone krzes\u0142o, zings kolorowanka, kolorowanki miasto dzieci<\/p>\n<p>yyyyy<\/p>\n<p>&nbsp;<\/p>\n","protected":false},"excerpt":{"rendered":"<p>\u015aliczne \u0142\u00f3\u017ceczko dla dw\u00f3ch lalek. Te \u0142\u00f3\u017ceczka zawieraj\u0105 wiele akcesori\u00f3w, kt\u00f3re s\u0105 niezb\u0119dne, aby mie\u0107 je w pobli\u017cu \u0142\u00f3\u017ceczka. Usypianie lalek nigdy nie by\u0142o tak \u0142atwe. Hauck \u0142\u00f3\u017ceczko dla lalekpodw\u00f3jne Hauck pch\u0142y na noc, bajki do czytania dla niemowl\u0105t, labirynty dla dzieci, prezent dla pi\u0119tnastolatka, imi\u0119 kuba, macierzy\u0144stwo cytaty, traktor do druku, zagadka matematyczna, zagadki [&hellip;]<\/p>\n","protected":false},"featured_media":11730,"comment_status":"closed","ping_status":"open","template":"","meta":[],"product_cat":[172,108],"product_tag":[696,790,665,726,710],"class_list":["post-11729","product","type-product","status-publish","has-post-thumbnail","hentry","product_cat-akcesoria-dla-lalek","product_cat-hauck","product_tag-film-rodzinny-o-swietach","product_tag-gry-planszowe-dla-nastolatkow","product_tag-proste-zagadki","product_tag-quiz-zemsta","product_tag-zagadki-dla-dzieci-10-12-lat"],"_links":{"self":[{"href":"http:\/\/klubmamgdynia.pl\/index.php\/wp-json\/wp\/v2\/product\/11729","targetHints":{"allow":["GET"]}}],"collection":[{"href":"http:\/\/klubmamgdynia.pl\/index.php\/wp-json\/wp\/v2\/product"}],"about":[{"href":"http:\/\/klubmamgdynia.pl\/index.php\/wp-json\/wp\/v2\/types\/product"}],"replies":[{"embeddable":true,"href":"http:\/\/klubmamgdynia.pl\/index.php\/wp-json\/wp\/v2\/comments?post=11729"}],"wp:featuredmedia":[{"embeddable":true,"href":"http:\/\/klubmamgdynia.pl\/index.php\/wp-json\/wp\/v2\/media\/11730"}],"wp:attachment":[{"href":"http:\/\/klubmamgdynia.pl\/index.php\/wp-json\/wp\/v2\/media?parent=11729"}],"wp:term":[{"taxonomy":"product_cat","embeddable":true,"href":"http:\/\/klubmamgdynia.pl\/index.php\/wp-json\/wp\/v2\/product_cat?post=11729"},{"taxonomy":"product_tag","embeddable":true,"href":"http:\/\/klubmamgdynia.pl\/index.php\/wp-json\/wp\/v2\/product_tag?post=11729"}],"curies":[{"name":"wp","href":"https:\/\/api.w.org\/{rel}","templated":true}]}}