{"id":11733,"date":"2025-03-04T14:00:46","date_gmt":"2025-03-04T13:00:46","guid":{"rendered":"http:\/\/klubmamgdynia.pl\/?post_type=product&#038;p=11733"},"modified":"2026-04-04T20:55:16","modified_gmt":"2026-04-04T18:55:16","slug":"drukarka-canon-pixma-tr4550-czarna-2984c009","status":"publish","type":"product","link":"http:\/\/klubmamgdynia.pl\/index.php\/produkt\/drukarka-canon-pixma-tr4550-czarna-2984c009\/","title":{"rendered":"Drukarka Canon PIXMA TR4550 Czarna (2984C009)"},"content":{"rendered":"<p>Obs\u0142uga toner\u00f3w XL w Canon PIXMA TR4550Urz\u0105dzenie wielofunkcyjne TR4550 dostosowano do obs\u0142ugiwania toner\u00f3w XL produkowanych przez firm\u0119 Canon. Pozwala to na zaoszcz\u0119dzenie nawet do 30% koszt\u00f3w w por\u00f3wnaniu do typowych kaset atramentowych oferowanych przez t\u0119 firm\u0119. Gwarantuje to ekonomiczn\u0105 eksploatacj\u0119 bez martwienia si\u0119 o spadek jako\u015bci druku b\u0105d\u017a brak kompatybilno\u015bci zamiennik\u00f3w.                            <\/p>\n<p>Wi-Fi i obs\u0142uga chmuryDzi\u0119ki obs\u0142ugiwaniu modu\u0142u Wi-Fi Canon pozwala na swobodny druk zar\u00f3wno ze smartfona, tabletu, laptopa jak i komputera stacjonarnego. Jest on wyposa\u017cony w modu\u0142 Wi-Fi, a dzi\u0119ki wsparciu aplikacji Canon PRINT umo\u017cliwia bezpo\u015brednie powi\u0105zanie drukarki i skanera z obs\u0142ugiwanymi przez nas chmurami. W efekcie b\u0119dziemy mogli drukowa\u0107 dokumenty bezpo\u015brednio przyk\u0142adowo z Google Drive, jak i natychmiast przesy\u0142a\u0107 je do chmury po zeskanowaniu. Drukark\u0119 z komputerem mo\u017cna po\u0142\u0105czy\u0107 r\u00f3wnie\u017c przewodowo klasycznym kablem USB.                            <\/p>\n<p>Wydajno\u015b\u0107 druku i skanowaniaCanon PIXMA TR4550 pozwala na wydrukowanie do 8 czarno-bia\u0142ych i 4 kolorowych stron na minut\u0119, w trybie jako\u015bciowego wydruku w rozdzielczo\u015bci 4800x1200dpi. Funkcja drukarki obs\u0142uguje r\u00f3wnie\u017c druk obustronny. Z drukarki uzyskamy r\u00f3wnie\u017c wysokiej jako\u015bci wydruki fotograficzne bez margines\u00f3w 10x15cm. Na uwag\u0119 zas\u0142uguje r\u00f3wnie\u017c skaner urz\u0105dzenia, kt\u00f3ry pozwala na tworzenie dokument\u00f3w cyfrowych w rozdzielczo\u015bci 600&#215;1200.<\/p>\n<h2>Drukarka Canon PIXMA TR4550 Czarna (2984C009) Canon<\/h2>\n<p>zagadki o zwierz\u0119tach domowych, minionki kolorowanka, impreza halloween 2021 dla dzieci, jordan co oznacza, beniamin imi\u0119, dawne ko\u0142ysanki teksty, bajka do czytania na dobranoc, karaluchy pod poduchy a szczypawki, maska batmana do druku, prosta zagadka, 45 pa\u0144stw europy i ich stolice quiz, wiersze \u0142ama\u0144ce j\u0119zykowe dla dzieci, dobrej nocy, co na roczek, kaczuszka, zagadki rymowane, bajki do czytania dla ch\u0142opc\u00f3w, pia imi\u0119, zagadki logiczne \u015bmieszne, filmy wigilijne dla dzieci<\/p>\n<p>yyyyy<\/p>\n<p>&nbsp;<\/p>\n","protected":false},"excerpt":{"rendered":"<p>Obs\u0142uga toner\u00f3w XL w Canon PIXMA TR4550Urz\u0105dzenie wielofunkcyjne TR4550 dostosowano do obs\u0142ugiwania toner\u00f3w XL produkowanych przez firm\u0119 Canon. Pozwala to na zaoszcz\u0119dzenie nawet do 30% koszt\u00f3w w por\u00f3wnaniu do typowych kaset atramentowych oferowanych przez t\u0119 firm\u0119. Gwarantuje to ekonomiczn\u0105 eksploatacj\u0119 bez martwienia si\u0119 o spadek jako\u015bci druku b\u0105d\u017a brak kompatybilno\u015bci zamiennik\u00f3w. Wi-Fi i obs\u0142uga chmuryDzi\u0119ki [&hellip;]<\/p>\n","protected":false},"featured_media":11734,"comment_status":"closed","ping_status":"open","template":"","meta":[],"product_cat":[1955,2068],"product_tag":[836,832,780,646,581,823],"class_list":["post-11733","product","type-product","status-publish","has-post-thumbnail","hentry","product_cat-canon","product_cat-drukarki-atramentowe","product_tag-co-kupic-dziecku-na-roczek","product_tag-desery-dla-dzieci","product_tag-krecik-bajka","product_tag-prezent-na-pierwsze-urodziny","product_tag-zagadki-dla-8-latka","product_tag-zagadki-dla-dzieci-7-lat"],"_links":{"self":[{"href":"http:\/\/klubmamgdynia.pl\/index.php\/wp-json\/wp\/v2\/product\/11733","targetHints":{"allow":["GET"]}}],"collection":[{"href":"http:\/\/klubmamgdynia.pl\/index.php\/wp-json\/wp\/v2\/product"}],"about":[{"href":"http:\/\/klubmamgdynia.pl\/index.php\/wp-json\/wp\/v2\/types\/product"}],"replies":[{"embeddable":true,"href":"http:\/\/klubmamgdynia.pl\/index.php\/wp-json\/wp\/v2\/comments?post=11733"}],"wp:featuredmedia":[{"embeddable":true,"href":"http:\/\/klubmamgdynia.pl\/index.php\/wp-json\/wp\/v2\/media\/11734"}],"wp:attachment":[{"href":"http:\/\/klubmamgdynia.pl\/index.php\/wp-json\/wp\/v2\/media?parent=11733"}],"wp:term":[{"taxonomy":"product_cat","embeddable":true,"href":"http:\/\/klubmamgdynia.pl\/index.php\/wp-json\/wp\/v2\/product_cat?post=11733"},{"taxonomy":"product_tag","embeddable":true,"href":"http:\/\/klubmamgdynia.pl\/index.php\/wp-json\/wp\/v2\/product_tag?post=11733"}],"curies":[{"name":"wp","href":"https:\/\/api.w.org\/{rel}","templated":true}]}}