{"id":11735,"date":"2021-11-19T02:59:36","date_gmt":"2021-11-19T01:59:36","guid":{"rendered":"http:\/\/klubmamgdynia.pl\/index.php\/produkt\/euro-trade-nella-akcesoria-dla-lalek-25x33x3cm\/"},"modified":"2026-04-06T09:56:57","modified_gmt":"2026-04-06T07:56:57","slug":"euro-trade-nella-akcesoria-dla-lalek-25x33x3cm","status":"publish","type":"product","link":"http:\/\/klubmamgdynia.pl\/index.php\/produkt\/euro-trade-nella-akcesoria-dla-lalek-25x33x3cm\/","title":{"rendered":"Euro Trade Nella Akcesoria Dla Lalek 25x33x3cm"},"content":{"rendered":"<p>Nella Akcesoria dla lalek 25x33x3cm MC cena za 1 szt &#8211; EURO-TRADE<\/p>\n<h2>Euro Trade Nella Akcesoria Dla Lalek 25x33x3cm Mega Creative<\/h2>\n<p>zabawy z 7 latkiem, najtrudniejsze zagadki, sentencje na dzie\u0144 nauczyciela, cytaty o nauczycielach, dzie\u0144 pluszowego misia, szkic jak narysowa\u0107 kota, ma\u0142y ksi\u0105\u017c\u0119 &#8211; test z odpowiedziami, mini kanapki dla dzieci, lol do druku<\/p>\n<p>yyyyy<\/p>\n<p>&nbsp;<\/p>\n","protected":false},"excerpt":{"rendered":"<p>Nella Akcesoria dla lalek 25x33x3cm MC cena za 1 szt &#8211; EURO-TRADE Euro Trade Nella Akcesoria Dla Lalek 25x33x3cm Mega Creative zabawy z 7 latkiem, najtrudniejsze zagadki, sentencje na dzie\u0144 nauczyciela, cytaty o nauczycielach, dzie\u0144 pluszowego misia, szkic jak narysowa\u0107 kota, ma\u0142y ksi\u0105\u017c\u0119 &#8211; test z odpowiedziami, mini kanapki dla dzieci, lol do druku yyyyy [&hellip;]<\/p>\n","protected":false},"featured_media":11736,"comment_status":"closed","ping_status":"open","template":"","meta":[],"product_cat":[172,64],"product_tag":[658,844,669,624,770,714],"class_list":["post-11735","product","type-product","status-publish","has-post-thumbnail","hentry","product_cat-akcesoria-dla-lalek","product_cat-mega-creative","product_tag-alan-znaczenie-imienia","product_tag-co-kupic-na-roczek","product_tag-kolorowanki","product_tag-krotkie-zagadki","product_tag-samolot-z-papieru","product_tag-zagadki-logiczne"],"_links":{"self":[{"href":"http:\/\/klubmamgdynia.pl\/index.php\/wp-json\/wp\/v2\/product\/11735","targetHints":{"allow":["GET"]}}],"collection":[{"href":"http:\/\/klubmamgdynia.pl\/index.php\/wp-json\/wp\/v2\/product"}],"about":[{"href":"http:\/\/klubmamgdynia.pl\/index.php\/wp-json\/wp\/v2\/types\/product"}],"replies":[{"embeddable":true,"href":"http:\/\/klubmamgdynia.pl\/index.php\/wp-json\/wp\/v2\/comments?post=11735"}],"wp:featuredmedia":[{"embeddable":true,"href":"http:\/\/klubmamgdynia.pl\/index.php\/wp-json\/wp\/v2\/media\/11736"}],"wp:attachment":[{"href":"http:\/\/klubmamgdynia.pl\/index.php\/wp-json\/wp\/v2\/media?parent=11735"}],"wp:term":[{"taxonomy":"product_cat","embeddable":true,"href":"http:\/\/klubmamgdynia.pl\/index.php\/wp-json\/wp\/v2\/product_cat?post=11735"},{"taxonomy":"product_tag","embeddable":true,"href":"http:\/\/klubmamgdynia.pl\/index.php\/wp-json\/wp\/v2\/product_tag?post=11735"}],"curies":[{"name":"wp","href":"https:\/\/api.w.org\/{rel}","templated":true}]}}