{"id":11737,"date":"2017-03-09T21:35:56","date_gmt":"2017-03-09T20:35:56","guid":{"rendered":"http:\/\/klubmamgdynia.pl\/index.php\/produkt\/roba-pokoj-dzieciecy-matyldy-r-70x140-cm\/"},"modified":"2026-04-06T01:43:00","modified_gmt":"2026-04-05T23:43:00","slug":"roba-pokoj-dzieciecy-matyldy-r-70x140-cm","status":"publish","type":"product","link":"http:\/\/klubmamgdynia.pl\/index.php\/produkt\/roba-pokoj-dzieciecy-matyldy-r-70x140-cm\/","title":{"rendered":"Roba Pok\u00f3j Dzieci\u0119cy Matyldy R. 70X140 Cm"},"content":{"rendered":"<p>Szczeg\u00f3\u0142y produktu: \u0141\u00f3\u017ceczko dzieci\u0119ce typu kombi kolor: szary Materia\u0142: p\u0142yta wi\u00f3rowa, pokryta melamin\u0105 Powierzchnia do le\u017cenia: szeroko\u015b\u0107 x d\u0142ugo\u015b\u0107 70 x 140 cm Wymiary: szeroko\u015b\u0107 x d\u0142ugo\u015b\u0107 x wysoko\u015b\u0107 76 x 144 x 82 cm Mo\u017cliwo\u015b\u0107 obci\u0105\u017cenia do 50 kg 3-krotna regulacja wysoko\u015bci 3 szczeble \u015blizgowe Mo\u017cliwo\u015b\u0107 przekszta\u0142cenia w \u0142\u00f3\u017cko Junior dzi\u0119ki dost\u0119pnym oddzielnie bokom do przekszta\u0142cania Jednostka zmieniaj\u0105ca Kolor: szary Materia\u0142: p\u0142yta wi\u00f3rowa, pokryta melamin\u0105 Uchwyty materia\u0142owe: Metal l Strefa zmian: szeroko\u015b\u0107 x g\u0142\u0119boko\u015b\u0107 85 x 75 cm Wymiary: szeroko\u015b\u0107 x g\u0142\u0119boko\u015b\u0107 x wysoko\u015b\u0107 126 x 39,5 x 98,5 cm Wymiary z przewijakiem: szeroko\u015b\u0107 x g\u0142\u0119boko\u015b\u0107 x wysoko\u015b\u0107 126 x 75 x 98,5 cm Wysoko\u015b\u0107 zmiany: 90,5 cm Zmieniacz mo\u017ce by\u0107 zamontowany po prawej, \u015brodkowej lub lewej stronie. 3 szuflady aden z technologi\u0105 cichego domykania \u0141\u0105cznie z przewijakiem Szafa Kolor: szary \/ naturalny Materia\u0142 korpusu \/ p\u00f3\u0142ek: p\u0142yta wi\u00f3rowa, pokryta melamin\u0105 Materia\u0142 panelu tylnego: HDF Uchwyty materia\u0142owe: Metal l Wymiary: szeroko\u015b\u0107 x g\u0142\u0119boko\u015b\u0107 x wysoko\u015b\u0107 135 x 52,5 x 190 cm 3 drzwi z funkcj\u0105 cichego domykania 2 szuflady aden z funkcj\u0105 cichego domykania 1 dr\u0105\u017cek na ubrania 4 p\u00f3\u0142ki W zestawie: \u0141\u00f3\u017ceczko dzieci\u0119ce typu kombi komoda Jednostka zmieniaj\u0105ca Szafa Uwaga: boki konwersyjne, p\u00f3\u0142ka boczna, materac i dekoracje nie wchodz\u0105 w zakres dostawy.<\/p>\n<h2>Roba Pok\u00f3j Dzieci\u0119cy Matyldy R. 70X140 Cm Roba<\/h2>\n<p>listy do \u015bwi\u0119tego miko\u0142aja, laura, bajki dla noworodka, zagadki dla dzieci 10-12 lat trudne, m.i.a., p\u0142onie ognisko w lesie, szablony do wyklejania plastelin\u0105, darmowe kolorowanki do druku, zagadki na logike, otto, gad\u017cety dla m\u0142odzie\u017cy 2020, kwiecie\u0144 plecie\u0144 wiersz, janusz, proste szczere \u017cyczenia bo\u017conarodzeniowe, dinozaury kolorowanki, czasdzieci krak\u00f3w, atrakcje wroc\u0142aw i okolice, niech \u017cyj\u0105 wakacje tekst, maska kota do druku, kolorowanki wed\u0142ug kodu do druku<\/p>\n<p>yyyyy<\/p>\n<p>&nbsp;<\/p>\n","protected":false},"excerpt":{"rendered":"<p>Szczeg\u00f3\u0142y produktu: \u0141\u00f3\u017ceczko dzieci\u0119ce typu kombi kolor: szary Materia\u0142: p\u0142yta wi\u00f3rowa, pokryta melamin\u0105 Powierzchnia do le\u017cenia: szeroko\u015b\u0107 x d\u0142ugo\u015b\u0107 70 x 140 cm Wymiary: szeroko\u015b\u0107 x d\u0142ugo\u015b\u0107 x wysoko\u015b\u0107 76 x 144 x 82 cm Mo\u017cliwo\u015b\u0107 obci\u0105\u017cenia do 50 kg 3-krotna regulacja wysoko\u015bci 3 szczeble \u015blizgowe Mo\u017cliwo\u015b\u0107 przekszta\u0142cenia w \u0142\u00f3\u017cko Junior dzi\u0119ki dost\u0119pnym oddzielnie bokom [&hellip;]<\/p>\n","protected":false},"featured_media":11738,"comment_status":"closed","ping_status":"open","template":"","meta":[],"product_cat":[1087,2051],"product_tag":[819,848,680,683,774],"class_list":["post-11737","product","type-product","status-publish","has-post-thumbnail","hentry","product_cat-roba","product_cat-zestawy-mebli-dzieciecych","product_tag-co-kupic-nastolatce-na-swieta","product_tag-cytat-o-rodzinie","product_tag-cytaty-z-malego-ksiecia","product_tag-karaluchy-pod-poduchy","product_tag-prezent-na-roczek-nie-zabawka"],"_links":{"self":[{"href":"http:\/\/klubmamgdynia.pl\/index.php\/wp-json\/wp\/v2\/product\/11737","targetHints":{"allow":["GET"]}}],"collection":[{"href":"http:\/\/klubmamgdynia.pl\/index.php\/wp-json\/wp\/v2\/product"}],"about":[{"href":"http:\/\/klubmamgdynia.pl\/index.php\/wp-json\/wp\/v2\/types\/product"}],"replies":[{"embeddable":true,"href":"http:\/\/klubmamgdynia.pl\/index.php\/wp-json\/wp\/v2\/comments?post=11737"}],"wp:featuredmedia":[{"embeddable":true,"href":"http:\/\/klubmamgdynia.pl\/index.php\/wp-json\/wp\/v2\/media\/11738"}],"wp:attachment":[{"href":"http:\/\/klubmamgdynia.pl\/index.php\/wp-json\/wp\/v2\/media?parent=11737"}],"wp:term":[{"taxonomy":"product_cat","embeddable":true,"href":"http:\/\/klubmamgdynia.pl\/index.php\/wp-json\/wp\/v2\/product_cat?post=11737"},{"taxonomy":"product_tag","embeddable":true,"href":"http:\/\/klubmamgdynia.pl\/index.php\/wp-json\/wp\/v2\/product_tag?post=11737"}],"curies":[{"name":"wp","href":"https:\/\/api.w.org\/{rel}","templated":true}]}}