{"id":11739,"date":"2023-08-09T22:45:01","date_gmt":"2023-08-09T20:45:01","guid":{"rendered":"http:\/\/klubmamgdynia.pl\/?post_type=product&#038;p=11739"},"modified":"2026-04-06T12:23:42","modified_gmt":"2026-04-06T10:23:42","slug":"falk-traktor-na-pedaly-garden-master-z-przyczepa","status":"publish","type":"product","link":"http:\/\/klubmamgdynia.pl\/index.php\/produkt\/falk-traktor-na-pedaly-garden-master-z-przyczepa\/","title":{"rendered":"Falk Traktor Na Peda\u0142y Garden Master Z Przyczep\u0105"},"content":{"rendered":"<p>Du\u017cy Falk na peda\u0142y z przyczep\u0105 + Namiot gratis<\/p>\n<h2>Falk Traktor Na Peda\u0142y Garden Master Z Przyczep\u0105 Falk<\/h2>\n<p>szablony do wyklejania plastelin\u0105, kubu\u015b puchatek cytaty, ozdoby wielkanocne kt\u00f3re mog\u0105 zrobi\u0107 dzieci, bajki do czytania, malowanki do druku, leon imi\u0119, zagadki wielkanocne do druku, tabliczka mno\u017cenia karty pracy do druku, z\u0142ote my\u015bli kr\u00f3tkie, jakie prezenty na roczek, kolorowanka antystresowa, mi\u0142osz imi\u0119, zagadki kr\u00f3tkie, w\u0142ochy, koty kolorowanki, na wyspach bergamutach tekst, basen warszawa, kolorowanki \u015bwi\u0119to niepodleg\u0142o\u015bci do druku, bajki dla dzieci na dobranoc, co na prezent dla 7 latki<\/p>\n<p>yyyyy<\/p>\n<p>&nbsp;<\/p>\n","protected":false},"excerpt":{"rendered":"<p>Du\u017cy Falk na peda\u0142y z przyczep\u0105 + Namiot gratis Falk Traktor Na Peda\u0142y Garden Master Z Przyczep\u0105 Falk szablony do wyklejania plastelin\u0105, kubu\u015b puchatek cytaty, ozdoby wielkanocne kt\u00f3re mog\u0105 zrobi\u0107 dzieci, bajki do czytania, malowanki do druku, leon imi\u0119, zagadki wielkanocne do druku, tabliczka mno\u017cenia karty pracy do druku, z\u0142ote my\u015bli kr\u00f3tkie, jakie prezenty na [&hellip;]<\/p>\n","protected":false},"featured_media":11740,"comment_status":"closed","ping_status":"open","template":"","meta":[],"product_cat":[2047,489],"product_tag":[727,730,744,849],"class_list":["post-11739","product","type-product","status-publish","has-post-thumbnail","hentry","product_cat-falk","product_cat-traktory-dla-dzieci","product_tag-godlo-polski-do-druku","product_tag-karyna","product_tag-kolorowanki-swiateczne-do-wydruku","product_tag-zagadki-matematyczne-dla-dzieci"],"_links":{"self":[{"href":"http:\/\/klubmamgdynia.pl\/index.php\/wp-json\/wp\/v2\/product\/11739","targetHints":{"allow":["GET"]}}],"collection":[{"href":"http:\/\/klubmamgdynia.pl\/index.php\/wp-json\/wp\/v2\/product"}],"about":[{"href":"http:\/\/klubmamgdynia.pl\/index.php\/wp-json\/wp\/v2\/types\/product"}],"replies":[{"embeddable":true,"href":"http:\/\/klubmamgdynia.pl\/index.php\/wp-json\/wp\/v2\/comments?post=11739"}],"wp:featuredmedia":[{"embeddable":true,"href":"http:\/\/klubmamgdynia.pl\/index.php\/wp-json\/wp\/v2\/media\/11740"}],"wp:attachment":[{"href":"http:\/\/klubmamgdynia.pl\/index.php\/wp-json\/wp\/v2\/media?parent=11739"}],"wp:term":[{"taxonomy":"product_cat","embeddable":true,"href":"http:\/\/klubmamgdynia.pl\/index.php\/wp-json\/wp\/v2\/product_cat?post=11739"},{"taxonomy":"product_tag","embeddable":true,"href":"http:\/\/klubmamgdynia.pl\/index.php\/wp-json\/wp\/v2\/product_tag?post=11739"}],"curies":[{"name":"wp","href":"https:\/\/api.w.org\/{rel}","templated":true}]}}