{"id":1174,"date":"2011-12-01T23:24:37","date_gmt":"2011-12-01T22:24:37","guid":{"rendered":"http:\/\/klubmamgdynia.pl\/index.php\/produkt\/sun-baby-flash-3w1-rowerek-biegowy-hulajnoga-i-deskorolka-turkus\/"},"modified":"2026-04-29T17:04:02","modified_gmt":"2026-04-29T15:04:02","slug":"sun-baby-flash-3w1-rowerek-biegowy-hulajnoga-i-deskorolka-turkus","status":"publish","type":"product","link":"http:\/\/klubmamgdynia.pl\/index.php\/produkt\/sun-baby-flash-3w1-rowerek-biegowy-hulajnoga-i-deskorolka-turkus\/","title":{"rendered":"Sun Baby Flash 3W1 Rowerek Biegowy Hulajnoga I Deskorolka Turkus"},"content":{"rendered":"<p>3 w 1 rowerek biegowy, hulajnoga i deskorolka Flash w kolorze pudrowego r\u00f3\u017cu.Na start &#8211; rowerek biegowySiedzisko umo\u017cliwia korzystanie z hulajnogi jak z rowerka biegowego. Opatentowany system mocowania siedziska do kierownicy, umo\u017cliwia p\u0142ynn\u0105 regulacj\u0119 wysoko\u015bci w zakresie 24,5 42,5 cm (mierzone od pod\u0142o\u017ca). Do monta\u017cu siedziska nie s\u0105 wymagane \u017cadne narz\u0119dzia, \u015brubki, druty, wsporniki! Maksymalne obci\u0105\u017cenie siedziska to 20 kg.Hulajnoga z bajeramiPi\u0119ciostopniowa regulacja kierownicy w zakresie 61,5- 87 cm (mierzone od pod\u0142o\u017ca) pozwala szybko dopasowa\u0107 pojazd do wzrostu dziecka. Du\u017ce przednie ko\u0142a (wymiary 13,5 x 4 cm) zapewniaj\u0105 lepsz\u0105 trakcj\u0119 i pozwalaj\u0105 na lepsze pokonywanie nier\u00f3wno\u015bci. Maksymalne obci\u0105\u017cenie dla funkcji hulajnogi to 50 kg.Dyskotekowe ko\u0142aDiody LED wbudowane w przednie ko\u0142a \u015bwiec\u0105 podczas jazdy (nie s\u0105 tu wymagane \u017cadne baterie). G\u0142\u00f3wna zaleta to lepsza widoczno\u015b\u0107 podczas wieczornych spacer\u00f3w, do tego zazdrosne spojrzenia innych dzieci bo przecie\u017c ka\u017cde dziecko chce mie\u0107 \u015bwiec\u0105ce k\u00f3\u0142ka!Dla zaawansowanych deskorolkaJe\u015bli dla Twojego dziecka kierownica jest jedynie przeszkod\u0105 na drodze do swobodnej jazdy, korzystaj z funkcji deskorolki. Naci\u015bnij guzik, od\u0142\u0105cz kierownic\u0119 i w drog\u0119! Bezpiecze\u0144stwoZanim pozwolisz dziecku wytoczy\u0107 to cudo na podb\u00f3j miejskich chodzik\u00f3w, upewnij si\u0119, \u017ce ubierze kask i ochraniacze. Poharatane kolana i \u0142okcie nie wygl\u0105daj\u0105 dobrze na fotkach ze spaceru!Produkt zgodny z norm\u0105 EN71 (1,2,3), odpowiedni dla dzieci w wieku 3+SpecyfikacjaMaks. obci\u0105\u017cenie: 50 kgMaks. obci\u0105\u017cenie siedziska: 20 kgD\u0142ugo\u015b\u0107 siedziska: 32 cmMaks. wysoko\u015b\u0107 siedziska: 42,5 cmMin. wysoko\u015b\u0107 siedziska: 24,5 cmMaks. wysoko\u015b\u0107 kierownicy: 87 cmMin. wysoko\u015b\u0107 kierownicy: 61,5 cmSzeroko\u015b\u0107 kierownicy: 28 cmWiek: 3+&#8230;<\/p>\n<h2>Sun Baby Flash 3W1 Rowerek Biegowy Hulajnoga I Deskorolka Turkus Sun Baby<\/h2>\n<p>zemsta test wiedzy, harry potter kolorowanka, wzruszaj\u0105ce s\u0142owa dla przyjaciela, prezent dla nastolatk\u00f3w 2020, malowanki dla dzieci do druku, laurka dla babci, cytaty o mi\u0142o\u015bci kubu\u015b puchatek, kuba imi\u0119, test na znaki drogowe<\/p>\n<p>yyyyy<\/p>\n<p>&nbsp;<\/p>\n","protected":false},"excerpt":{"rendered":"<p>3 w 1 rowerek biegowy, hulajnoga i deskorolka Flash w kolorze pudrowego r\u00f3\u017cu.Na start &#8211; rowerek biegowySiedzisko umo\u017cliwia korzystanie z hulajnogi jak z rowerka biegowego. Opatentowany system mocowania siedziska do kierownicy, umo\u017cliwia p\u0142ynn\u0105 regulacj\u0119 wysoko\u015bci w zakresie 24,5 42,5 cm (mierzone od pod\u0142o\u017ca). Do monta\u017cu siedziska nie s\u0105 wymagane \u017cadne narz\u0119dzia, \u015brubki, druty, wsporniki! Maksymalne [&hellip;]<\/p>\n","protected":false},"featured_media":1175,"comment_status":"closed","ping_status":"open","template":"","meta":[],"product_cat":[315,358],"product_tag":[668,690,659,736,649],"class_list":["post-1174","product","type-product","status-publish","has-post-thumbnail","hentry","product_cat-hulajnogi-dla-dzieci","product_cat-sun-baby","product_tag-atrakcje-dla-dzieci-wroclaw","product_tag-pieski-male-dwa-tekst","product_tag-tupu-tup-po-sniegu-tekst","product_tag-zabawki-na-roczek","product_tag-zagadki-dla-nastolatkow"],"_links":{"self":[{"href":"http:\/\/klubmamgdynia.pl\/index.php\/wp-json\/wp\/v2\/product\/1174","targetHints":{"allow":["GET"]}}],"collection":[{"href":"http:\/\/klubmamgdynia.pl\/index.php\/wp-json\/wp\/v2\/product"}],"about":[{"href":"http:\/\/klubmamgdynia.pl\/index.php\/wp-json\/wp\/v2\/types\/product"}],"replies":[{"embeddable":true,"href":"http:\/\/klubmamgdynia.pl\/index.php\/wp-json\/wp\/v2\/comments?post=1174"}],"wp:featuredmedia":[{"embeddable":true,"href":"http:\/\/klubmamgdynia.pl\/index.php\/wp-json\/wp\/v2\/media\/1175"}],"wp:attachment":[{"href":"http:\/\/klubmamgdynia.pl\/index.php\/wp-json\/wp\/v2\/media?parent=1174"}],"wp:term":[{"taxonomy":"product_cat","embeddable":true,"href":"http:\/\/klubmamgdynia.pl\/index.php\/wp-json\/wp\/v2\/product_cat?post=1174"},{"taxonomy":"product_tag","embeddable":true,"href":"http:\/\/klubmamgdynia.pl\/index.php\/wp-json\/wp\/v2\/product_tag?post=1174"}],"curies":[{"name":"wp","href":"https:\/\/api.w.org\/{rel}","templated":true}]}}