{"id":11743,"date":"2024-06-09T14:06:20","date_gmt":"2024-06-09T12:06:20","guid":{"rendered":"http:\/\/klubmamgdynia.pl\/?post_type=product&#038;p=11743"},"modified":"2026-04-04T03:58:06","modified_gmt":"2026-04-04T01:58:06","slug":"simba-masza-i-niedzwiedz-saszetki-figurki-12-rodziajow","status":"publish","type":"product","link":"http:\/\/klubmamgdynia.pl\/index.php\/produkt\/simba-masza-i-niedzwiedz-saszetki-figurki-12-rodziajow\/","title":{"rendered":"Simba Masza I Nied\u017awied\u017a Saszetki Figurki 12 Rodziaj\u00f3w"},"content":{"rendered":"<p>Figurka Masza i Nied\u017awied\u017a -Saszetka Masha 6 cm, nr katalogowy 01000Masza i Nied\u017awied\u017a to bohaterowie uwielbianego przez dzieci, rosyjskiego serialu animowanego Masza i Nied\u017awied\u017a. Opowiada on o przygodach ciekawej \u015bwiata, pe\u0142nej energii, kilkuletniej dziewczynki, o kr\u00f3tkich blond w\u0142osach i du\u017cych zielonych oczach, kt\u00f3ra zaprzyja\u017ania si\u0119 z Nied\u017awiedziem i prze\u017cywa z nim niezwyk\u0142e przygody.W saszetce firmy Simba znajduje si\u0119 jedna losowa figurka Maszy. Do zebrania jest \u0142\u0105cznie 12 r\u00f3\u017cnych figurek tej urokliwej dziewczynki w pi\u0119knych kreacjach.humbi_plDzieci odnajd\u0105 swoj\u0105 ulubion\u0105 bohaterk\u0119 m.in. w stroju clowna, czarodziejki, kucharki czy lekarza.Losowo\u015b\u0107 figurek w saszetkach zach\u0119ca dzieci do ich zbierania i kolekcjonowania, a tak\u017ce wymieniania si\u0119 nimi z kole\u017cankami i kolegami. Dzi\u0119ki figurkom dzieci mog\u0105 odgrywa\u0107 swoje ulubione sceny z bajki, bawi\u0105c si\u0119 przy tym doskonale!Brak mo\u017cliwo\u015bci sprawdzenia zawarto\u015bci saszetki.<\/p>\n<h2>Simba Masza I Nied\u017awied\u017a Saszetki Figurki 12 Rodziaj\u00f3w Simba<\/h2>\n<p>anio\u0142ki w niebie pisz\u0105, opowie\u015bci z narni test, bajka o smoku, bajki dla ch\u0142opc\u00f3w do czytania, serce kolorowanka, wiersze o wakacjach, piosenka na dzie\u0144 nauczyciela przedszkole, kolorowanka piesek do druku, zaproszenia na urodziny do druku, trudne zagadki matematyczne, trudne zagadki na inteligencj\u0119, zagadki o bajkach<\/p>\n<p>yyyyy<\/p>\n<p>&nbsp;<\/p>\n","protected":false},"excerpt":{"rendered":"<p>Figurka Masza i Nied\u017awied\u017a -Saszetka Masha 6 cm, nr katalogowy 01000Masza i Nied\u017awied\u017a to bohaterowie uwielbianego przez dzieci, rosyjskiego serialu animowanego Masza i Nied\u017awied\u017a. Opowiada on o przygodach ciekawej \u015bwiata, pe\u0142nej energii, kilkuletniej dziewczynki, o kr\u00f3tkich blond w\u0142osach i du\u017cych zielonych oczach, kt\u00f3ra zaprzyja\u017ania si\u0119 z Nied\u017awiedziem i prze\u017cywa z nim niezwyk\u0142e przygody.W saszetce firmy [&hellip;]<\/p>\n","protected":false},"featured_media":11744,"comment_status":"closed","ping_status":"open","template":"","meta":[],"product_cat":[95,279],"product_tag":[829,722,813,734,767],"class_list":["post-11743","product","type-product","status-publish","has-post-thumbnail","hentry","product_cat-figurki-makiety-i-zestawy","product_cat-simba","product_tag-bajki-do-czytania-na-dobranoc","product_tag-cytaty-o-przyjazni","product_tag-krotkie-zagadki-matematyczne-z-odpowiedziami","product_tag-milan-imie","product_tag-zaproszenia-urodzinowe-do-druku"],"_links":{"self":[{"href":"http:\/\/klubmamgdynia.pl\/index.php\/wp-json\/wp\/v2\/product\/11743","targetHints":{"allow":["GET"]}}],"collection":[{"href":"http:\/\/klubmamgdynia.pl\/index.php\/wp-json\/wp\/v2\/product"}],"about":[{"href":"http:\/\/klubmamgdynia.pl\/index.php\/wp-json\/wp\/v2\/types\/product"}],"replies":[{"embeddable":true,"href":"http:\/\/klubmamgdynia.pl\/index.php\/wp-json\/wp\/v2\/comments?post=11743"}],"wp:featuredmedia":[{"embeddable":true,"href":"http:\/\/klubmamgdynia.pl\/index.php\/wp-json\/wp\/v2\/media\/11744"}],"wp:attachment":[{"href":"http:\/\/klubmamgdynia.pl\/index.php\/wp-json\/wp\/v2\/media?parent=11743"}],"wp:term":[{"taxonomy":"product_cat","embeddable":true,"href":"http:\/\/klubmamgdynia.pl\/index.php\/wp-json\/wp\/v2\/product_cat?post=11743"},{"taxonomy":"product_tag","embeddable":true,"href":"http:\/\/klubmamgdynia.pl\/index.php\/wp-json\/wp\/v2\/product_tag?post=11743"}],"curies":[{"name":"wp","href":"https:\/\/api.w.org\/{rel}","templated":true}]}}