{"id":11747,"date":"2019-02-08T15:54:32","date_gmt":"2019-02-08T14:54:32","guid":{"rendered":"http:\/\/klubmamgdynia.pl\/index.php\/produkt\/trefl-puzzle-4w1-odwazni-avengersi-34386\/"},"modified":"2026-04-06T01:28:01","modified_gmt":"2026-04-05T23:28:01","slug":"trefl-puzzle-4w1-odwazni-avengersi-34386","status":"publish","type":"product","link":"http:\/\/klubmamgdynia.pl\/index.php\/produkt\/trefl-puzzle-4w1-odwazni-avengersi-34386\/","title":{"rendered":"Trefl Puzzle 4W1 Odwa\u017cni Avengersi 34386"},"content":{"rendered":"<p>Trefl Puzzle 4W1 Odwa\u017cni Avengersi 34386Puzzle 4W1 przedstawiaj\u0105ce bohater\u00f3w Marvela. Wysok\u0105 jako\u015b\u0107, nasycenie kolor\u00f3w i bezpiecze\u0144stwo uk\u0142adania zapewnia kalandrowany papier odbijaj\u0105cy \u015bwiat\u0142o, pokryty ekologicznymi farbami spo\u017cywczymi.                            <\/p>\n<p>Wiemy, jak wa\u017cne jest bezpiecze\u0144stwo Twojego dziecka. Dok\u0142adamy wszelkich stara\u0144, aby nasze puzzle by\u0142y nie tylko atrakcyjne i stymuluj\u0105ce rozw\u00f3j na ka\u017cdym etapie jego edukacji, lecz tak\u017ce spe\u0142nia\u0142y najwy\u017csze normy bezpiecze\u0144stwa.\u00a0                            <\/p>\n<p>Uk\u0142adanie puzzli niesie za sob\u0105 wiele korzy\u015bci. To skuteczny spos\u00f3b na \u0107wiczenie pami\u0119ci, koncentracji, a tak\u017ce logicznego my\u015blenia. Puzzle ucz\u0105 r\u00f3wnie\u017c cierpliwo\u015bci, rozwijaj\u0105c tym samym kreatywno\u015b\u0107 i wyobra\u017ani\u0119 przestrzenn\u0105. Wspieraj\u0105 dodatkowo rozw\u00f3j zdolno\u015bci manualnych dziecka. Uk\u0142adaj\u0105c poszczeg\u00f3lne elementy, trenuje precyzj\u0119 ruch\u00f3w i koordynacj\u0119 oko-r\u0119ka.\u00a0                            <\/p>\n<p>                     Sprawd\u017a inne puzzle Trefl:<\/p>\n<p>            Trefl Puzzle 1000el. W Odleg\u0142ej Galaktyce 10625<\/p>\n<p>                        od<br \/>\n                            18,34<br \/>\n                            z\u0142<\/p>\n<p>            Opinia od Violetta2021-04-07<\/p>\n<p>                Fantastyczna zabawa<\/p>\n<p>            Trefl Puzzle 300el. Tajemniczy Harry Potter 23001<\/p>\n<p>                        od<br \/>\n                            15,99<br \/>\n                            z\u0142<\/p>\n<p>            Opinia od g&#8230;82022-02-13<\/p>\n<p>                Bardzo fajne puzzle. Polecam.<\/p>\n<p>            Trefl Puzzle 300el. Avengers 23000<\/p>\n<p>                        od<br \/>\n                            16,04<br \/>\n                            z\u0142<\/p>\n<p>            Opinia od m&#8230;42022-04-26<\/p>\n<p>                Trudne. Dla 7 latka. Starsze dziecko na pewno sobie poradzi<\/p>\n<p>            Trefl Puzzle 4W1 Odwa\u017cni Avengersi 34386<\/p>\n<p>                        od<br \/>\n                            17,95<br \/>\n                            z\u0142<\/p>\n<p>            Opinia od m&#8230;42022-04-26<\/p>\n<p>                Super puzzle. 4 obrazki o roznym stopniu trudnosci<\/p>\n<p>            Trefl Puzzle 200el. Gotowi Do Walki Star Wars 13276<\/p>\n<p>                        od<br \/>\n                            12,46<br \/>\n                            z\u0142<\/p>\n<p>            Opinia od U\u017cytkownik Ceneo2021-03-23<\/p>\n<p>                zgodne z opisem wszystko ok<\/p>\n<p>            Trefl Puzzle 500el. Pami\u0105tki z Hogwartu 37400<\/p>\n<p>                        od<br \/>\n                            16,49<br \/>\n                            z\u0142<\/p>\n<p>            Opinia od s&#8230;72021-04-08<\/p>\n<p>                Super<\/p>\n<h2>Trefl Puzzle 4W1 Odwa\u017cni Avengersi 34386 Trefl<\/h2>\n<p>zagadki matematyczne logiczne, by\u0142 sobie kr\u00f3l, prezent dla roczniaka, mi\u0142osz imie, zagadki dla dzieci 7 lat, z\u0142ote my\u015bli o przyja\u017ani, rysunki dla pocz\u0105tkuj\u0105cych, quiz psi patrol, zabawy dla 10 latka, czapka g\u00f3rnika kolorowanka<\/p>\n<p>yyyyy<\/p>\n<p>&nbsp;<\/p>\n","protected":false},"excerpt":{"rendered":"<p>Trefl Puzzle 4W1 Odwa\u017cni Avengersi 34386Puzzle 4W1 przedstawiaj\u0105ce bohater\u00f3w Marvela. Wysok\u0105 jako\u015b\u0107, nasycenie kolor\u00f3w i bezpiecze\u0144stwo uk\u0142adania zapewnia kalandrowany papier odbijaj\u0105cy \u015bwiat\u0142o, pokryty ekologicznymi farbami spo\u017cywczymi. Wiemy, jak wa\u017cne jest bezpiecze\u0144stwo Twojego dziecka. Dok\u0142adamy wszelkich stara\u0144, aby nasze puzzle by\u0142y nie tylko atrakcyjne i stymuluj\u0105ce rozw\u00f3j na ka\u017cdym etapie jego edukacji, lecz tak\u017ce spe\u0142nia\u0142y najwy\u017csze [&hellip;]<\/p>\n","protected":false},"featured_media":11748,"comment_status":"closed","ping_status":"open","template":"","meta":[],"product_cat":[90,104],"product_tag":[827,781,605,594],"class_list":["post-11747","product","type-product","status-publish","has-post-thumbnail","hentry","product_cat-puzzle","product_cat-trefl","product_tag-bajki-dla-niemowlat","product_tag-cytaty-o-wychowaniu-dzieci","product_tag-milena","product_tag-podchwytliwe-zagadki-dla-dzieci"],"_links":{"self":[{"href":"http:\/\/klubmamgdynia.pl\/index.php\/wp-json\/wp\/v2\/product\/11747","targetHints":{"allow":["GET"]}}],"collection":[{"href":"http:\/\/klubmamgdynia.pl\/index.php\/wp-json\/wp\/v2\/product"}],"about":[{"href":"http:\/\/klubmamgdynia.pl\/index.php\/wp-json\/wp\/v2\/types\/product"}],"replies":[{"embeddable":true,"href":"http:\/\/klubmamgdynia.pl\/index.php\/wp-json\/wp\/v2\/comments?post=11747"}],"wp:featuredmedia":[{"embeddable":true,"href":"http:\/\/klubmamgdynia.pl\/index.php\/wp-json\/wp\/v2\/media\/11748"}],"wp:attachment":[{"href":"http:\/\/klubmamgdynia.pl\/index.php\/wp-json\/wp\/v2\/media?parent=11747"}],"wp:term":[{"taxonomy":"product_cat","embeddable":true,"href":"http:\/\/klubmamgdynia.pl\/index.php\/wp-json\/wp\/v2\/product_cat?post=11747"},{"taxonomy":"product_tag","embeddable":true,"href":"http:\/\/klubmamgdynia.pl\/index.php\/wp-json\/wp\/v2\/product_tag?post=11747"}],"curies":[{"name":"wp","href":"https:\/\/api.w.org\/{rel}","templated":true}]}}