{"id":11749,"date":"2014-10-21T22:52:08","date_gmt":"2014-10-21T20:52:08","guid":{"rendered":"http:\/\/klubmamgdynia.pl\/index.php\/produkt\/rebel-zarowka-samochodowa-led-canbus-t10-6smd-5730-12v\/"},"modified":"2026-05-01T16:05:54","modified_gmt":"2026-05-01T14:05:54","slug":"rebel-zarowka-samochodowa-led-canbus-t10-6smd-5730-12v","status":"publish","type":"product","link":"http:\/\/klubmamgdynia.pl\/index.php\/produkt\/rebel-zarowka-samochodowa-led-canbus-t10-6smd-5730-12v\/","title":{"rendered":"Rebel Zar\u00f3wka Samochodowa Led Canbus T10 6Smd 5730 12V"},"content":{"rendered":"<p>Lampa samochodowa ledZastosowanie: do pod\u015bwietlenia przyrz\u0105d\u00f3w tablicy rozdzielczej\u017br\u00f3d\u0142o \u015bwiat\u0142a: 6&#215;5730 SMDTrzonek: WG- 2,1&#215;9,5DMoc: 1,35WNapi\u0119cie: 12-16VNat\u0119\u017cenie: 145mAStrumie\u0144 \u015bwiat\u0142a: 70 LmTemperatura barwowa: 6500K (kolor zimny bia\u0142y)<\/p>\n<h2>Rebel Zar\u00f3wka Samochodowa Led Canbus T10 6Smd 5730 12V Rebel<\/h2>\n<p>imi\u0119 pola, place zabaw warszawa, karaluchy pod poduchy a szczypawki, quiz o \u015bwi\u0119tach, pomys\u0142y na dzie\u0144 dziecka dla nastolatk\u00f3w, dalia imi\u0119, quizy dla dzieci z bajek, pomys\u0142y na prezent dla nastolatk\u00f3w, aron, prezenty na roczek dla ch\u0142opca, opis o rodzinie, bajki dla niemowl\u0105t, zagadki logiczne dla doros\u0142ych, kolorowanki kotka, dobre \u017carty na prima aprilis<\/p>\n<p>yyyyy<\/p>\n<p>&nbsp;<\/p>\n","protected":false},"excerpt":{"rendered":"<p>Lampa samochodowa ledZastosowanie: do pod\u015bwietlenia przyrz\u0105d\u00f3w tablicy rozdzielczej\u017br\u00f3d\u0142o \u015bwiat\u0142a: 6&#215;5730 SMDTrzonek: WG- 2,1&#215;9,5DMoc: 1,35WNapi\u0119cie: 12-16VNat\u0119\u017cenie: 145mAStrumie\u0144 \u015bwiat\u0142a: 70 LmTemperatura barwowa: 6500K (kolor zimny bia\u0142y) Rebel Zar\u00f3wka Samochodowa Led Canbus T10 6Smd 5730 12V Rebel imi\u0119 pola, place zabaw warszawa, karaluchy pod poduchy a szczypawki, quiz o \u015bwi\u0119tach, pomys\u0142y na dzie\u0144 dziecka dla nastolatk\u00f3w, dalia imi\u0119, [&hellip;]<\/p>\n","protected":false},"featured_media":11750,"comment_status":"closed","ping_status":"open","template":"","meta":[],"product_cat":[219,875],"product_tag":[848,727,585,637,606],"class_list":["post-11749","product","type-product","status-publish","has-post-thumbnail","hentry","product_cat-rebel","product_cat-zarowki-samochodowe","product_tag-cytat-o-rodzinie","product_tag-godlo-polski-do-druku","product_tag-kolorowanki-dla-chlopcow","product_tag-niech-zyja-wakacje-tekst","product_tag-stala-pod-sniegiem"],"_links":{"self":[{"href":"http:\/\/klubmamgdynia.pl\/index.php\/wp-json\/wp\/v2\/product\/11749","targetHints":{"allow":["GET"]}}],"collection":[{"href":"http:\/\/klubmamgdynia.pl\/index.php\/wp-json\/wp\/v2\/product"}],"about":[{"href":"http:\/\/klubmamgdynia.pl\/index.php\/wp-json\/wp\/v2\/types\/product"}],"replies":[{"embeddable":true,"href":"http:\/\/klubmamgdynia.pl\/index.php\/wp-json\/wp\/v2\/comments?post=11749"}],"wp:featuredmedia":[{"embeddable":true,"href":"http:\/\/klubmamgdynia.pl\/index.php\/wp-json\/wp\/v2\/media\/11750"}],"wp:attachment":[{"href":"http:\/\/klubmamgdynia.pl\/index.php\/wp-json\/wp\/v2\/media?parent=11749"}],"wp:term":[{"taxonomy":"product_cat","embeddable":true,"href":"http:\/\/klubmamgdynia.pl\/index.php\/wp-json\/wp\/v2\/product_cat?post=11749"},{"taxonomy":"product_tag","embeddable":true,"href":"http:\/\/klubmamgdynia.pl\/index.php\/wp-json\/wp\/v2\/product_tag?post=11749"}],"curies":[{"name":"wp","href":"https:\/\/api.w.org\/{rel}","templated":true}]}}