{"id":11751,"date":"2018-10-11T00:33:41","date_gmt":"2018-10-10T22:33:41","guid":{"rendered":"http:\/\/klubmamgdynia.pl\/index.php\/produkt\/falk-motorek-biegowy-czerwony\/"},"modified":"2026-04-27T08:45:17","modified_gmt":"2026-04-27T06:45:17","slug":"falk-motorek-biegowy-czerwony","status":"publish","type":"product","link":"http:\/\/klubmamgdynia.pl\/index.php\/produkt\/falk-motorek-biegowy-czerwony\/","title":{"rendered":"Falk Motorek Biegowy Czerwony"},"content":{"rendered":"<p>FALK Motor Chodzik Je\u017adzik Rowerek BiegowyNowo\u015b\u0107 &#8211; rowerek biegowy MOTO X RACER firmy Falk , niespotykany model motorka do odpychania dla najm\u0142odszych.Motorek przeznaczona jest dla dzieci w wieku od 12m+.Motorek posiada skr\u0119tn\u0105 przedni\u0105 o\u015b.Wymiary:szeroko\u015b\u0107: 25,5 cm,d\u0142ugo\u015b\u0107 zestawu: 62 cmwysoko\u015b\u0107 od ziemi do siedzenia: 27 cmca\u0142kowita wysoko\u015b\u0107: 39 cmZabawka wykonana jest z wysokiej jako\u015b\u0107i plastiku.<\/p>\n<h2>Falk Motorek Biegowy Czerwony Falk<\/h2>\n<p>jak rozmawia\u0107 z dzie\u0107mi o wojnie, quizy miko\u0142ajek, karty pracy dla dzieci z ukrainy do druku, miasto dzieci pl, imi\u0119 dla dziewczynki 2019, zagadki dla starszych dzieci<\/p>\n<p>yyyyy<\/p>\n<p>&nbsp;<\/p>\n","protected":false},"excerpt":{"rendered":"<p>FALK Motor Chodzik Je\u017adzik Rowerek BiegowyNowo\u015b\u0107 &#8211; rowerek biegowy MOTO X RACER firmy Falk , niespotykany model motorka do odpychania dla najm\u0142odszych.Motorek przeznaczona jest dla dzieci w wieku od 12m+.Motorek posiada skr\u0119tn\u0105 przedni\u0105 o\u015b.Wymiary:szeroko\u015b\u0107: 25,5 cm,d\u0142ugo\u015b\u0107 zestawu: 62 cmwysoko\u015b\u0107 od ziemi do siedzenia: 27 cmca\u0142kowita wysoko\u015b\u0107: 39 cmZabawka wykonana jest z wysokiej jako\u015b\u0107i plastiku. Falk [&hellip;]<\/p>\n","protected":false},"featured_media":11752,"comment_status":"closed","ping_status":"open","template":"","meta":[],"product_cat":[2047,946],"product_tag":[832,797,821,674],"class_list":["post-11751","product","type-product","status-publish","has-post-thumbnail","hentry","product_cat-falk","product_cat-motorki-i-skutery","product_tag-desery-dla-dzieci","product_tag-kiekrz","product_tag-marianna","product_tag-miasto-dzieci"],"_links":{"self":[{"href":"http:\/\/klubmamgdynia.pl\/index.php\/wp-json\/wp\/v2\/product\/11751","targetHints":{"allow":["GET"]}}],"collection":[{"href":"http:\/\/klubmamgdynia.pl\/index.php\/wp-json\/wp\/v2\/product"}],"about":[{"href":"http:\/\/klubmamgdynia.pl\/index.php\/wp-json\/wp\/v2\/types\/product"}],"replies":[{"embeddable":true,"href":"http:\/\/klubmamgdynia.pl\/index.php\/wp-json\/wp\/v2\/comments?post=11751"}],"wp:featuredmedia":[{"embeddable":true,"href":"http:\/\/klubmamgdynia.pl\/index.php\/wp-json\/wp\/v2\/media\/11752"}],"wp:attachment":[{"href":"http:\/\/klubmamgdynia.pl\/index.php\/wp-json\/wp\/v2\/media?parent=11751"}],"wp:term":[{"taxonomy":"product_cat","embeddable":true,"href":"http:\/\/klubmamgdynia.pl\/index.php\/wp-json\/wp\/v2\/product_cat?post=11751"},{"taxonomy":"product_tag","embeddable":true,"href":"http:\/\/klubmamgdynia.pl\/index.php\/wp-json\/wp\/v2\/product_tag?post=11751"}],"curies":[{"name":"wp","href":"https:\/\/api.w.org\/{rel}","templated":true}]}}