{"id":11753,"date":"2018-03-11T01:28:35","date_gmt":"2018-03-11T00:28:35","guid":{"rendered":"http:\/\/klubmamgdynia.pl\/index.php\/produkt\/gra-planszowa-huch-friends-mankomania-wersja-niemiecka\/"},"modified":"2026-04-29T23:17:11","modified_gmt":"2026-04-29T21:17:11","slug":"gra-planszowa-huch-friends-mankomania-wersja-niemiecka","status":"publish","type":"product","link":"http:\/\/klubmamgdynia.pl\/index.php\/produkt\/gra-planszowa-huch-friends-mankomania-wersja-niemiecka\/","title":{"rendered":"Gra planszowa Huch &amp; Friends Mankomania (wersja niemiecka)"},"content":{"rendered":"<p>Der Klassiker der 80er und 90er ist wieder da! Hier gibt es nur ein Frage: Wie verjubelt man eine Million? Denn nur wer die leersten Taschen hat, geht als Sieger vom Tisch!<\/p>\n<h2>Gra planszowa Huch &amp; Friends Mankomania (wersja niemiecka) <\/h2>\n<p>test z lektury narnia lew czarownica i stara szafa, zagadki o zimie, zagadki o zwierz\u0119tach le\u015bnych dla dzieci, imi\u0119 natan, quiz o miko\u0142ajku, tupu tup po \u015bniegu tekst, kiedy dzieci chodz\u0105 na halloween, zagadki wielkanocne dla dzieci, znaczenie imienia marcel, radiowe nuty niech zyja wakacje, fajne zagadki, ba\u0142wanek do druku, posz\u0142a ola na spacerek, nauczyciel cytaty<\/p>\n<p>yyyyy<\/p>\n<p>&nbsp;<\/p>\n","protected":false},"excerpt":{"rendered":"<p>Der Klassiker der 80er und 90er ist wieder da! Hier gibt es nur ein Frage: Wie verjubelt man eine Million? Denn nur wer die leersten Taschen hat, geht als Sieger vom Tisch! Gra planszowa Huch &amp; Friends Mankomania (wersja niemiecka) test z lektury narnia lew czarownica i stara szafa, zagadki o zimie, zagadki o zwierz\u0119tach [&hellip;]<\/p>\n","protected":false},"featured_media":11754,"comment_status":"closed","ping_status":"open","template":"","meta":[],"product_cat":[235],"product_tag":[848,696,766,585,689,835],"class_list":["post-11753","product","type-product","status-publish","has-post-thumbnail","hentry","product_cat-gry-planszowe","product_tag-cytat-o-rodzinie","product_tag-film-rodzinny-o-swietach","product_tag-kira","product_tag-kolorowanki-dla-chlopcow","product_tag-linda","product_tag-radosc-dziecka-cytaty"],"_links":{"self":[{"href":"http:\/\/klubmamgdynia.pl\/index.php\/wp-json\/wp\/v2\/product\/11753","targetHints":{"allow":["GET"]}}],"collection":[{"href":"http:\/\/klubmamgdynia.pl\/index.php\/wp-json\/wp\/v2\/product"}],"about":[{"href":"http:\/\/klubmamgdynia.pl\/index.php\/wp-json\/wp\/v2\/types\/product"}],"replies":[{"embeddable":true,"href":"http:\/\/klubmamgdynia.pl\/index.php\/wp-json\/wp\/v2\/comments?post=11753"}],"wp:featuredmedia":[{"embeddable":true,"href":"http:\/\/klubmamgdynia.pl\/index.php\/wp-json\/wp\/v2\/media\/11754"}],"wp:attachment":[{"href":"http:\/\/klubmamgdynia.pl\/index.php\/wp-json\/wp\/v2\/media?parent=11753"}],"wp:term":[{"taxonomy":"product_cat","embeddable":true,"href":"http:\/\/klubmamgdynia.pl\/index.php\/wp-json\/wp\/v2\/product_cat?post=11753"},{"taxonomy":"product_tag","embeddable":true,"href":"http:\/\/klubmamgdynia.pl\/index.php\/wp-json\/wp\/v2\/product_tag?post=11753"}],"curies":[{"name":"wp","href":"https:\/\/api.w.org\/{rel}","templated":true}]}}