{"id":11755,"date":"2017-03-09T23:44:53","date_gmt":"2017-03-09T22:44:53","guid":{"rendered":"http:\/\/klubmamgdynia.pl\/index.php\/produkt\/mega-creative-zest-piekn-fryzj-b-o-25x35x18-mc-4w1-walizka6-12-zabawka\/"},"modified":"2026-04-17T02:53:12","modified_gmt":"2026-04-17T00:53:12","slug":"mega-creative-zest-piekn-fryzj-b-o-25x35x18-mc-4w1-walizka6-12-zabawka","status":"publish","type":"product","link":"http:\/\/klubmamgdynia.pl\/index.php\/produkt\/mega-creative-zest-piekn-fryzj-b-o-25x35x18-mc-4w1-walizka6-12-zabawka\/","title":{"rendered":"Mega Creative Zest Piekn Fryzj B O 25X35X18 Mc 4W1 Walizka6 12 &#8211; Zabawka"},"content":{"rendered":"<p>Zestaw fryzjerski 4w1 rozwija kreatywno\u015b\u0107 dziecka, pozwoli dziecku wczu\u0107 si\u0119 w rol\u0119 prawdziwego fryzjera.Zestaw posiada efekty d\u017awi\u0119kowe i \u015bwietlne.Zestaw fryzjerski do tworzenia stylizacji fryzjerskich.Wszystkie akcesoria potrzebne do tego mo\u017cesz i masz mo\u017cliwo\u015b\u0107 zapakowania w podr\u0119czn\u0105 walizk\u0119, co nie sprawi Ci trudno\u015bci by zabra\u0107 ze sob\u0105 ten fantastyczny zestaw wsz\u0119dzie.Zabawka nadaje si\u0119 do zabawy zar\u00f3wno w domu jak i na powietrzu.Zestaw zawiera a\u017c 31 akc&#8230;<\/p>\n<h2>Mega Creative Zest Piekn Fryzj B O 25X35X18 Mc 4W1 Walizka6 12 &#8211; Zabawka Mega Creative<\/h2>\n<p>cyferki do druku, quiz z ma\u0142ego ksi\u0119cia, w\u0142ochy, najlepsze pranki na prima aprilis, dorian, my little pony kolorowanki, darmowy szablon list do miko\u0142aja, imie aron, ksi\u0105\u017cka dla dzieci online, miriam imi\u0119<\/p>\n<p>yyyyy<\/p>\n<p>&nbsp;<\/p>\n","protected":false},"excerpt":{"rendered":"<p>Zestaw fryzjerski 4w1 rozwija kreatywno\u015b\u0107 dziecka, pozwoli dziecku wczu\u0107 si\u0119 w rol\u0119 prawdziwego fryzjera.Zestaw posiada efekty d\u017awi\u0119kowe i \u015bwietlne.Zestaw fryzjerski do tworzenia stylizacji fryzjerskich.Wszystkie akcesoria potrzebne do tego mo\u017cesz i masz mo\u017cliwo\u015b\u0107 zapakowania w podr\u0119czn\u0105 walizk\u0119, co nie sprawi Ci trudno\u015bci by zabra\u0107 ze sob\u0105 ten fantastyczny zestaw wsz\u0119dzie.Zabawka nadaje si\u0119 do zabawy zar\u00f3wno w [&hellip;]<\/p>\n","protected":false},"featured_media":11756,"comment_status":"closed","ping_status":"open","template":"","meta":[],"product_cat":[53,64],"product_tag":[819,683,655,652,678],"class_list":["post-11755","product","type-product","status-publish","has-post-thumbnail","hentry","product_cat-kaciki-zabaw","product_cat-mega-creative","product_tag-co-kupic-nastolatce-na-swieta","product_tag-karaluchy-pod-poduchy","product_tag-najlepsze-zagadki","product_tag-otto","product_tag-prezent-na-roczek-dla-dziewczynki"],"_links":{"self":[{"href":"http:\/\/klubmamgdynia.pl\/index.php\/wp-json\/wp\/v2\/product\/11755","targetHints":{"allow":["GET"]}}],"collection":[{"href":"http:\/\/klubmamgdynia.pl\/index.php\/wp-json\/wp\/v2\/product"}],"about":[{"href":"http:\/\/klubmamgdynia.pl\/index.php\/wp-json\/wp\/v2\/types\/product"}],"replies":[{"embeddable":true,"href":"http:\/\/klubmamgdynia.pl\/index.php\/wp-json\/wp\/v2\/comments?post=11755"}],"wp:featuredmedia":[{"embeddable":true,"href":"http:\/\/klubmamgdynia.pl\/index.php\/wp-json\/wp\/v2\/media\/11756"}],"wp:attachment":[{"href":"http:\/\/klubmamgdynia.pl\/index.php\/wp-json\/wp\/v2\/media?parent=11755"}],"wp:term":[{"taxonomy":"product_cat","embeddable":true,"href":"http:\/\/klubmamgdynia.pl\/index.php\/wp-json\/wp\/v2\/product_cat?post=11755"},{"taxonomy":"product_tag","embeddable":true,"href":"http:\/\/klubmamgdynia.pl\/index.php\/wp-json\/wp\/v2\/product_tag?post=11755"}],"curies":[{"name":"wp","href":"https:\/\/api.w.org\/{rel}","templated":true}]}}