{"id":11757,"date":"2025-03-18T13:06:25","date_gmt":"2025-03-18T12:06:25","guid":{"rendered":"http:\/\/klubmamgdynia.pl\/?post_type=product&#038;p=11757"},"modified":"2026-04-29T15:11:54","modified_gmt":"2026-04-29T13:11:54","slug":"cartamundi-copaq-regular-face-niebieskie","status":"publish","type":"product","link":"http:\/\/klubmamgdynia.pl\/index.php\/produkt\/cartamundi-copaq-regular-face-niebieskie\/","title":{"rendered":"Cartamundi Copaq Regular Face Niebieskie"},"content":{"rendered":"<p>Karty do gry w Pokera wykonane z plastiku o najwy\u017cszej jako\u015bci Casino.Niepowtarzalna talia dla pocz\u0105tkuj\u0105cych jak i profesjonalnych graczy.Produkt zawiera 52 karty do gry + 3 Jokery w formacie 6.3 x 8.8 cm.Pakowany jest w kartonowe pude\u0142ko zabezpieczone foli\u0105.Regular index.Informacje o produkcieNr katalogowy104001338\/104001334bMarka (Zabawki) BrakRodzaj (gry karciane) PokerLiczba graczy Bez ogranicze\u0144Wersja j\u0119zykowa (zabawki::gry\/karciane) AngielskaWymagania wiekowe od 18 latP\u0142e\u0107 (zabawki) Dziewczynki i ch\u0142opcyAkcesoria w zestawie55 kartPozosta\u0142e parametry- Wymiary karty: 6.3 x 8.8 cm- Wymiary opakowania: 9.3 x 6.7 x 2 cm<\/p>\n<h2>Cartamundi Copaq Regular Face Niebieskie Cartamundi<\/h2>\n<p>wiersz na dobranoc dla dzieci, gry i zabawy ruchowe, zabawka na roczek dla ch\u0142opca, miasto dzieci pl, prezent dla siedemnastolatka, jak narysowa\u0107 oko, sonia imi\u0119, zagadki matematyczne na logik\u0119, kolorowanka robot, zagadka nie do rozwi\u0105zania, prezent dla 15 latka, ch\u0142opcy z placu broni &#8211; test z odpowiedziami, jazda konna dla dzieci, tabliczka mno\u017cenia kolorowanki do wydruku, quiz online, pomys\u0142 na prezent dla nastolatk\u00f3w<\/p>\n<p>yyyyy<\/p>\n<p>&nbsp;<\/p>\n","protected":false},"excerpt":{"rendered":"<p>Karty do gry w Pokera wykonane z plastiku o najwy\u017cszej jako\u015bci Casino.Niepowtarzalna talia dla pocz\u0105tkuj\u0105cych jak i profesjonalnych graczy.Produkt zawiera 52 karty do gry + 3 Jokery w formacie 6.3 x 8.8 cm.Pakowany jest w kartonowe pude\u0142ko zabezpieczone foli\u0105.Regular index.Informacje o produkcieNr katalogowy104001338\/104001334bMarka (Zabawki) BrakRodzaj (gry karciane) PokerLiczba graczy Bez ogranicze\u0144Wersja j\u0119zykowa (zabawki::gry\/karciane) AngielskaWymagania wiekowe [&hellip;]<\/p>\n","protected":false},"featured_media":11758,"comment_status":"closed","ping_status":"open","template":"","meta":[],"product_cat":[224,429],"product_tag":[732,850,679,595,746],"class_list":["post-11757","product","type-product","status-publish","has-post-thumbnail","hentry","product_cat-cartamundi","product_cat-gry-hazardowe","product_tag-prezent-dla-rocznego-chlopca","product_tag-wroclaw-atrakcje-dla-dzieci","product_tag-zabawki-na-roczek-dla-dziewczynki","product_tag-zagadki-dla-6-latka","product_tag-zagadki-typu-co-to-jest"],"_links":{"self":[{"href":"http:\/\/klubmamgdynia.pl\/index.php\/wp-json\/wp\/v2\/product\/11757","targetHints":{"allow":["GET"]}}],"collection":[{"href":"http:\/\/klubmamgdynia.pl\/index.php\/wp-json\/wp\/v2\/product"}],"about":[{"href":"http:\/\/klubmamgdynia.pl\/index.php\/wp-json\/wp\/v2\/types\/product"}],"replies":[{"embeddable":true,"href":"http:\/\/klubmamgdynia.pl\/index.php\/wp-json\/wp\/v2\/comments?post=11757"}],"wp:featuredmedia":[{"embeddable":true,"href":"http:\/\/klubmamgdynia.pl\/index.php\/wp-json\/wp\/v2\/media\/11758"}],"wp:attachment":[{"href":"http:\/\/klubmamgdynia.pl\/index.php\/wp-json\/wp\/v2\/media?parent=11757"}],"wp:term":[{"taxonomy":"product_cat","embeddable":true,"href":"http:\/\/klubmamgdynia.pl\/index.php\/wp-json\/wp\/v2\/product_cat?post=11757"},{"taxonomy":"product_tag","embeddable":true,"href":"http:\/\/klubmamgdynia.pl\/index.php\/wp-json\/wp\/v2\/product_tag?post=11757"}],"curies":[{"name":"wp","href":"https:\/\/api.w.org\/{rel}","templated":true}]}}