{"id":11759,"date":"2014-10-06T09:18:34","date_gmt":"2014-10-06T07:18:34","guid":{"rendered":"http:\/\/klubmamgdynia.pl\/index.php\/produkt\/sluban-klocki-bus-pogotowie-ambulans-195el-b0797\/"},"modified":"2026-04-20T13:29:42","modified_gmt":"2026-04-20T11:29:42","slug":"sluban-klocki-bus-pogotowie-ambulans-195el-b0797","status":"publish","type":"product","link":"http:\/\/klubmamgdynia.pl\/index.php\/produkt\/sluban-klocki-bus-pogotowie-ambulans-195el-b0797\/","title":{"rendered":"Sluban Klocki Bus Pogotowie Ambulans 195El. B0797"},"content":{"rendered":"<p>Sluban Klocki Ambulans Punkt Krwiodawstwa 195 el.W zestawie znajduje si\u0119 195 element\u00f3w, w tym figurka pani Doktor. Klocki umo\u017cliwiaj\u0105 zbudowanie ambulansu &#8211; mobilnego punktu krwiodawstwa.Kreatywny zestaw klock\u00f3w, kt\u00f3ry pozwoli dziewczynkom stworzy\u0107 w\u0142asny \u015bwiat zabawy. Zestaw klock\u00f3w dla dziewczynek jest wspania\u0142ym pomys\u0142em na sp\u0119dzenie czasu dla dzieci, kt\u00f3re lubi\u0105 sk\u0142ada\u0107 klocki oraz budowa\u0107 ro\u017cnego rodzaju konstrukcje. Produkt ten pozwoli pobudzi\u0107 kreatywno\u015b\u0107 dzieci oraz ich zdolno\u015bci manualne. Podczas uk\u0142adania klock\u00f3w, dzieci mog\u0105 \u0107wiczy\u0107 koncentracj\u0119, cierpliwo\u015b\u0107, a tak\u017ce mog\u0105 udoskonala\u0107 swoje logiczne my\u015blenie. Ciekaw\u0105, przykuwaj\u0105ca wzrok kolorystyk\u0119 na pewno polubi ka\u017cda dziewczynka.W zestawie:195 element\u00f3w1 figurka pani Doktor<\/p>\n<h2>Sluban Klocki Bus Pogotowie Ambulans 195El. B0797 Sluban<\/h2>\n<p>wzory dyplom\u00f3w dyplomy do druku, cytaty korczaka, kolorowanki antystresowe, cytaty o przyja\u017ani \u015bmieszne, wr\u00f3zby andrzejkowe dla dzieci, desery dla dzieci, znaki drogowe do druku, by\u0142a sobie \u017cabka ma\u0142a tekst, zaproszenie na urodziny do druku pdf, zagadki o owocach, kr\u00f3tkie \u017cyczenia wielkanocne dla dzieci, rysunki do druku, szlaczki dla dzieci, prezent dla 7 latka, znaczenie imienia paula, lego ninjago kolorowanka, literki do nauki pisania do druku, cytaty rodzina, bajki dla niemowl\u0105t do czytania<\/p>\n<p>yyyyy<\/p>\n<p>&nbsp;<\/p>\n","protected":false},"excerpt":{"rendered":"<p>Sluban Klocki Ambulans Punkt Krwiodawstwa 195 el.W zestawie znajduje si\u0119 195 element\u00f3w, w tym figurka pani Doktor. Klocki umo\u017cliwiaj\u0105 zbudowanie ambulansu &#8211; mobilnego punktu krwiodawstwa.Kreatywny zestaw klock\u00f3w, kt\u00f3ry pozwoli dziewczynkom stworzy\u0107 w\u0142asny \u015bwiat zabawy. Zestaw klock\u00f3w dla dziewczynek jest wspania\u0142ym pomys\u0142em na sp\u0119dzenie czasu dla dzieci, kt\u00f3re lubi\u0105 sk\u0142ada\u0107 klocki oraz budowa\u0107 ro\u017cnego rodzaju konstrukcje. [&hellip;]<\/p>\n","protected":false},"featured_media":11760,"comment_status":"closed","ping_status":"open","template":"","meta":[],"product_cat":[113,513],"product_tag":[775,605,774,601],"class_list":["post-11759","product","type-product","status-publish","has-post-thumbnail","hentry","product_cat-klocki","product_cat-sluban","product_tag-kolorowanki-do-druku-pokemon","product_tag-milena","product_tag-prezent-na-roczek-nie-zabawka","product_tag-zagadki-co-to-jest"],"_links":{"self":[{"href":"http:\/\/klubmamgdynia.pl\/index.php\/wp-json\/wp\/v2\/product\/11759","targetHints":{"allow":["GET"]}}],"collection":[{"href":"http:\/\/klubmamgdynia.pl\/index.php\/wp-json\/wp\/v2\/product"}],"about":[{"href":"http:\/\/klubmamgdynia.pl\/index.php\/wp-json\/wp\/v2\/types\/product"}],"replies":[{"embeddable":true,"href":"http:\/\/klubmamgdynia.pl\/index.php\/wp-json\/wp\/v2\/comments?post=11759"}],"wp:featuredmedia":[{"embeddable":true,"href":"http:\/\/klubmamgdynia.pl\/index.php\/wp-json\/wp\/v2\/media\/11760"}],"wp:attachment":[{"href":"http:\/\/klubmamgdynia.pl\/index.php\/wp-json\/wp\/v2\/media?parent=11759"}],"wp:term":[{"taxonomy":"product_cat","embeddable":true,"href":"http:\/\/klubmamgdynia.pl\/index.php\/wp-json\/wp\/v2\/product_cat?post=11759"},{"taxonomy":"product_tag","embeddable":true,"href":"http:\/\/klubmamgdynia.pl\/index.php\/wp-json\/wp\/v2\/product_tag?post=11759"}],"curies":[{"name":"wp","href":"https:\/\/api.w.org\/{rel}","templated":true}]}}