{"id":11761,"date":"2020-01-30T21:36:13","date_gmt":"2020-01-30T20:36:13","guid":{"rendered":"http:\/\/klubmamgdynia.pl\/index.php\/produkt\/htc-u-ultra-64gb-bialy\/"},"modified":"2026-05-17T22:13:03","modified_gmt":"2026-05-17T20:13:03","slug":"htc-u-ultra-64gb-bialy","status":"publish","type":"product","link":"http:\/\/klubmamgdynia.pl\/index.php\/produkt\/htc-u-ultra-64gb-bialy\/","title":{"rendered":"HTC U Ultra 64GB Bia\u0142y"},"content":{"rendered":"<p>Wyra\u017a siebie z HTC U Ultra<\/p>\n<p>Poznaj HTC U Ultra. Smartfon z ekranem 5,7&#8243; stworzony specjalnie dla Ciebie. Podkre\u015bla Tw\u00f3j wizerunek wyszukanym wzornictwem, inspirowanym \u017cywio\u0142em wody. Stawia Ci\u0119 w centrum wydarze\u0144 poprzez szybki dost\u0119p do najwa\u017cniejszych informacji, dziel\u0105c je na dwa ekrany. Smartfon s\u0142ucha Ci\u0119, dopasowuj\u0105c d\u017awi\u0119k do Twoich uszu. Ucz\u0105c si\u0119 Twoich, zachowa\u0144 ewoluuje, staj\u0105c si\u0119 Twoim towarzyszem.                            <\/p>\n<p>            Wyszukana symetryczna obudowa<\/p>\n<p>HTC U Ultra prezentuje nowy, pi\u0119knie wyprofilowany kszta\u0142t i unikalnie g\u0142adk\u0105 powierzchni\u0119, kt\u00f3ra wyra\u017ca Ciebie. Docenisz symetryczn\u0105 obudow\u0119 telefonu i spos\u00f3b w jaki odbija \u015bwiat\u0142o podczas ruchu. Stworzyli\u015bmy ca\u0142kowicie nowy proces technologiczny, gdzie kolory wielu warstw szk\u0142a \u0142\u0105cz\u0105 si\u0119 i odbijaj\u0105 \u015bwiat\u0142o pod ka\u017cdym k\u0105tem. Szk\u0142o jest r\u00f3wnomiernie rozprowadzane wok\u00f3\u0142 kraw\u0119dzi za pomoc\u0105 wysokiego ci\u015bnienia i temperatury. Tym samym uzyskali\u015bmy doskona\u0142e po\u0142\u0105czenie pomi\u0119dzy metalem i szk\u0142em.                            <\/p>\n<p>            HTC Sense Companion<\/p>\n<p>HTC U Ultra uczy si\u0119 od Ciebie czynno\u015bci, kt\u00f3re wykonujesz na co dzie\u0144. Mo\u017ce sugerowa\u0107, \u017ceby\u015b ubra\u0142 si\u0119 cieplej i wyszed\u0142 troch\u0119 wcze\u015bniej do pracy, gdy prognozowane s\u0105 opady \u015bniegu, przypomni Ci o zabraniu power banka na d\u0142u\u017cszych wyjazd a nawet poleci Ci restauracj\u0119, gdy wyjedziesz na weekend, by nast\u0119pnie zarezerwowa\u0107 dla Ciebie stolik. A co najlepsze, ucz\u0105c si\u0119 Twoich zachowa\u0144 ewoluuje, staj\u0105c si\u0119 Twoim towarzyszem.HTC U Ultra wyposa\u017cony jest w funkcj\u0119 rozpoznawania g\u0142osu. Jest w stanie rozpozna\u0107 Tw\u00f3j g\u0142os i zareagowa\u0107. Wystarczy powiedzie\u0107 jedno s\u0142owo aby odblokowa\u0107 Tw\u00f3j telefon, odebra\u0107 lub odrzuci\u0107 przychodz\u0105ce po\u0142\u0105cznie, wyciszy\u0107 lub wy\u0142\u0105czy\u0107 alarm, wysy\u0142a\u0107 wiadomo\u015bci, a nawet bezdotykowo rozpocz\u0105\u0107 nawigacj\u0119.                            <\/p>\n<p>            Dodatkowy ekran powiadomie\u0144<\/p>\n<p>B\u0105d\u017a na bie\u017c\u0105co, bez zb\u0119dnego rozpraszania si\u0119. HTC U Ultra posiada dodatkowy drugi ekran, kt\u00f3ry dostarcza Ci informacji, kt\u00f3rych aktualnie potrzebujesz. Du\u017cy 5,7&#8243; wy\u015bwietlacz jest \u015bwietny do zwyk\u0142ych, codziennych aktywno\u015bci; podczas gdy drugi ekran jest idealny do szybkiego i wygodnego dost\u0119pu do rzeczy, z kt\u00f3rych korzystasz najcz\u0119\u015bciej &#8211; ulubione kontakty, skr\u00f3ty do aplikacji, powiadomienia o wydarzeniach i wiele innych.                            <\/p>\n<p>            Aktywna analiza d\u017awi\u0119kowa<\/p>\n<p>Ucho wewn\u0119trzne ka\u017cdego cz\u0142owieka jest r\u00f3wnie wyj\u0105tkowe, jak odciski jego palc\u00f3w. Wszyscy do\u015bwiadczamy brzmienia d\u017awi\u0119k\u00f3w inaczej. W\u0142asnie dlatego smatrtfon zosta\u0142 wyposa\u017cony w technologie HTC USonic, kt\u00f3ra analizuje twoje wewn\u0119trzne uszy za pomoc\u0105 impulsu d\u017awi\u0119kowego, a nast\u0119pnie dostosowuje si\u0119 do Ciebie. To tak, jakby\u015b mia\u0142 in\u017cyniera d\u017awi\u0119ku w swoim telefonie. Teraz mo\u017cesz us\u0142ysze\u0107 szczeg\u00f3\u0142y, kt\u00f3rych Ci brakowa\u0142o.                            <\/p>\n<p>            Cztery mikrofony wielokierunkowe<\/p>\n<p>HTC U Ultra wyposa\u017cony jest w cztery niezwykle czu\u0142e mikrofony wielokierunkowe, kt\u00f3re wychwyc\u0105 ka\u017cdy d\u017awi\u0119k podczas nagra\u0144 video i audio. Oznacza to, \u017ce teraz mo\u017cesz nagrywa\u0107 d\u017awi\u0119k w 360\u00b0 sprawiaj\u0105cy wra\u017cenie jakby\u015b tam by\u0142. To przysz\u0142o\u015b\u0107 rejestracji d\u017awi\u0119ku                            <\/p>\n<p>            Doskona\u0142y aparat jeszcze bardziej ulepszony<\/p>\n<p>Aparat HTC U Ultra jest udoskonaleniem uznanego i najwy\u017cej ocenianego aparatu z modelu HTC 10. Dzi\u0119ki niemu uzyskasz zdj\u0119cia z mniejszym rozmyciem, ni\u017c by\u0142o to mo\u017cliwe kiedykolwiek wcze\u015bniej. Superszybkie laserowe ustawienie ostro\u015bci oraz nowy Phase Detection Auto Focus (PDAF) pozwol\u0105 uchwyci\u0107 ka\u017cd\u0105 chwil\u0119. Wi\u0119ksze piksele, \u0142api\u0105c wi\u0119cej \u015bwiat\u0142a, pozwol\u0105 na lepsze fotografowanie w nocy. Ciemno\u015b\u0107 przesta\u0142a by\u0107 ograniczeniem.                            <\/p>\n<p>            Uosobienie perfekcji<\/p>\n<p>Nowy aparat przedni w HTC U Ultra pozwala z \u0142atwo\u015bci\u0105 prze\u0142\u0105cza\u0107 si\u0119 mi\u0119dzy 16Mpix i UltraPixel\u2122. Teraz mo\u017cna wybra\u0107 pomi\u0119dzy czterokrotnie wi\u0119ksz\u0105 czu\u0142o\u015bci\u0105 matrycy, kt\u00f3r\u0105 gwarantuje UltraPixel a wysok\u0105 rozdzielczo\u015bci\u0105, kt\u00f3r\u0105 zapewnia matryca 16MPX.<\/p>\n<h2>HTC U Ultra 64GB Bia\u0142y HTC<\/h2>\n<p>imiona dla ch\u0142opc\u00f3w, quiz znaki drogowe, quiz stolice europy, prezent dla 7 latka, miastodzieci, \u0142atwe laurki<\/p>\n<p>yyyyy<\/p>\n<p>&nbsp;<\/p>\n","protected":false},"excerpt":{"rendered":"<p>Wyra\u017a siebie z HTC U Ultra Poznaj HTC U Ultra. Smartfon z ekranem 5,7&#8243; stworzony specjalnie dla Ciebie. Podkre\u015bla Tw\u00f3j wizerunek wyszukanym wzornictwem, inspirowanym \u017cywio\u0142em wody. Stawia Ci\u0119 w centrum wydarze\u0144 poprzez szybki dost\u0119p do najwa\u017cniejszych informacji, dziel\u0105c je na dwa ekrany. Smartfon s\u0142ucha Ci\u0119, dopasowuj\u0105c d\u017awi\u0119k do Twoich uszu. Ucz\u0105c si\u0119 Twoich, zachowa\u0144 ewoluuje, [&hellip;]<\/p>\n","protected":false},"featured_media":11762,"comment_status":"closed","ping_status":"open","template":"","meta":[],"product_cat":[1385,2069],"product_tag":[727,617,847,600],"class_list":["post-11761","product","type-product","status-publish","has-post-thumbnail","hentry","product_cat-htc","product_cat-smartfony","product_tag-godlo-polski-do-druku","product_tag-keyword","product_tag-kolorowanki-pokemon","product_tag-zaproszenia-na-urodziny-do-druku"],"_links":{"self":[{"href":"http:\/\/klubmamgdynia.pl\/index.php\/wp-json\/wp\/v2\/product\/11761","targetHints":{"allow":["GET"]}}],"collection":[{"href":"http:\/\/klubmamgdynia.pl\/index.php\/wp-json\/wp\/v2\/product"}],"about":[{"href":"http:\/\/klubmamgdynia.pl\/index.php\/wp-json\/wp\/v2\/types\/product"}],"replies":[{"embeddable":true,"href":"http:\/\/klubmamgdynia.pl\/index.php\/wp-json\/wp\/v2\/comments?post=11761"}],"wp:featuredmedia":[{"embeddable":true,"href":"http:\/\/klubmamgdynia.pl\/index.php\/wp-json\/wp\/v2\/media\/11762"}],"wp:attachment":[{"href":"http:\/\/klubmamgdynia.pl\/index.php\/wp-json\/wp\/v2\/media?parent=11761"}],"wp:term":[{"taxonomy":"product_cat","embeddable":true,"href":"http:\/\/klubmamgdynia.pl\/index.php\/wp-json\/wp\/v2\/product_cat?post=11761"},{"taxonomy":"product_tag","embeddable":true,"href":"http:\/\/klubmamgdynia.pl\/index.php\/wp-json\/wp\/v2\/product_tag?post=11761"}],"curies":[{"name":"wp","href":"https:\/\/api.w.org\/{rel}","templated":true}]}}