{"id":11765,"date":"2021-07-28T07:25:16","date_gmt":"2021-07-28T05:25:16","guid":{"rendered":"http:\/\/klubmamgdynia.pl\/index.php\/produkt\/barbie-pediatra-zestaw-brunetka-gkh24\/"},"modified":"2026-04-30T14:53:23","modified_gmt":"2026-04-30T12:53:23","slug":"barbie-pediatra-zestaw-brunetka-gkh24","status":"publish","type":"product","link":"http:\/\/klubmamgdynia.pl\/index.php\/produkt\/barbie-pediatra-zestaw-brunetka-gkh24\/","title":{"rendered":"Barbie Pediatra zestaw brunetka GKH24"},"content":{"rendered":"<p>Naucz si\u0119 troszczy\u0107 o innych z zestawem do zabawy Barbie Pediatra! Je\u015bli uwielbiasz zajmowa\u0107 si\u0119 maluchami, mo\u017cesz zrobi\u0107 karier\u0119 jako pediatra, bo kiedy bawisz si\u0119 Barbie, mo\u017cesz by\u0107 kim chcesz! W tym zestawie do zabawy znajdziesz lalk\u0119 Barbie Pediatr\u0119 z dwoma uroczymi ma\u0142ymi pacjentami i stanowiskiem lekarskim! Pediatrzy s\u0105 m\u0105drzy i opieku\u0144czy oraz dbaj\u0105 o to, by ich mali pacjenci byli zdrowi i szcz\u0119\u015bliwi.                            <\/p>\n<p>Dzi\u0119ki zestawowi do zabawy Barbie\u00ae Pediatra i Ty mo\u017cesz leczy\u0107 dzieci!                            <\/p>\n<p>W zestawie znajduj\u0105 si\u0119: stanowisko do bada\u0144, lalka Barbie\u00ae Pediatra, 2 urocze ma\u0142e lalki pacjenci oraz akcesoria do zabawy w badania i opiek\u0119                            <\/p>\n<p>\u00a0 \u00a0 \u00a0Lalka Barbie Pediatra w jasnozielonym stroju lekarskim i ze stetoskopem na szyi jest gotowa zajmowa\u0107 si\u0119 ma\u0142ymi pacjentami. Barbie\u00ae \u201enotuje\u201d w karcie pacjenta, \u017ce maluchy s\u0105 zdrowe!                            <\/p>\n<p>Elementy do zabawy to st\u00f3\u0142 do bada\u0144 z butelk\u0105 \u201ebalsamu\u201d i innymi akcesoriami, karuzelk\u0105 i dwoma przezroczystymi miejscami dla ma\u0142ych lalek.                            <\/p>\n<p>Wkrocz do \u015bwiata kreatywnej zabawy i wyj\u0105tkowych opowie\u015bci z zestawem do zabawy Barbie\u00ae Pediatra!<\/p>\n<h2>Barbie Pediatra zestaw brunetka GKH24 Barbie<\/h2>\n<p>ka\u0142u\u017cy\u015bci, chase kolorowanka, testy katarynka, zaproszenia na urodziny do wydruku czarno bia\u0142e, karty pracy po ukrai\u0144sku, quiz o polsce dla dzieci, pomys\u0142 na prezent dla 7 latki, prima aprilis zarty, w uk\u0142adzie s\u0142onecznym, ma\u0142y ksi\u0105\u017ce cytaty, test z dynastii mizio\u0142k\u00f3w, trudne zagadki dla doros\u0142ych, wiersz o wakacjach, cytaty o wychowaniu dzieci, peppa do druku, pozytywne cytaty mama cytaty, quizy i zagadki wielkanocne<\/p>\n<p>yyyyy<\/p>\n<p>&nbsp;<\/p>\n","protected":false},"excerpt":{"rendered":"<p>Naucz si\u0119 troszczy\u0107 o innych z zestawem do zabawy Barbie Pediatra! Je\u015bli uwielbiasz zajmowa\u0107 si\u0119 maluchami, mo\u017cesz zrobi\u0107 karier\u0119 jako pediatra, bo kiedy bawisz si\u0119 Barbie, mo\u017cesz by\u0107 kim chcesz! W tym zestawie do zabawy znajdziesz lalk\u0119 Barbie Pediatr\u0119 z dwoma uroczymi ma\u0142ymi pacjentami i stanowiskiem lekarskim! Pediatrzy s\u0105 m\u0105drzy i opieku\u0144czy oraz dbaj\u0105 o [&hellip;]<\/p>\n","protected":false},"featured_media":11766,"comment_status":"closed","ping_status":"open","template":"","meta":[],"product_cat":[173,65],"product_tag":[650,598,695,661,710,600],"class_list":["post-11765","product","type-product","status-publish","has-post-thumbnail","hentry","product_cat-barbie","product_cat-lalki","product_tag-choinka-z-bibuly","product_tag-co-na-roczek-dla-dziewczynki","product_tag-rzadkie-imiona-zenskie","product_tag-swinka-peppa-kolorowanka","product_tag-zagadki-dla-dzieci-10-12-lat","product_tag-zaproszenia-na-urodziny-do-druku"],"_links":{"self":[{"href":"http:\/\/klubmamgdynia.pl\/index.php\/wp-json\/wp\/v2\/product\/11765","targetHints":{"allow":["GET"]}}],"collection":[{"href":"http:\/\/klubmamgdynia.pl\/index.php\/wp-json\/wp\/v2\/product"}],"about":[{"href":"http:\/\/klubmamgdynia.pl\/index.php\/wp-json\/wp\/v2\/types\/product"}],"replies":[{"embeddable":true,"href":"http:\/\/klubmamgdynia.pl\/index.php\/wp-json\/wp\/v2\/comments?post=11765"}],"wp:featuredmedia":[{"embeddable":true,"href":"http:\/\/klubmamgdynia.pl\/index.php\/wp-json\/wp\/v2\/media\/11766"}],"wp:attachment":[{"href":"http:\/\/klubmamgdynia.pl\/index.php\/wp-json\/wp\/v2\/media?parent=11765"}],"wp:term":[{"taxonomy":"product_cat","embeddable":true,"href":"http:\/\/klubmamgdynia.pl\/index.php\/wp-json\/wp\/v2\/product_cat?post=11765"},{"taxonomy":"product_tag","embeddable":true,"href":"http:\/\/klubmamgdynia.pl\/index.php\/wp-json\/wp\/v2\/product_tag?post=11765"}],"curies":[{"name":"wp","href":"https:\/\/api.w.org\/{rel}","templated":true}]}}