{"id":11767,"date":"2022-01-02T02:48:16","date_gmt":"2022-01-02T01:48:16","guid":{"rendered":"http:\/\/klubmamgdynia.pl\/index.php\/produkt\/tropico-4-digital\/"},"modified":"2026-04-05T21:15:57","modified_gmt":"2026-04-05T19:15:57","slug":"tropico-4-digital","status":"publish","type":"product","link":"http:\/\/klubmamgdynia.pl\/index.php\/produkt\/tropico-4-digital\/","title":{"rendered":"Tropico 4 (Digital)"},"content":{"rendered":"<p>\u015awiat si\u0119 zmienia, a Tropico porusza si\u0119 z duchem czasu &#8211; moce geograficzne rosn\u0105 i spadaj\u0105, a rynek \u015bwiatowy jest zdominowany przez nowych graczy z nowymi wymaganiami i ofertami &#8211; a ty, jako El Presidente, napotykasz ca\u0142y szereg nowych wyzwa\u0144. Je\u015bli chcesz zatriumfowa\u0107 nad krytykantami, musisz zdoby\u0107 jak najwi\u0119cej wsparcia ze strony twoich ludzi. Twoje decyzje b\u0119d\u0105 kszta\u0142towa\u0107 przysz\u0142o\u015b\u0107 twojego kraju, i, co wa\u017cniejsze, wielko\u015b\u0107 twojego konta bankowego. Tropico 4 rozszerza rozgrywk\u0119 z poprzedniej gry o nowe polityczne dodatki &#8211; w tym o wi\u0119cej supermocarstw, z kt\u00f3rymi mo\u017cna negocjowa\u0107, wraz z mo\u017cliwo\u015bci\u0105 wyboru ministr\u00f3w do w\u0142adzy, aby pom\u00f3c w podj\u0119ciu bardziej kontrowersyjnej polityki. Ale pami\u0119taj, aby trzyma\u0107 swoich przyjaci\u00f3\u0142 blisko i wrog\u00f3w bli\u017cej, poniewa\u017c ka\u017cdy ma plan! Twoja polityczna determinacja zostanie gruntownie przetestowana, poniewa\u017c nowe kl\u0119ski \u017cywio\u0142owe sprawi\u0105, \u017ce ludzie b\u0119d\u0105 domagali si\u0119 ciebie i twojego gabinetu, aby pom\u00f3c im w odzyskaniu si\u0142 od najgorszych, jakie mo\u017ce zaoferowa\u0107 Matka Natura. Kluczowe cechy:- Nowa kampania sk\u0142adaj\u0105ca si\u0119 z 20 misji na 10 nowych mapach.- 20 nowych budynk\u00f3w, w tym gie\u0142da, centrum handlowe, park wodny i Mauzoleum do El Presidente.- Sze\u015b\u0107 nowych interaktywnych katastrof, w tym wulkany, susze i tornada.- Rada Ministr\u00f3w &#8211; obywatele mog\u0105 by\u0107 wybierani na stanowiska ministerialne w rz\u0105dzie, aby pom\u00f3c przeforsowa\u0107 wasze bardziej kontrowersyjne decyzje.- Agenda Narodowa &#8211; otrzymuj cele od frakcji Tropican, zagranicznych si\u0142 geopolitycznych lub mo\u017cliwo\u015bci zwi\u0105zanych z bie\u017c\u0105cymi wydarzeniami na wyspach, takimi jak trwaj\u0105ce katastrofy.- System handlu &#8211; importuj i eksportuj towary do \/ z innych kraj\u00f3w, aby zwi\u0119kszy\u0107 swoj\u0105 gospodark\u0119 lub produkcj\u0119<\/p>\n<h2>Tropico 4 (Digital) Kalypso Media<\/h2>\n<p>niech \u017cyj\u0105 wakacje tekst, znaczenie imiona monika, cytaty o wychowaniu dzieci, prezent dla siedemnastolatka, bajki dla ch\u0142opc\u00f3w do czytania, darmowe bajki dla dzieci, zabawka dla rocznej dziewczynki, karyna, lol surprise kolorowanki, miko\u0142ajek sprawdzian z lektury z odpowiedziami, kolorowe kanapki kanapki dla dzieci, gry ruchowe dla dzieci, znaczenie imiona pola, zyczenia walentynkowe dla dzieci, cytaty o wychowaniu dzieci, imie aron, kwiaty polne nazwy<\/p>\n<p>yyyyy<\/p>\n<p>&nbsp;<\/p>\n","protected":false},"excerpt":{"rendered":"<p>\u015awiat si\u0119 zmienia, a Tropico porusza si\u0119 z duchem czasu &#8211; moce geograficzne rosn\u0105 i spadaj\u0105, a rynek \u015bwiatowy jest zdominowany przez nowych graczy z nowymi wymaganiami i ofertami &#8211; a ty, jako El Presidente, napotykasz ca\u0142y szereg nowych wyzwa\u0144. Je\u015bli chcesz zatriumfowa\u0107 nad krytykantami, musisz zdoby\u0107 jak najwi\u0119cej wsparcia ze strony twoich ludzi. Twoje [&hellip;]<\/p>\n","protected":false},"featured_media":11768,"comment_status":"closed","ping_status":"open","template":"","meta":[],"product_cat":[352,444],"product_tag":[819,763,578,679],"class_list":["post-11767","product","type-product","status-publish","has-post-thumbnail","hentry","product_cat-gry-do-pobrania-na-pc","product_cat-kalypso-media","product_tag-co-kupic-nastolatce-na-swieta","product_tag-fabian","product_tag-fajne-zarty-na-prima-aprilis","product_tag-zabawki-na-roczek-dla-dziewczynki"],"_links":{"self":[{"href":"http:\/\/klubmamgdynia.pl\/index.php\/wp-json\/wp\/v2\/product\/11767","targetHints":{"allow":["GET"]}}],"collection":[{"href":"http:\/\/klubmamgdynia.pl\/index.php\/wp-json\/wp\/v2\/product"}],"about":[{"href":"http:\/\/klubmamgdynia.pl\/index.php\/wp-json\/wp\/v2\/types\/product"}],"replies":[{"embeddable":true,"href":"http:\/\/klubmamgdynia.pl\/index.php\/wp-json\/wp\/v2\/comments?post=11767"}],"wp:featuredmedia":[{"embeddable":true,"href":"http:\/\/klubmamgdynia.pl\/index.php\/wp-json\/wp\/v2\/media\/11768"}],"wp:attachment":[{"href":"http:\/\/klubmamgdynia.pl\/index.php\/wp-json\/wp\/v2\/media?parent=11767"}],"wp:term":[{"taxonomy":"product_cat","embeddable":true,"href":"http:\/\/klubmamgdynia.pl\/index.php\/wp-json\/wp\/v2\/product_cat?post=11767"},{"taxonomy":"product_tag","embeddable":true,"href":"http:\/\/klubmamgdynia.pl\/index.php\/wp-json\/wp\/v2\/product_tag?post=11767"}],"curies":[{"name":"wp","href":"https:\/\/api.w.org\/{rel}","templated":true}]}}