{"id":11771,"date":"2025-04-20T08:51:37","date_gmt":"2025-04-20T06:51:37","guid":{"rendered":"http:\/\/klubmamgdynia.pl\/?post_type=product&#038;p=11771"},"modified":"2026-05-17T23:15:52","modified_gmt":"2026-05-17T21:15:52","slug":"nihilumbra-digital","status":"publish","type":"product","link":"http:\/\/klubmamgdynia.pl\/index.php\/produkt\/nihilumbra-digital\/","title":{"rendered":"Nihilumbra (Digital)"},"content":{"rendered":"<p>Kupuj\u0105c gr\u0119 soundtrack otrzymasz gratis.Pi\u0119kna przygoda w poszukiwaniu samego siebieWciel si\u0119 w zrodzonego z nico\u015bci Borna, kt\u00f3remu udaje si\u0119 uciec z pustki i pojawi\u0107 w fantastycznym \u015bwiecie Nihilumbra. Uciekaj\u0105c przed swym przeznaczeniem musisz stawi\u0107 czo\u0142a czekaj\u0105cym Ci\u0119 wyzwaniom. Rozwi\u0105zuj\u0105c napotykane \u0142amig\u0142\u00f3wki wykorzystasz umiej\u0119tno\u015b\u0107 czerpania mocy z otaczaj\u0105cych Ci\u0119 kolor\u00f3w (np. niebieski powoduje, \u017ce powierzchnia staje si\u0119 \u015bliska, a br\u0105zowy \u2013 klej\u0105ca).Charakterystyczne cechy gry:\u0142\u0105czy elementy platform\u00f3wki, przygot\u00f3wki i gry logiczneju\u017cywaj kolor\u00f3w, aby zmienia\u0107 fizyk\u0119 pod\u0142o\u017cakszta\u0142tuj zr\u00f3\u017cnicowane \u015bwiaty wed\u0142ug w\u0142asnych potrzebniesamowity soundtrack autorstwa \u00c1lvaro Lafuentewci\u0105gaj\u0105ca i poruszaj\u0105ca fabu\u0142a<\/p>\n<h2>Nihilumbra (Digital) Techland<\/h2>\n<p>plac zabaw warszawa, znaki drogowe quiz, szablon choinki do wydruku, marcel znaczenie imienia, m\u0105dre cytaty dla dzieci, liwia znaczenie imienia, quiz z ma\u0142ego ksi\u0119cia, malowanie kamieni, opowie\u015b\u0107 wigilijna test z odpowiedziami, el\u017cbieta imi\u0119, jak narysowa\u0107 anio\u0142ka, dobre zagadki logiczne, atrakcje dla dzieci pozna\u0144 2021, wiersze \u0142ama\u0144ce j\u0119zykowe dla dzieci, filmy animowane o \u015bwi\u0119tach, fajne \u017carty na prima aprilis, peppa kolorowanka, bajka o smoku wawelskim, jad\u0105 jad\u0105 misie tekst, harry potter kolorowanka, liwia znaczenie imienia<\/p>\n<p>yyyyy<\/p>\n<p>&nbsp;<\/p>\n","protected":false},"excerpt":{"rendered":"<p>Kupuj\u0105c gr\u0119 soundtrack otrzymasz gratis.Pi\u0119kna przygoda w poszukiwaniu samego siebieWciel si\u0119 w zrodzonego z nico\u015bci Borna, kt\u00f3remu udaje si\u0119 uciec z pustki i pojawi\u0107 w fantastycznym \u015bwiecie Nihilumbra. Uciekaj\u0105c przed swym przeznaczeniem musisz stawi\u0107 czo\u0142a czekaj\u0105cym Ci\u0119 wyzwaniom. Rozwi\u0105zuj\u0105c napotykane \u0142amig\u0142\u00f3wki wykorzystasz umiej\u0119tno\u015b\u0107 czerpania mocy z otaczaj\u0105cych Ci\u0119 kolor\u00f3w (np. niebieski powoduje, \u017ce powierzchnia staje [&hellip;]<\/p>\n","protected":false},"featured_media":11772,"comment_status":"closed","ping_status":"open","template":"","meta":[],"product_cat":[352,360],"product_tag":[861,594,687,796],"class_list":["post-11771","product","type-product","status-publish","has-post-thumbnail","hentry","product_cat-gry-do-pobrania-na-pc","product_cat-techland","product_tag-jak-narysowac-psa","product_tag-podchwytliwe-zagadki-dla-dzieci","product_tag-podchwytliwe-zagadki-matematyczne","product_tag-zagatki"],"_links":{"self":[{"href":"http:\/\/klubmamgdynia.pl\/index.php\/wp-json\/wp\/v2\/product\/11771","targetHints":{"allow":["GET"]}}],"collection":[{"href":"http:\/\/klubmamgdynia.pl\/index.php\/wp-json\/wp\/v2\/product"}],"about":[{"href":"http:\/\/klubmamgdynia.pl\/index.php\/wp-json\/wp\/v2\/types\/product"}],"replies":[{"embeddable":true,"href":"http:\/\/klubmamgdynia.pl\/index.php\/wp-json\/wp\/v2\/comments?post=11771"}],"wp:featuredmedia":[{"embeddable":true,"href":"http:\/\/klubmamgdynia.pl\/index.php\/wp-json\/wp\/v2\/media\/11772"}],"wp:attachment":[{"href":"http:\/\/klubmamgdynia.pl\/index.php\/wp-json\/wp\/v2\/media?parent=11771"}],"wp:term":[{"taxonomy":"product_cat","embeddable":true,"href":"http:\/\/klubmamgdynia.pl\/index.php\/wp-json\/wp\/v2\/product_cat?post=11771"},{"taxonomy":"product_tag","embeddable":true,"href":"http:\/\/klubmamgdynia.pl\/index.php\/wp-json\/wp\/v2\/product_tag?post=11771"}],"curies":[{"name":"wp","href":"https:\/\/api.w.org\/{rel}","templated":true}]}}